{"id":1704,"date":"2022-04-05T13:07:39","date_gmt":"2022-04-05T13:07:39","guid":{"rendered":"https:\/\/precisebag.com\/?post_type=product&#038;p=1704"},"modified":"2022-04-05T13:07:40","modified_gmt":"2022-04-05T13:07:40","slug":"paper-shopping-bag","status":"publish","type":"product","link":"https:\/\/precisebag.com\/fr\/produit\/paper-shopping-bag\/","title":{"rendered":"Sac \u00e0 provisions en papier"},"content":{"rendered":"<p>L&#039;histoire des sacs en papier est longue et complexe. Pendant de nombreuses ann\u00e9es, les gens ont utilis\u00e9 du tissu ou du jute pour emballer leurs marchandises dans un sac - mais de nos jours, nous constatons que la plupart des d\u00e9taillants pr\u00e9f\u00e8rent utiliser les alternatives les plus respectueuses de l&#039;environnement : \u00e0 savoir celles fabriqu\u00e9es \u00e0 partir de mat\u00e9riaux recycl\u00e9s comme les journaux !<\/p>\n<p><strong>Description du produit<\/strong><br \/>\nLe sac d&#039;\u00e9picerie en papier est un sac \u00e9cologique depuis de nombreuses ann\u00e9es. Il y a longtemps, les gens utilisaient des sacs en tissu et en jute pour emballer les marchandises. Pour les petites marchandises, les d\u00e9taillants aimeraient utiliser le sac en papier pour mettre des marchandises, comme un magasin de bonbons, des vendeurs, des boulangers, etc.<\/p>\n<p>Compar\u00e9 au sac en plastique ou au sac non tiss\u00e9, le sac en papier est plus id\u00e9al pour imprimer des images de haute qualit\u00e9, un message promotionnel et un logo. Le sac en papier est donc \u00e0 la mode et au luxe en certaines occasions. Cependant, la contribution du sac \u00e0 provisions en papier dans les affaires a \u00e9t\u00e9 progressivement ignor\u00e9e en raison du sac en plastique. Le sac en plastique est plus durable et solide. En fait, au fil du temps, les effets n\u00e9fastes du plastique ont \u00e9merg\u00e9. Le sac en plastique n&#039;est pas biod\u00e9gradable, il endommagera donc l&#039;oc\u00e9an, la terre et l&#039;environnement. Les gens recommencent \u00e0 utiliser des sacs en papier.<\/p>\n<p>La mati\u00e8re premi\u00e8re du sac en papier n&#039;est pas seulement fabriqu\u00e9e \u00e0 partir d&#039;arbres, mais peut \u00e9galement \u00eatre la bagasse et la paille, les excr\u00e9ments d&#039;\u00e9l\u00e9phants et d&#039;autres produits environnementaux. Les fibres de paille peuvent \u00eatre utilis\u00e9es pour fabriquer des sacs en papier. Dans un sens, le sac en papier est \u00e9galement \u00e9cologique.<\/p>\n<p>Vous pouvez y mettre directement les aliments, les l\u00e9gumes et les fruits. Le sac \u00e0 provisions Brown Kraft est r\u00e9utilisable et compostable, et fabriqu\u00e9 sans aucun produit chimique nocif ni agent de blanchiment. Ces sacs \u00e0 provisions Kraft avec poign\u00e9es torsad\u00e9es en papier sont recycl\u00e9s 100% et r\u00e9pondent aux exigences de la plupart des zones o\u00f9 les sacs en plastique sont interdits. C&#039;est une excellente alternative aux sacs en plastique traditionnels.<\/p>\n<p>Vous pouvez imprimer un logo et une image personnalis\u00e9s dessus pour annoncer votre magasin, ou en faire un simple. La couleur marron naturelle de ce sac est suffisamment polyvalente pour correspondre \u00e0 la d\u00e9coration ou \u00e0 la palette de couleurs de n&#039;importe quel magasin.<\/p>\n<p>La construction et les poign\u00e9es verticales torsad\u00e9es du sac \u00e0 provisions en papier les rendent suffisamment robustes pour votre produit et suffisamment solides pour que vos clients puissent les r\u00e9utiliser.<\/p>\n<p><strong>sp\u00e9cification<\/strong><\/p>\n<div class=\"table_wrap\">\n<table border=\"1\" cellspacing=\"0\">\n<tbody>\n<tr>\n<td valign=\"top\" width=\"284\">Mat\u00e9riel<\/td>\n<td valign=\"top\" width=\"284\">Papier<\/td>\n<\/tr>\n<tr>\n<td valign=\"top\" width=\"284\">Logo<\/td>\n<td valign=\"top\" width=\"284\">Accepter<\/td>\n<\/tr>\n<tr>\n<td valign=\"top\" width=\"284\">Taille<\/td>\n<td valign=\"top\" width=\"284\">Taille standard ou sur mesure<\/td>\n<\/tr>\n<tr>\n<td valign=\"top\" width=\"284\">MOQ<\/td>\n<td valign=\"top\" width=\"284\">1000<\/td>\n<\/tr>\n<tr>\n<td valign=\"top\" width=\"284\">Usage<\/td>\n<td valign=\"top\" width=\"284\">Achats<\/td>\n<\/tr>\n<\/tbody>\n<\/table>\n<\/div>\n<div class=\"clear\"><\/div>","protected":false},"excerpt":{"rendered":"<p>L&#039;histoire des sacs en papier est longue et complexe. Pendant de nombreuses ann\u00e9es, les gens ont utilis\u00e9 du tissu ou du jute pour emballer leurs marchandises dans un sac - mais de nos jours, nous constatons que la plupart des d\u00e9taillants pr\u00e9f\u00e8rent utiliser les alternatives les plus respectueuses de l&#039;environnement : \u00e0 savoir celles fabriqu\u00e9es \u00e0 partir de mat\u00e9riaux recycl\u00e9s comme les journaux !<\/p>\n<p><strong>sp\u00e9cification<\/strong><\/p>\n<div class=\"table_wrap\">\n<table border=\"1\" cellspacing=\"0\">\n<tbody>\n<tr>\n<td valign=\"top\" width=\"284\">Mat\u00e9riel<\/td>\n<td valign=\"top\" width=\"284\">Papier<\/td>\n<\/tr>\n<tr>\n<td valign=\"top\" width=\"284\">Logo<\/td>\n<td valign=\"top\" width=\"284\">Accepter<\/td>\n<\/tr>\n<tr>\n<td valign=\"top\" width=\"284\">Taille<\/td>\n<td valign=\"top\" width=\"284\">Taille standard ou sur mesure<\/td>\n<\/tr>\n<tr>\n<td valign=\"top\" width=\"284\">MOQ<\/td>\n<td valign=\"top\" width=\"284\">1000<\/td>\n<\/tr>\n<tr>\n<td valign=\"top\" width=\"284\">Usage<\/td>\n<td valign=\"top\" width=\"284\">Achats<\/td>\n<\/tr>\n<\/tbody>\n<\/table>\n<\/div>","protected":false},"featured_media":1706,"comment_status":"closed","ping_status":"closed","template":"","meta":{"_seopress_robots_primary_cat":"","_seopress_titles_title":"","_seopress_titles_desc":"","_seopress_robots_index":"","site-sidebar-layout":"default","site-content-layout":"default","ast-site-content-layout":"default","site-content-style":"default","site-sidebar-style":"default","ast-global-header-display":"","ast-banner-title-visibility":"","ast-main-header-display":"","ast-hfb-above-header-display":"","ast-hfb-below-header-display":"","ast-hfb-mobile-header-display":"","site-post-title":"","ast-breadcrumbs-content":"","ast-featured-img":"","footer-sml-layout":"","theme-transparent-header-meta":"default","adv-header-id-meta":"","stick-header-meta":"","header-above-stick-meta":"","header-main-stick-meta":"","header-below-stick-meta":"","astra-migrate-meta-layouts":"default","ast-page-background-enabled":"default","ast-page-background-meta":{"desktop":{"background-color":"","background-image":"","background-repeat":"repeat","background-position":"center center","background-size":"auto","background-attachment":"scroll","background-type":"","background-media":"","overlay-type":"","overlay-color":"","overlay-opacity":"","overlay-gradient":""},"tablet":{"background-color":"","background-image":"","background-repeat":"repeat","background-position":"center center","background-size":"auto","background-attachment":"scroll","background-type":"","background-media":"","overlay-type":"","overlay-color":"","overlay-opacity":"","overlay-gradient":""},"mobile":{"background-color":"","background-image":"","background-repeat":"repeat","background-position":"center center","background-size":"auto","background-attachment":"scroll","background-type":"","background-media":"","overlay-type":"","overlay-color":"","overlay-opacity":"","overlay-gradient":""}},"ast-content-background-meta":{"desktop":{"background-color":"var(--ast-global-color-5)","background-image":"","background-repeat":"repeat","background-position":"center center","background-size":"auto","background-attachment":"scroll","background-type":"","background-media":"","overlay-type":"","overlay-color":"","overlay-opacity":"","overlay-gradient":""},"tablet":{"background-color":"var(--ast-global-color-5)","background-image":"","background-repeat":"repeat","background-position":"center center","background-size":"auto","background-attachment":"scroll","background-type":"","background-media":"","overlay-type":"","overlay-color":"","overlay-opacity":"","overlay-gradient":""},"mobile":{"background-color":"var(--ast-global-color-5)","background-image":"","background-repeat":"repeat","background-position":"center center","background-size":"auto","background-attachment":"scroll","background-type":"","background-media":"","overlay-type":"","overlay-color":"","overlay-opacity":"","overlay-gradient":""}}},"product_brand":[],"product_cat":[38],"product_tag":[],"class_list":{"0":"post-1704","1":"product","2":"type-product","3":"status-publish","4":"has-post-thumbnail","6":"product_cat-shoppingbag","7":"desktop-align-left","8":"tablet-align-left","9":"mobile-align-left","11":"first","12":"instock","13":"shipping-taxable","14":"product-type-simple"},"_links":{"self":[{"href":"https:\/\/precisebag.com\/fr\/wp-json\/wp\/v2\/product\/1704","targetHints":{"allow":["GET"]}}],"collection":[{"href":"https:\/\/precisebag.com\/fr\/wp-json\/wp\/v2\/product"}],"about":[{"href":"https:\/\/precisebag.com\/fr\/wp-json\/wp\/v2\/types\/product"}],"replies":[{"embeddable":true,"href":"https:\/\/precisebag.com\/fr\/wp-json\/wp\/v2\/comments?post=1704"}],"wp:featuredmedia":[{"embeddable":true,"href":"https:\/\/precisebag.com\/fr\/wp-json\/wp\/v2\/media\/1706"}],"wp:attachment":[{"href":"https:\/\/precisebag.com\/fr\/wp-json\/wp\/v2\/media?parent=1704"}],"wp:term":[{"taxonomy":"product_brand","embeddable":true,"href":"https:\/\/precisebag.com\/fr\/wp-json\/wp\/v2\/product_brand?post=1704"},{"taxonomy":"product_cat","embeddable":true,"href":"https:\/\/precisebag.com\/fr\/wp-json\/wp\/v2\/product_cat?post=1704"},{"taxonomy":"product_tag","embeddable":true,"href":"https:\/\/precisebag.com\/fr\/wp-json\/wp\/v2\/product_tag?post=1704"}],"curies":[{"name":"wp","href":"https:\/\/api.w.org\/{rel}","templated":true}]}}