{"id":1709,"date":"2022-04-05T13:16:47","date_gmt":"2022-04-05T13:16:47","guid":{"rendered":"https:\/\/precisebag.com\/?post_type=product&#038;p=1709"},"modified":"2022-04-05T13:16:48","modified_gmt":"2022-04-05T13:16:48","slug":"laminated-non-woven-bag","status":"publish","type":"product","link":"https:\/\/precisebag.com\/fr\/produit\/laminated-non-woven-bag\/","title":{"rendered":"Sac non tiss\u00e9 lamin\u00e9"},"content":{"rendered":"<p>Ce sac \u00e0 provisions non tiss\u00e9 lamin\u00e9 est le choix parfait pour tout magasin qui vend des produits de beaut\u00e9, des livres ou de l&#039;artisanat. Il peut contenir confortablement jusqu&#039;\u00e0 quatre coupons Shopping Places et a un design attrayant pour qu&#039;il ne se perde pas dans vos sacs de tous les jours\u00a0!<\/p>\n<p><strong>Description du produit<\/strong><br \/>\nSi vous voulez un sac shopping, ce sac non tiss\u00e9 lamin\u00e9 est parfait pour vous. Il peut \u00eatre utilis\u00e9 dans les fournitures de beaut\u00e9, les livres, les magasins d&#039;artisanat, les cartes, les magasins de cadeaux, les magasins de v\u00eatements, les grands magasins, les magasins de restauration rapide, les magasins de meubles, les magasins de cadeaux et de fleurs, les \u00e9piceries, les bijouteries, la musique, les vid\u00e9oth\u00e8ques, les fournitures de bureau, Pharmacie et pharmacie, restaurants, magasins de chaussures, articles de sport, supermarch\u00e9s et magasins d&#039;alcools, magasins de jouets et autres lieux de shopping. Ce sac est super solide et r\u00e9siste \u00e0 la d\u00e9chirure et \u00e0 l&#039;usure.<\/p>\n<p>Avec la sensibilisation croissante des gens \u00e0 la protection de l&#039;environnement, les gens commencent \u00e0 r\u00e9aliser que le sac en plastique est dangereux pour l&#039;environnement. Il a encourag\u00e9 les entreprises, les magasins et les supermarch\u00e9s \u00e0 rechercher des alternatives au sac de transport. Le sac non tiss\u00e9 lamin\u00e9 est un excellent substitut au sac en plastique car \u00e9cologique et recyclable. Compar\u00e9 au sac en papier, il est plus \u00e9cologique. Le sac en papier n\u00e9cessite des arbres pour supporter sa mati\u00e8re premi\u00e8re, et nous n&#039;avons aucune raison d&#039;abattre des arbres pour produire tout le temps des sacs en papier. En fait, le sac en papier n&#039;est pas solide et durable pour transporter des courses lourdes. Pour ces raisons, de nombreuses personnes choisissent le sac non tiss\u00e9 lamin\u00e9 comme sac \u00e0 provisions.<\/p>\n<p>La caract\u00e9ristique importante du sac non tiss\u00e9 lamin\u00e9 est imperm\u00e9able, vous pouvez donc l&#039;utiliser pour transporter diverses choses, y compris des aliments et des boissons. De plus, ce sac \u00e0 provisions est de grande capacit\u00e9 pour r\u00e9pondre \u00e0 vos exigences. Si vous n&#039;\u00eates pas satisfait de notre taille standard, vous pouvez avoir votre propre design. Nous acceptons votre logo personnalis\u00e9, vos couleurs et votre taille.<\/p>\n<p>Le sac non tiss\u00e9 lamin\u00e9 durable est fabriqu\u00e9 dans une structure non tiss\u00e9e sp\u00e9ciale, et une stratification suppl\u00e9mentaire fait de ce sac l&#039;un des plus solides de sa cat\u00e9gorie. Id\u00e9al pour aller au march\u00e9 et \u00eatre respectueux de l&#039;environnement, robuste et r\u00e9sistant mais l\u00e9ger, il transporte donc plus avec moins d&#039;effort, et parfait pour le shopping et l&#039;\u00e9picerie. Si vous voulez en savoir plus sur nos produits, vous pouvez nous contacter !<\/p>\n<p><strong>sp\u00e9cification<\/strong><\/p>\n<div class=\"table_wrap\">\n<table border=\"1\" cellspacing=\"0\">\n<tbody>\n<tr>\n<td valign=\"center\" width=\"284\">\n<p align=\"justify\">Mat\u00e9riel<\/p>\n<\/td>\n<td valign=\"center\" width=\"284\">\n<p align=\"justify\">Non tiss\u00e9 lamin\u00e9<\/p>\n<\/td>\n<\/tr>\n<tr>\n<td valign=\"center\" width=\"284\">\n<p align=\"justify\">Logo<\/p>\n<\/td>\n<td valign=\"center\" width=\"284\">\n<p align=\"justify\">Accepter<\/p>\n<\/td>\n<\/tr>\n<tr>\n<td valign=\"center\" width=\"284\">\n<p align=\"justify\">Taille<\/p>\n<\/td>\n<td valign=\"center\" width=\"284\">\n<p align=\"justify\">Taille standard ou sur mesure<\/p>\n<\/td>\n<\/tr>\n<tr>\n<td valign=\"center\" width=\"284\">\n<p align=\"justify\">MOQ<\/p>\n<\/td>\n<td valign=\"center\" width=\"284\">\n<p align=\"justify\">1000<\/p>\n<\/td>\n<\/tr>\n<tr>\n<td valign=\"center\" width=\"284\">\n<p align=\"justify\">Usage<\/p>\n<\/td>\n<td valign=\"center\" width=\"284\">\n<p align=\"justify\">Achats<\/p>\n<\/td>\n<\/tr>\n<\/tbody>\n<\/table>\n<\/div>","protected":false},"excerpt":{"rendered":"<p>Ce sac \u00e0 provisions non tiss\u00e9 lamin\u00e9 est le choix parfait pour tout magasin qui vend des produits de beaut\u00e9, des livres ou de l&#039;artisanat. Il peut contenir confortablement jusqu&#039;\u00e0 quatre coupons Shopping Places et a un design attrayant pour qu&#039;il ne se perde pas dans vos sacs de tous les jours\u00a0!<\/p>\n<p><strong>sp\u00e9cification<\/strong><\/p>\n<div class=\"table_wrap\">\n<table border=\"1\" cellspacing=\"0\">\n<tbody>\n<tr>\n<td valign=\"center\" width=\"284\">\n<p align=\"justify\">Mat\u00e9riel<\/p>\n<\/td>\n<td valign=\"center\" width=\"284\">\n<p align=\"justify\">Non tiss\u00e9 lamin\u00e9<\/p>\n<\/td>\n<\/tr>\n<tr>\n<td valign=\"center\" width=\"284\">\n<p align=\"justify\">Logo<\/p>\n<\/td>\n<td valign=\"center\" width=\"284\">\n<p align=\"justify\">Accepter<\/p>\n<\/td>\n<\/tr>\n<tr>\n<td valign=\"center\" width=\"284\">\n<p align=\"justify\">Taille<\/p>\n<\/td>\n<td valign=\"center\" width=\"284\">\n<p align=\"justify\">Taille standard ou sur mesure<\/p>\n<\/td>\n<\/tr>\n<tr>\n<td valign=\"center\" width=\"284\">\n<p align=\"justify\">MOQ<\/p>\n<\/td>\n<td valign=\"center\" width=\"284\">\n<p align=\"justify\">1000<\/p>\n<\/td>\n<\/tr>\n<tr>\n<td valign=\"center\" width=\"284\">\n<p align=\"justify\">Usage<\/p>\n<\/td>\n<td valign=\"center\" width=\"284\">\n<p align=\"justify\">Achats<\/p>\n<\/td>\n<\/tr>\n<\/tbody>\n<\/table>\n<\/div>\n<div class=\"clear\"><\/div>","protected":false},"featured_media":1711,"comment_status":"closed","ping_status":"closed","template":"","meta":{"_seopress_robots_primary_cat":"","_seopress_titles_title":"","_seopress_titles_desc":"","_seopress_robots_index":"","site-sidebar-layout":"default","site-content-layout":"default","ast-site-content-layout":"default","site-content-style":"default","site-sidebar-style":"default","ast-global-header-display":"","ast-banner-title-visibility":"","ast-main-header-display":"","ast-hfb-above-header-display":"","ast-hfb-below-header-display":"","ast-hfb-mobile-header-display":"","site-post-title":"","ast-breadcrumbs-content":"","ast-featured-img":"","footer-sml-layout":"","theme-transparent-header-meta":"default","adv-header-id-meta":"","stick-header-meta":"","header-above-stick-meta":"","header-main-stick-meta":"","header-below-stick-meta":"","astra-migrate-meta-layouts":"default","ast-page-background-enabled":"default","ast-page-background-meta":{"desktop":{"background-color":"","background-image":"","background-repeat":"repeat","background-position":"center center","background-size":"auto","background-attachment":"scroll","background-type":"","background-media":"","overlay-type":"","overlay-color":"","overlay-opacity":"","overlay-gradient":""},"tablet":{"background-color":"","background-image":"","background-repeat":"repeat","background-position":"center center","background-size":"auto","background-attachment":"scroll","background-type":"","background-media":"","overlay-type":"","overlay-color":"","overlay-opacity":"","overlay-gradient":""},"mobile":{"background-color":"","background-image":"","background-repeat":"repeat","background-position":"center center","background-size":"auto","background-attachment":"scroll","background-type":"","background-media":"","overlay-type":"","overlay-color":"","overlay-opacity":"","overlay-gradient":""}},"ast-content-background-meta":{"desktop":{"background-color":"var(--ast-global-color-5)","background-image":"","background-repeat":"repeat","background-position":"center center","background-size":"auto","background-attachment":"scroll","background-type":"","background-media":"","overlay-type":"","overlay-color":"","overlay-opacity":"","overlay-gradient":""},"tablet":{"background-color":"var(--ast-global-color-5)","background-image":"","background-repeat":"repeat","background-position":"center center","background-size":"auto","background-attachment":"scroll","background-type":"","background-media":"","overlay-type":"","overlay-color":"","overlay-opacity":"","overlay-gradient":""},"mobile":{"background-color":"var(--ast-global-color-5)","background-image":"","background-repeat":"repeat","background-position":"center center","background-size":"auto","background-attachment":"scroll","background-type":"","background-media":"","overlay-type":"","overlay-color":"","overlay-opacity":"","overlay-gradient":""}}},"product_brand":[],"product_cat":[38],"product_tag":[],"class_list":{"0":"post-1709","1":"product","2":"type-product","3":"status-publish","4":"has-post-thumbnail","6":"product_cat-shoppingbag","7":"desktop-align-left","8":"tablet-align-left","9":"mobile-align-left","11":"first","12":"instock","13":"shipping-taxable","14":"product-type-simple"},"_links":{"self":[{"href":"https:\/\/precisebag.com\/fr\/wp-json\/wp\/v2\/product\/1709","targetHints":{"allow":["GET"]}}],"collection":[{"href":"https:\/\/precisebag.com\/fr\/wp-json\/wp\/v2\/product"}],"about":[{"href":"https:\/\/precisebag.com\/fr\/wp-json\/wp\/v2\/types\/product"}],"replies":[{"embeddable":true,"href":"https:\/\/precisebag.com\/fr\/wp-json\/wp\/v2\/comments?post=1709"}],"wp:featuredmedia":[{"embeddable":true,"href":"https:\/\/precisebag.com\/fr\/wp-json\/wp\/v2\/media\/1711"}],"wp:attachment":[{"href":"https:\/\/precisebag.com\/fr\/wp-json\/wp\/v2\/media?parent=1709"}],"wp:term":[{"taxonomy":"product_brand","embeddable":true,"href":"https:\/\/precisebag.com\/fr\/wp-json\/wp\/v2\/product_brand?post=1709"},{"taxonomy":"product_cat","embeddable":true,"href":"https:\/\/precisebag.com\/fr\/wp-json\/wp\/v2\/product_cat?post=1709"},{"taxonomy":"product_tag","embeddable":true,"href":"https:\/\/precisebag.com\/fr\/wp-json\/wp\/v2\/product_tag?post=1709"}],"curies":[{"name":"wp","href":"https:\/\/api.w.org\/{rel}","templated":true}]}}