{"id":1718,"date":"2022-04-05T14:05:36","date_gmt":"2022-04-05T14:05:36","guid":{"rendered":"https:\/\/precisebag.com\/?post_type=product&#038;p=1718"},"modified":"2022-04-05T14:05:38","modified_gmt":"2022-04-05T14:05:38","slug":"reusable-canvas-tote-bag","status":"publish","type":"product","link":"https:\/\/precisebag.com\/fr\/produit\/reusable-canvas-tote-bag\/","title":{"rendered":"Sac fourre-tout r\u00e9utilisable en toile"},"content":{"rendered":"<p>Les sacs \u00e0 provisions en toile offrent une alternative durable aux sacs en plastique et en papier fragiles. Ces mat\u00e9riaux naturels sont d\u00e9gradables, c&#039;est-\u00e0-dire qu&#039;ils se d\u00e9composent avec le temps pour que notre plan\u00e8te puisse continuer \u00e0 nous donner tout ce qu&#039;elle a !<\/p>\n<p><strong>Description du produit<\/strong><\/p>\n<p>La plupart des gens savent que le coton est l&#039;un des mat\u00e9riaux les plus anciens depuis des d\u00e9cennies. Par cons\u00e9quent, compte tenu de l&#039;aspect de protection de l&#039;environnement du coton, le coton est le meilleur mat\u00e9riau pour fabriquer des sacs par rapport au plastique. Les sacs \u00e0 provisions en toile sont d\u00e9gradables et sont des sacs \u00e0 provisions relativement \u00e9cologiques, r\u00e9utilisables et biologiques. Contrairement \u00e0 d&#039;autres sacs en plastique et en papier fragiles, il est durable.<\/p>\n<p>Choisir un sac fourre-tout en toile appropri\u00e9 peut rendre notre vie plus pratique. Que devons-nous consid\u00e9rer lorsque nous achetons un sac fourre-tout en toile\u00a0?<\/p>\n<p>Tout d&#039;abord, il faut consid\u00e9rer le mat\u00e9riau du sac en toile. La toile est un tissu relativement \u00e9pais, solide et durable, qui n&#039;est pas facile \u00e0 porter et qui dure longtemps. Sa durabilit\u00e9 et sa fermet\u00e9 sont sup\u00e9rieures \u00e0 celles des sacs \u00e0 provisions non tiss\u00e9s. Il a plus de tissus, de nouveaux styles et n&#039;est pas facile \u00e0 d\u00e9former lorsqu&#039;il est nettoy\u00e9. Certains sacs \u00e0 provisions en toile ont \u00e9galement de multiples fonctions telles que la doublure int\u00e9rieure et la fermeture \u00e0 glissi\u00e8re, et peuvent \u00eatre utilis\u00e9s comme sacs \u00e0 dos.<\/p>\n<p>L&#039;\u00e9paisseur du sac en toile est g\u00e9n\u00e9ralement de la toile 12A, ce qui est plus adapt\u00e9 en termes d&#039;\u00e9paisseur et de prix. S&#039;il n&#039;y a pas d&#039;exigence particuli\u00e8re, cette \u00e9paisseur est plus adapt\u00e9e \u00e0 un usage quotidien. Si vous avez des besoins particuliers, vous pouvez choisir une toile plus \u00e9paisse.<\/p>\n<p>Nous pouvons personnaliser les sacs en toile, la taille et le style, ce qui peut r\u00e9pondre aux besoins de nombreuses personnes. Il existe \u00e9galement de nombreuses couleurs peuvent \u00eatre choisies. Le fourre-tout en toile peut \u00eatre utilis\u00e9 non seulement comme sac fourre-tout, mais aussi comme sac \u00e0 provisions, sac promotionnel, etc.<\/p>\n<p>Notre sac en toile a \u00e9t\u00e9 con\u00e7u avec une vari\u00e9t\u00e9 de styles simples et \u00e9l\u00e9gants, des styles classiques. Il a \u00e9t\u00e9 largement reconnu par le march\u00e9. Le soi-disant classique est \u00e0 l&#039;origine une \u00e9preuve du temps. Si un sac est appel\u00e9 sac classique, Tout d&#039;abord, il doit \u00eatre de haute qualit\u00e9, r\u00e9sistant \u00e0 l&#039;usure et durable. C&#039;est la v\u00e9rit\u00e9 la plus fondamentale.<\/p>\n<p><strong>sp\u00e9cification<\/strong><\/p>\n<div class=\"table_wrap\">\n<table border=\"1\" cellspacing=\"0\">\n<tbody>\n<tr>\n<td valign=\"center\" width=\"284\">\n<p align=\"justify\">Mat\u00e9riel<\/p>\n<\/td>\n<td valign=\"center\" width=\"284\">\n<p align=\"justify\">Toile<\/p>\n<\/td>\n<\/tr>\n<tr>\n<td valign=\"center\" width=\"284\">\n<p align=\"justify\">Taille<\/p>\n<\/td>\n<td valign=\"center\" width=\"284\">\n<p align=\"justify\">Grande taille, taille standard ou personnalis\u00e9e<\/p>\n<\/td>\n<\/tr>\n<tr>\n<td valign=\"center\" width=\"284\">\n<p align=\"justify\">Couleurs<\/p>\n<\/td>\n<td valign=\"center\" width=\"284\">\n<p align=\"justify\">Coutume<\/p>\n<\/td>\n<\/tr>\n<tr>\n<td valign=\"center\" width=\"284\">\n<p align=\"justify\">Commande minimale<\/p>\n<\/td>\n<td valign=\"center\" width=\"284\">\n<p align=\"justify\">100 pi\u00e8ces<\/p>\n<\/td>\n<\/tr>\n<tr>\n<td valign=\"center\" width=\"284\">\n<p align=\"justify\">OEM et ODM<\/p>\n<\/td>\n<td valign=\"center\" width=\"284\">\n<p align=\"justify\">Accepter<\/p>\n<\/td>\n<\/tr>\n<tr>\n<td valign=\"center\" width=\"284\">\n<p align=\"justify\">Logo<\/p>\n<\/td>\n<td valign=\"center\" width=\"284\">\n<p align=\"justify\">Coutume<\/p>\n<\/td>\n<\/tr>\n<\/tbody>\n<\/table>\n<\/div>","protected":false},"excerpt":{"rendered":"<p>Les sacs \u00e0 provisions en toile offrent une alternative durable aux sacs en plastique et en papier fragiles. Ces mat\u00e9riaux naturels sont d\u00e9gradables, c&#039;est-\u00e0-dire qu&#039;ils se d\u00e9composent avec le temps pour que notre plan\u00e8te puisse continuer \u00e0 nous donner tout ce qu&#039;elle a !<\/p>\n<p><strong>sp\u00e9cification<\/strong><\/p>\n<div class=\"table_wrap\">\n<table border=\"1\" cellspacing=\"0\">\n<tbody>\n<tr>\n<td valign=\"center\" width=\"284\">\n<p align=\"justify\">Mat\u00e9riel<\/p>\n<\/td>\n<td valign=\"center\" width=\"284\">\n<p align=\"justify\">Toile<\/p>\n<\/td>\n<\/tr>\n<tr>\n<td valign=\"center\" width=\"284\">\n<p align=\"justify\">Taille<\/p>\n<\/td>\n<td valign=\"center\" width=\"284\">\n<p align=\"justify\">Grande taille, taille standard ou personnalis\u00e9e<\/p>\n<\/td>\n<\/tr>\n<tr>\n<td valign=\"center\" width=\"284\">\n<p align=\"justify\">Couleurs<\/p>\n<\/td>\n<td valign=\"center\" width=\"284\">\n<p align=\"justify\">Coutume<\/p>\n<\/td>\n<\/tr>\n<tr>\n<td valign=\"center\" width=\"284\">\n<p align=\"justify\">Commande minimale<\/p>\n<\/td>\n<td valign=\"center\" width=\"284\">\n<p align=\"justify\">100 pi\u00e8ces<\/p>\n<\/td>\n<\/tr>\n<tr>\n<td valign=\"center\" width=\"284\">\n<p align=\"justify\">OEM et ODM<\/p>\n<\/td>\n<td valign=\"center\" width=\"284\">\n<p align=\"justify\">Accepter<\/p>\n<\/td>\n<\/tr>\n<tr>\n<td valign=\"center\" width=\"284\">\n<p align=\"justify\">Logo<\/p>\n<\/td>\n<td valign=\"center\" width=\"284\">\n<p align=\"justify\">Coutume<\/p>\n<\/td>\n<\/tr>\n<\/tbody>\n<\/table>\n<\/div>","protected":false},"featured_media":1721,"comment_status":"closed","ping_status":"closed","template":"","meta":{"_seopress_robots_primary_cat":"","_seopress_titles_title":"","_seopress_titles_desc":"","_seopress_robots_index":"","site-sidebar-layout":"default","site-content-layout":"default","ast-site-content-layout":"default","site-content-style":"default","site-sidebar-style":"default","ast-global-header-display":"","ast-banner-title-visibility":"","ast-main-header-display":"","ast-hfb-above-header-display":"","ast-hfb-below-header-display":"","ast-hfb-mobile-header-display":"","site-post-title":"","ast-breadcrumbs-content":"","ast-featured-img":"","footer-sml-layout":"","theme-transparent-header-meta":"default","adv-header-id-meta":"","stick-header-meta":"","header-above-stick-meta":"","header-main-stick-meta":"","header-below-stick-meta":"","astra-migrate-meta-layouts":"default","ast-page-background-enabled":"default","ast-page-background-meta":{"desktop":{"background-color":"","background-image":"","background-repeat":"repeat","background-position":"center center","background-size":"auto","background-attachment":"scroll","background-type":"","background-media":"","overlay-type":"","overlay-color":"","overlay-opacity":"","overlay-gradient":""},"tablet":{"background-color":"","background-image":"","background-repeat":"repeat","background-position":"center center","background-size":"auto","background-attachment":"scroll","background-type":"","background-media":"","overlay-type":"","overlay-color":"","overlay-opacity":"","overlay-gradient":""},"mobile":{"background-color":"","background-image":"","background-repeat":"repeat","background-position":"center center","background-size":"auto","background-attachment":"scroll","background-type":"","background-media":"","overlay-type":"","overlay-color":"","overlay-opacity":"","overlay-gradient":""}},"ast-content-background-meta":{"desktop":{"background-color":"var(--ast-global-color-5)","background-image":"","background-repeat":"repeat","background-position":"center center","background-size":"auto","background-attachment":"scroll","background-type":"","background-media":"","overlay-type":"","overlay-color":"","overlay-opacity":"","overlay-gradient":""},"tablet":{"background-color":"var(--ast-global-color-5)","background-image":"","background-repeat":"repeat","background-position":"center center","background-size":"auto","background-attachment":"scroll","background-type":"","background-media":"","overlay-type":"","overlay-color":"","overlay-opacity":"","overlay-gradient":""},"mobile":{"background-color":"var(--ast-global-color-5)","background-image":"","background-repeat":"repeat","background-position":"center center","background-size":"auto","background-attachment":"scroll","background-type":"","background-media":"","overlay-type":"","overlay-color":"","overlay-opacity":"","overlay-gradient":""}}},"product_brand":[],"product_cat":[35],"product_tag":[],"class_list":{"0":"post-1718","1":"product","2":"type-product","3":"status-publish","4":"has-post-thumbnail","6":"product_cat-canvastotebag","7":"desktop-align-left","8":"tablet-align-left","9":"mobile-align-left","11":"first","12":"instock","13":"shipping-taxable","14":"product-type-simple"},"_links":{"self":[{"href":"https:\/\/precisebag.com\/fr\/wp-json\/wp\/v2\/product\/1718","targetHints":{"allow":["GET"]}}],"collection":[{"href":"https:\/\/precisebag.com\/fr\/wp-json\/wp\/v2\/product"}],"about":[{"href":"https:\/\/precisebag.com\/fr\/wp-json\/wp\/v2\/types\/product"}],"replies":[{"embeddable":true,"href":"https:\/\/precisebag.com\/fr\/wp-json\/wp\/v2\/comments?post=1718"}],"wp:featuredmedia":[{"embeddable":true,"href":"https:\/\/precisebag.com\/fr\/wp-json\/wp\/v2\/media\/1721"}],"wp:attachment":[{"href":"https:\/\/precisebag.com\/fr\/wp-json\/wp\/v2\/media?parent=1718"}],"wp:term":[{"taxonomy":"product_brand","embeddable":true,"href":"https:\/\/precisebag.com\/fr\/wp-json\/wp\/v2\/product_brand?post=1718"},{"taxonomy":"product_cat","embeddable":true,"href":"https:\/\/precisebag.com\/fr\/wp-json\/wp\/v2\/product_cat?post=1718"},{"taxonomy":"product_tag","embeddable":true,"href":"https:\/\/precisebag.com\/fr\/wp-json\/wp\/v2\/product_tag?post=1718"}],"curies":[{"name":"wp","href":"https:\/\/api.w.org\/{rel}","templated":true}]}}