{"id":1725,"date":"2022-04-05T14:10:27","date_gmt":"2022-04-05T14:10:27","guid":{"rendered":"https:\/\/precisebag.com\/?post_type=product&#038;p=1725"},"modified":"2022-04-05T14:10:28","modified_gmt":"2022-04-05T14:10:28","slug":"cotton-tote-bag","status":"publish","type":"product","link":"https:\/\/precisebag.com\/fr\/produit\/cotton-tote-bag\/","title":{"rendered":"Sac fourre-tout en coton"},"content":{"rendered":"<p>Les sacs \u00e0 provisions en toile sont parfaits pour la personne qui veut se d\u00e9marquer dans la foule. Ils sont disponibles avec de nombreux styles diff\u00e9rents, tels que le style for\u00eat ou m\u00eame la mode assortie !<\/p>\n<p><strong>Description du produit<\/strong><br \/>\n<strong>Cabas en toile<\/strong>\u00a0deviennent de plus en plus populaires dans notre vie quotidienne. Il existe de nombreux styles de sacs en toile, tels que le style forestier, le style litt\u00e9raire et la mode.<\/p>\n<p>La plupart des sacs en toile sont de style plus d\u00e9contract\u00e9. Les rayures horizontales sont un style tr\u00e8s populaire tout le temps. Ce type de sac en toile souple et d\u00e9contract\u00e9 convient aux tenues simples. Le rouge brique est \u00e9galement un bon match, et les rayures horizontales \u00e0 la mode sont un tr\u00e8s bon style printanier, un style litt\u00e9raire typique.<\/p>\n<p>La taille du sac en toile doit \u00eatre grande et il doit pouvoir contenir un ordinateur portable et du papier au format A4. Le style du sac en toile doit \u00eatre simple et peu encombrant. Le sac fourre-tout en toile doit \u00eatre facile \u00e0 transporter, fonctionnel et facile \u00e0 manipuler, et c&#039;est \u00e9galement la principale consid\u00e9ration pour l&#039;achat d&#039;un sac en toile. Le mat\u00e9riau du sac en toile est l\u00e9ger et le sac en toile \u00e0 porter \u00e0 l&#039;\u00e9paule et \u00e0 la main est le plus pratique.<\/p>\n<p>Le style est le principal moyen d&#039;exprimer le style d&#039;un produit, et il peut \u00e9galement exprimer l&#039;achat du client<br \/>\nInspiration. Le sac en toile \u00e0 rayures a des styles simples et \u00e0 la mode, des couleurs propres et belles, et est devenu le premier point lumineux pour attirer les clients. Un bon style est la pierre angulaire de ventes r\u00e9ussies. Lorsque le style correspond davantage au client, le processus d&#039;attention et d&#039;\u00e9valuation des tissus et de la fabrication ne fait que commencer.<\/p>\n<p>Les tissus en toile \u00e9taient utilis\u00e9s pour fabriquer des tentes militaires et des parachutes au d\u00e9but en raison de leurs propri\u00e9t\u00e9s solides et durables. Avec les progr\u00e8s de la science et de la technologie, la technologie textile s&#039;est consid\u00e9rablement am\u00e9lior\u00e9e, les types de toile ont progressivement augment\u00e9 et l&#039;application est devenue plus \u00e9tendue. Au 21\u00e8me si\u00e8cle, nous sommes entr\u00e9s dans l&#039;\u00e8re de la protection de l&#039;environnement, et la toile, un tissu respectueux de l&#039;environnement, a gagn\u00e9 en reconnaissance et a port\u00e9 de nouveaux concepts de mode et est entr\u00e9e dans le domaine de la mode. Les sacs en toile sont devenus un article de mode populaire.<\/p>\n<p>Cependant, lorsque les gens ach\u00e8tent des sacs en toile, les clients ont souvent des malentendus. Certains consommateurs pensent que plus le tissu est \u00e9pais, meilleure est la qualit\u00e9 de la toile, mais ce n&#039;est pas le cas. La qualit\u00e9 du tissu n&#039;a rien \u00e0 voir avec l&#039;\u00e9paisseur du tissu.<\/p>\n<p>Notre mat\u00e9riau de sacs en toile a \u00e9t\u00e9 trait\u00e9 par diverses technologies, il est donc non seulement ferme et durable, mais a \u00e9galement une sensation plus d\u00e9licate, douce et respirante. La l\u00e9g\u00e8ret\u00e9 du tissu r\u00e9duit \u00e9galement le poids du sac en toile lourde d&#039;origine.<\/p>\n<p><strong>sp\u00e9cification<\/strong><\/p>\n<div class=\"table_wrap\">\n<table border=\"1\" cellspacing=\"0\">\n<tbody>\n<tr>\n<td valign=\"center\" width=\"284\">\n<p align=\"justify\">Mat\u00e9riel<\/p>\n<\/td>\n<td valign=\"center\" width=\"284\">\n<p align=\"justify\">Toile<\/p>\n<\/td>\n<\/tr>\n<tr>\n<td valign=\"center\" width=\"284\">\n<p align=\"justify\">Taille<\/p>\n<\/td>\n<td valign=\"center\" width=\"284\">\n<p align=\"justify\">Grande taille, taille standard ou personnalis\u00e9e<\/p>\n<\/td>\n<\/tr>\n<tr>\n<td valign=\"center\" width=\"284\">\n<p align=\"justify\">Couleurs<\/p>\n<\/td>\n<td valign=\"center\" width=\"284\">\n<p align=\"justify\">Coutume<\/p>\n<\/td>\n<\/tr>\n<tr>\n<td valign=\"center\" width=\"284\">\n<p align=\"justify\">Commande minimale<\/p>\n<\/td>\n<td valign=\"center\" width=\"284\">\n<p align=\"justify\">100 pi\u00e8ces<\/p>\n<\/td>\n<\/tr>\n<tr>\n<td valign=\"center\" width=\"284\">\n<p align=\"justify\">OEM et ODM<\/p>\n<\/td>\n<td valign=\"center\" width=\"284\">\n<p align=\"justify\">Accepter<\/p>\n<\/td>\n<\/tr>\n<tr>\n<td valign=\"center\" width=\"284\">\n<p align=\"justify\">Logo<\/p>\n<\/td>\n<td valign=\"center\" width=\"284\">\n<p align=\"justify\">Coutume<\/p>\n<\/td>\n<\/tr>\n<\/tbody>\n<\/table>\n<\/div>","protected":false},"excerpt":{"rendered":"<p>Les sacs \u00e0 provisions en toile sont parfaits pour la personne qui veut se d\u00e9marquer dans la foule. Ils sont disponibles avec de nombreux styles diff\u00e9rents, tels que le style for\u00eat ou m\u00eame la mode assortie !<\/p>\n<p><strong>sp\u00e9cification<\/strong><\/p>\n<div class=\"table_wrap\">\n<table border=\"1\" cellspacing=\"0\">\n<tbody>\n<tr>\n<td valign=\"center\" width=\"284\">\n<p align=\"justify\">Mat\u00e9riel<\/p>\n<\/td>\n<td valign=\"center\" width=\"284\">\n<p align=\"justify\">Toile<\/p>\n<\/td>\n<\/tr>\n<tr>\n<td valign=\"center\" width=\"284\">\n<p align=\"justify\">Taille<\/p>\n<\/td>\n<td valign=\"center\" width=\"284\">\n<p align=\"justify\">Grande taille, taille standard ou personnalis\u00e9e<\/p>\n<\/td>\n<\/tr>\n<tr>\n<td valign=\"center\" width=\"284\">\n<p align=\"justify\">Couleurs<\/p>\n<\/td>\n<td valign=\"center\" width=\"284\">\n<p align=\"justify\">Coutume<\/p>\n<\/td>\n<\/tr>\n<tr>\n<td valign=\"center\" width=\"284\">\n<p align=\"justify\">Commande minimale<\/p>\n<\/td>\n<td valign=\"center\" width=\"284\">\n<p align=\"justify\">100 pi\u00e8ces<\/p>\n<\/td>\n<\/tr>\n<tr>\n<td valign=\"center\" width=\"284\">\n<p align=\"justify\">OEM et ODM<\/p>\n<\/td>\n<td valign=\"center\" width=\"284\">\n<p align=\"justify\">Accepter<\/p>\n<\/td>\n<\/tr>\n<tr>\n<td valign=\"center\" width=\"284\">\n<p align=\"justify\">Logo<\/p>\n<\/td>\n<td valign=\"center\" width=\"284\">\n<p align=\"justify\">Coutume<\/p>\n<\/td>\n<\/tr>\n<\/tbody>\n<\/table>\n<\/div>","protected":false},"featured_media":1727,"comment_status":"closed","ping_status":"closed","template":"","meta":{"_seopress_robots_primary_cat":"","_seopress_titles_title":"","_seopress_titles_desc":"","_seopress_robots_index":"","site-sidebar-layout":"default","site-content-layout":"default","ast-site-content-layout":"default","site-content-style":"default","site-sidebar-style":"default","ast-global-header-display":"","ast-banner-title-visibility":"","ast-main-header-display":"","ast-hfb-above-header-display":"","ast-hfb-below-header-display":"","ast-hfb-mobile-header-display":"","site-post-title":"","ast-breadcrumbs-content":"","ast-featured-img":"","footer-sml-layout":"","theme-transparent-header-meta":"default","adv-header-id-meta":"","stick-header-meta":"","header-above-stick-meta":"","header-main-stick-meta":"","header-below-stick-meta":"","astra-migrate-meta-layouts":"default","ast-page-background-enabled":"default","ast-page-background-meta":{"desktop":{"background-color":"","background-image":"","background-repeat":"repeat","background-position":"center center","background-size":"auto","background-attachment":"scroll","background-type":"","background-media":"","overlay-type":"","overlay-color":"","overlay-opacity":"","overlay-gradient":""},"tablet":{"background-color":"","background-image":"","background-repeat":"repeat","background-position":"center center","background-size":"auto","background-attachment":"scroll","background-type":"","background-media":"","overlay-type":"","overlay-color":"","overlay-opacity":"","overlay-gradient":""},"mobile":{"background-color":"","background-image":"","background-repeat":"repeat","background-position":"center center","background-size":"auto","background-attachment":"scroll","background-type":"","background-media":"","overlay-type":"","overlay-color":"","overlay-opacity":"","overlay-gradient":""}},"ast-content-background-meta":{"desktop":{"background-color":"var(--ast-global-color-5)","background-image":"","background-repeat":"repeat","background-position":"center center","background-size":"auto","background-attachment":"scroll","background-type":"","background-media":"","overlay-type":"","overlay-color":"","overlay-opacity":"","overlay-gradient":""},"tablet":{"background-color":"var(--ast-global-color-5)","background-image":"","background-repeat":"repeat","background-position":"center center","background-size":"auto","background-attachment":"scroll","background-type":"","background-media":"","overlay-type":"","overlay-color":"","overlay-opacity":"","overlay-gradient":""},"mobile":{"background-color":"var(--ast-global-color-5)","background-image":"","background-repeat":"repeat","background-position":"center center","background-size":"auto","background-attachment":"scroll","background-type":"","background-media":"","overlay-type":"","overlay-color":"","overlay-opacity":"","overlay-gradient":""}}},"product_brand":[],"product_cat":[35],"product_tag":[],"class_list":{"0":"post-1725","1":"product","2":"type-product","3":"status-publish","4":"has-post-thumbnail","6":"product_cat-canvastotebag","7":"desktop-align-left","8":"tablet-align-left","9":"mobile-align-left","11":"first","12":"instock","13":"shipping-taxable","14":"product-type-simple"},"_links":{"self":[{"href":"https:\/\/precisebag.com\/fr\/wp-json\/wp\/v2\/product\/1725","targetHints":{"allow":["GET"]}}],"collection":[{"href":"https:\/\/precisebag.com\/fr\/wp-json\/wp\/v2\/product"}],"about":[{"href":"https:\/\/precisebag.com\/fr\/wp-json\/wp\/v2\/types\/product"}],"replies":[{"embeddable":true,"href":"https:\/\/precisebag.com\/fr\/wp-json\/wp\/v2\/comments?post=1725"}],"wp:featuredmedia":[{"embeddable":true,"href":"https:\/\/precisebag.com\/fr\/wp-json\/wp\/v2\/media\/1727"}],"wp:attachment":[{"href":"https:\/\/precisebag.com\/fr\/wp-json\/wp\/v2\/media?parent=1725"}],"wp:term":[{"taxonomy":"product_brand","embeddable":true,"href":"https:\/\/precisebag.com\/fr\/wp-json\/wp\/v2\/product_brand?post=1725"},{"taxonomy":"product_cat","embeddable":true,"href":"https:\/\/precisebag.com\/fr\/wp-json\/wp\/v2\/product_cat?post=1725"},{"taxonomy":"product_tag","embeddable":true,"href":"https:\/\/precisebag.com\/fr\/wp-json\/wp\/v2\/product_tag?post=1725"}],"curies":[{"name":"wp","href":"https:\/\/api.w.org\/{rel}","templated":true}]}}