{"id":1731,"date":"2022-04-05T14:16:36","date_gmt":"2022-04-05T14:16:36","guid":{"rendered":"https:\/\/precisebag.com\/?post_type=product&#038;p=1731"},"modified":"2022-04-05T14:16:37","modified_gmt":"2022-04-05T14:16:37","slug":"eco-friendly-canvas-tote-bag","status":"publish","type":"product","link":"https:\/\/precisebag.com\/fr\/produit\/eco-friendly-canvas-tote-bag\/","title":{"rendered":"Sac fourre-tout en toile \u00e9cologique"},"content":{"rendered":"<p>Les sacs en toile sont disponibles en trois types : coton polyester, pur coton ou un hybride des deux ; ceux-ci se divisent selon qu&#039;ils ont une doublure int\u00e9rieure et des rev\u00eatements ext\u00e9rieurs. Il existe \u00e9galement une version sac \u00e0 bandouli\u00e8re simple pour ceux qui pr\u00e9f\u00e8rent ne pas porter d&#039;objets lourds sur un bras ainsi qu&#039;un style \u00e0 double (poly)\u00e9paule si vous avez besoin de plus d&#039;espace mais ne voulez pas que quelque chose de volumineux se r\u00e9pande autour de vos mains lorsque vous marchez dans les rues anim\u00e9es. La derni\u00e8re option disponible serait les sacs \u00e0 main qui peuvent avoir une fermeture \u00e0 glissi\u00e8re comme beaucoup de femmes le font de nos jours en raison de sa commodit\u00e9, m\u00eame si cela peut sembler d\u00e9mod\u00e9.<\/p>\n<p><strong>Description du produit<\/strong><br \/>\nLes sacs en toile peuvent \u00eatre divis\u00e9s en trois types selon le mat\u00e9riau, le coton polyester, le coton pur et le polyester pur ; Les sacs en toile sont divis\u00e9s en une seule \u00e9paule, une double \u00e9paule et un sac \u00e0 main selon la m\u00e9thode du dos. Le sac en toile est un sac populaire ces derni\u00e8res ann\u00e9es car il est durable et a une sensation nostalgique apr\u00e8s l&#039;avoir vu. C&#039;est la tendance mode actuelle. Et il existe diff\u00e9rents types selon les diff\u00e9rents groupes de personnes. Il existe des styles d&#039;alpinisme, de voyage et de loisirs.<\/p>\n<p>Les couleurs des sacs en toile sont \u00e9galement tr\u00e8s diverses. Il existe une seule couleur ou une combinaison de couleurs. Ce sont des sacs assortis plus librement. Avec de plus en plus d&#039;\u00e9l\u00e9ments de conception de sacs en toile, le sac en toile s&#039;est impos\u00e9 comme une mode tendance. Le sac en toile est la nouvelle mode actuelle pour les gens. Les sacs d&#039;\u00e9picerie en toile sont fondamentalement polyvalents et peuvent \u00eatre assortis \u00e0 n&#039;importe quel v\u00eatement. Le sac en toile monochrome est l&#039;article le plus courant, m\u00eame s&#039;il est tr\u00e8s pratique, mais je crois que vous vous ennuierez parfois, alors autant choisir un sac en toile \u00e0 motifs de couleurs vives pour faire vos courses.<\/p>\n<p>Le sac en toile est robuste et durable, en ligne avec la mode des passionn\u00e9s de voyage. Le sac en toile est en toile de jute. La plus grande caract\u00e9ristique est qu&#039;il est durable. Sa nature polyvalente est \u00e9galement appr\u00e9ci\u00e9e par de nombreuses personnes et peut \u00eatre assortie \u00e0 n&#039;importe quel v\u00eatement. Le design d\u00e9contract\u00e9 unique du sac en toile, et l&#039;embellissement ext\u00e9rieur et la qualit\u00e9 int\u00e9rieure les plus actuels, il est devenu la mode \u00e0 la mode pour les jeunes.<\/p>\n<p>Le plus grand avantage des sacs en toile est qu&#039;ils sont durables et que les motifs sur le sac sont cr\u00e9atifs. Les sacs en toile sont faciles \u00e0 utiliser et ont fi\u00e8re allure et le prix est relativement bon march\u00e9. G\u00e9n\u00e9ralement, vous pouvez en acheter un pour plus de dix dollars, mais si vous allez les acheter dans des marques c\u00e9l\u00e8bres, c&#039;est aussi tr\u00e8s cher. Apr\u00e8s tout, leurs noms de marque valent beaucoup d&#039;argent. Le sac est aussi une sorte de sac \u00e9conomique et abordable. Nous acceptons votre propre conception, ce qui signifie que vous pouvez avoir vos propres sacs en toile avec peu d&#039;argent. Veuillez nous consulter !<\/p>\n<p><strong>sp\u00e9cification<\/strong><\/p>\n<div class=\"table_wrap\">\n<table border=\"1\" cellspacing=\"0\">\n<tbody>\n<tr>\n<td valign=\"center\" width=\"284\">\n<p align=\"justify\">Mat\u00e9riel<\/p>\n<\/td>\n<td valign=\"center\" width=\"284\">\n<p align=\"justify\">Toile<\/p>\n<\/td>\n<\/tr>\n<tr>\n<td valign=\"center\" width=\"284\">\n<p align=\"justify\">Taille<\/p>\n<\/td>\n<td valign=\"center\" width=\"284\">\n<p align=\"justify\">Grande taille, taille standard ou personnalis\u00e9e<\/p>\n<\/td>\n<\/tr>\n<tr>\n<td valign=\"center\" width=\"284\">\n<p align=\"justify\">Couleurs<\/p>\n<\/td>\n<td valign=\"center\" width=\"284\">\n<p align=\"justify\">Coutume<\/p>\n<\/td>\n<\/tr>\n<tr>\n<td valign=\"center\" width=\"284\">\n<p align=\"justify\">Commande minimale<\/p>\n<\/td>\n<td valign=\"center\" width=\"284\">\n<p align=\"justify\">100 pi\u00e8ces<\/p>\n<\/td>\n<\/tr>\n<tr>\n<td valign=\"center\" width=\"284\">\n<p align=\"justify\">OEM et ODM<\/p>\n<\/td>\n<td valign=\"center\" width=\"284\">\n<p align=\"justify\">Accepter<\/p>\n<\/td>\n<\/tr>\n<tr>\n<td valign=\"center\" width=\"284\">\n<p align=\"justify\">Logo<\/p>\n<\/td>\n<td valign=\"center\" width=\"284\">\n<p align=\"justify\">Coutume<\/p>\n<\/td>\n<\/tr>\n<\/tbody>\n<\/table>\n<\/div>","protected":false},"excerpt":{"rendered":"<p>Les sacs en toile sont disponibles en trois types : coton polyester, pur coton ou un hybride des deux ; ceux-ci se divisent selon qu&#039;ils ont une doublure int\u00e9rieure et des rev\u00eatements ext\u00e9rieurs. Il existe \u00e9galement une version sac \u00e0 bandouli\u00e8re simple pour ceux qui pr\u00e9f\u00e8rent ne pas porter d&#039;objets lourds sur un bras ainsi qu&#039;un style \u00e0 double (poly)\u00e9paule si vous avez besoin de plus d&#039;espace mais ne voulez pas que quelque chose de volumineux se r\u00e9pande autour de vos mains lorsque vous marchez dans les rues anim\u00e9es. La derni\u00e8re option disponible serait les sacs \u00e0 main qui peuvent avoir une fermeture \u00e0 glissi\u00e8re comme beaucoup de femmes le font de nos jours en raison de sa commodit\u00e9, m\u00eame si cela peut sembler d\u00e9mod\u00e9.<\/p>\n<p><strong>sp\u00e9cification<\/strong><\/p>\n<div class=\"table_wrap\">\n<table border=\"1\" cellspacing=\"0\">\n<tbody>\n<tr>\n<td valign=\"center\" width=\"284\">\n<p align=\"justify\">Mat\u00e9riel<\/p>\n<\/td>\n<td valign=\"center\" width=\"284\">\n<p align=\"justify\">Toile<\/p>\n<\/td>\n<\/tr>\n<tr>\n<td valign=\"center\" width=\"284\">\n<p align=\"justify\">Taille<\/p>\n<\/td>\n<td valign=\"center\" width=\"284\">\n<p align=\"justify\">Grande taille, taille standard ou personnalis\u00e9e<\/p>\n<\/td>\n<\/tr>\n<tr>\n<td valign=\"center\" width=\"284\">\n<p align=\"justify\">Couleurs<\/p>\n<\/td>\n<td valign=\"center\" width=\"284\">\n<p align=\"justify\">Coutume<\/p>\n<\/td>\n<\/tr>\n<tr>\n<td valign=\"center\" width=\"284\">\n<p align=\"justify\">Commande minimale<\/p>\n<\/td>\n<td valign=\"center\" width=\"284\">\n<p align=\"justify\">100 pi\u00e8ces<\/p>\n<\/td>\n<\/tr>\n<tr>\n<td valign=\"center\" width=\"284\">\n<p align=\"justify\">OEM et ODM<\/p>\n<\/td>\n<td valign=\"center\" width=\"284\">\n<p align=\"justify\">Accepter<\/p>\n<\/td>\n<\/tr>\n<tr>\n<td valign=\"center\" width=\"284\">\n<p align=\"justify\">Logo<\/p>\n<\/td>\n<td valign=\"center\" width=\"284\">\n<p align=\"justify\">Coutume<\/p>\n<\/td>\n<\/tr>\n<\/tbody>\n<\/table>\n<\/div>","protected":false},"featured_media":1733,"comment_status":"closed","ping_status":"closed","template":"","meta":{"_seopress_robots_primary_cat":"","_seopress_titles_title":"","_seopress_titles_desc":"","_seopress_robots_index":"","site-sidebar-layout":"default","site-content-layout":"default","ast-site-content-layout":"default","site-content-style":"default","site-sidebar-style":"default","ast-global-header-display":"","ast-banner-title-visibility":"","ast-main-header-display":"","ast-hfb-above-header-display":"","ast-hfb-below-header-display":"","ast-hfb-mobile-header-display":"","site-post-title":"","ast-breadcrumbs-content":"","ast-featured-img":"","footer-sml-layout":"","theme-transparent-header-meta":"default","adv-header-id-meta":"","stick-header-meta":"","header-above-stick-meta":"","header-main-stick-meta":"","header-below-stick-meta":"","astra-migrate-meta-layouts":"default","ast-page-background-enabled":"default","ast-page-background-meta":{"desktop":{"background-color":"","background-image":"","background-repeat":"repeat","background-position":"center center","background-size":"auto","background-attachment":"scroll","background-type":"","background-media":"","overlay-type":"","overlay-color":"","overlay-opacity":"","overlay-gradient":""},"tablet":{"background-color":"","background-image":"","background-repeat":"repeat","background-position":"center center","background-size":"auto","background-attachment":"scroll","background-type":"","background-media":"","overlay-type":"","overlay-color":"","overlay-opacity":"","overlay-gradient":""},"mobile":{"background-color":"","background-image":"","background-repeat":"repeat","background-position":"center center","background-size":"auto","background-attachment":"scroll","background-type":"","background-media":"","overlay-type":"","overlay-color":"","overlay-opacity":"","overlay-gradient":""}},"ast-content-background-meta":{"desktop":{"background-color":"var(--ast-global-color-5)","background-image":"","background-repeat":"repeat","background-position":"center center","background-size":"auto","background-attachment":"scroll","background-type":"","background-media":"","overlay-type":"","overlay-color":"","overlay-opacity":"","overlay-gradient":""},"tablet":{"background-color":"var(--ast-global-color-5)","background-image":"","background-repeat":"repeat","background-position":"center center","background-size":"auto","background-attachment":"scroll","background-type":"","background-media":"","overlay-type":"","overlay-color":"","overlay-opacity":"","overlay-gradient":""},"mobile":{"background-color":"var(--ast-global-color-5)","background-image":"","background-repeat":"repeat","background-position":"center center","background-size":"auto","background-attachment":"scroll","background-type":"","background-media":"","overlay-type":"","overlay-color":"","overlay-opacity":"","overlay-gradient":""}}},"product_brand":[],"product_cat":[35],"product_tag":[],"class_list":{"0":"post-1731","1":"product","2":"type-product","3":"status-publish","4":"has-post-thumbnail","6":"product_cat-canvastotebag","7":"desktop-align-left","8":"tablet-align-left","9":"mobile-align-left","11":"first","12":"instock","13":"shipping-taxable","14":"product-type-simple"},"_links":{"self":[{"href":"https:\/\/precisebag.com\/fr\/wp-json\/wp\/v2\/product\/1731","targetHints":{"allow":["GET"]}}],"collection":[{"href":"https:\/\/precisebag.com\/fr\/wp-json\/wp\/v2\/product"}],"about":[{"href":"https:\/\/precisebag.com\/fr\/wp-json\/wp\/v2\/types\/product"}],"replies":[{"embeddable":true,"href":"https:\/\/precisebag.com\/fr\/wp-json\/wp\/v2\/comments?post=1731"}],"wp:featuredmedia":[{"embeddable":true,"href":"https:\/\/precisebag.com\/fr\/wp-json\/wp\/v2\/media\/1733"}],"wp:attachment":[{"href":"https:\/\/precisebag.com\/fr\/wp-json\/wp\/v2\/media?parent=1731"}],"wp:term":[{"taxonomy":"product_brand","embeddable":true,"href":"https:\/\/precisebag.com\/fr\/wp-json\/wp\/v2\/product_brand?post=1731"},{"taxonomy":"product_cat","embeddable":true,"href":"https:\/\/precisebag.com\/fr\/wp-json\/wp\/v2\/product_cat?post=1731"},{"taxonomy":"product_tag","embeddable":true,"href":"https:\/\/precisebag.com\/fr\/wp-json\/wp\/v2\/product_tag?post=1731"}],"curies":[{"name":"wp","href":"https:\/\/api.w.org\/{rel}","templated":true}]}}