{"id":2859,"date":"2022-09-08T11:14:21","date_gmt":"2022-09-08T11:14:21","guid":{"rendered":"https:\/\/precisebag.com\/?post_type=product&#038;p=2859"},"modified":"2022-09-08T11:16:28","modified_gmt":"2022-09-08T11:16:28","slug":"lightweight-travel-sport-floating-waterproof-dry-bag-with-logo","status":"publish","type":"product","link":"https:\/\/precisebag.com\/fr\/produit\/lightweight-travel-sport-floating-waterproof-dry-bag-with-logo\/","title":{"rendered":"Sac \u00e9tanche flottant l\u00e9ger de sport de voyage avec logo"},"content":{"rendered":"<h2><strong><b>D\u00e9tails rapides<\/b><\/strong><\/h2>\n<ul>\n<li>Lieu d&#039;origine\u00a0: Jiangsu, Chine<\/li>\n<li>Nom de marque : oem\/odm<\/li>\n<li>Nom du produit : sac \u00e9tanche \u00e9tanche.<\/li>\n<li>Mat\u00e9riel:PVC\/TUP\/Nylon<\/li>\n<li>Utilisation : camping en plein air, randonn\u00e9e, voyage.<\/li>\n<li>Couleur:Couleur personnalis\u00e9e<\/li>\n<li>Caract\u00e9ristique: Preuve de l&#039;eau<\/li>\n<li>Logo\u00a0: Logo du client<\/li>\n<li>MOQ\u00a0: 300<\/li>\n<li>Taille : 5L\/10L\/15L\/20L\/30L\/40L\/50L etc.<\/li>\n<li>\u00e9chantillon\u00a0: disponible<\/li>\n<\/ul>\n<h2>Fonctionnalit\u00e9s<\/h2>\n<ul>\n<li>Le sac \u00e0 dos \u00e9tanche est fabriqu\u00e9 \u00e0 partir d&#039;un mat\u00e9riau imperm\u00e9able, r\u00e9sistant aux rayures et tr\u00e8s performant, garantissant qu&#039;aucune eau ne peut p\u00e9n\u00e9trer par le haut du sac \u00e9tanche pour garder votre \u00e9quipement de camping au sec pendant l&#039;aventure. Votre sac \u00e0 dos \u00e9tanche et sec est doublement renforc\u00e9 \u00e0 tous les principaux points de pression afin qu&#039;il soit suffisamment durable et r\u00e9sistant \u00e0 l&#039;usure. Serait certainement votre choix pour tout environnement difficile que vous pourriez rencontrer.<\/li>\n<li>Connectez la boucle sup\u00e9rieure et \u00e9tirez la sangle pour \u00e9viter que votre \u00e9quipement ne soit mouill\u00e9. Chaque sac \u00e9tanche offre une prise en main ferme et large pour votre commodit\u00e9. Design humanis\u00e9 : notre nouveau sac \u00e0 dos \u00e9tanche sp\u00e9cial est disponible dans un choix de 4 couleurs diff\u00e9rentes, chacune dot\u00e9e du syst\u00e8me de transport en nid d&#039;abeille. Il s&#039;agit d&#039;un syst\u00e8me personnalisable et confortable qui soutient le dos gr\u00e2ce \u00e0 une conception m\u00e9canique ergonomique pour rendre l&#039;exp\u00e9rience de l&#039;utilisateur plus agr\u00e9able. En outre, nous avons \u00e9galement plac\u00e9 la bande r\u00e9fl\u00e9chissante sur ce sac \u00e9tanche \u00e9tanche, qui est tr\u00e8s visible la nuit ou dans des conditions de faible luminosit\u00e9. Cela signifie que votre s\u00e9curit\u00e9 est assur\u00e9e.<\/li>\n<li>Poche ext\u00e9rieure et poche int\u00e9rieure : votre sac \u00e0 dos \u00e9tanche est livr\u00e9 avec une pochette ext\u00e9rieure anti-\u00e9claboussures et une pochette int\u00e9rieure vous permettant de garder vos affaires organis\u00e9es pour plus de commodit\u00e9. La pochette ext\u00e9rieure avant de ce sac \u00e9tanche contient des \u00e9l\u00e9ments essentiels comme un couteau, une lampe de poche et des effets personnels pour un acc\u00e8s rapide en cas d&#039;urgence. La pochette int\u00e9rieure permet de ranger ces articles de grande valeur pour \u00e9viter qu&#039;ils ne soient vol\u00e9s, comme les t\u00e9l\u00e9phones, les cartes, le portefeuille.<\/li>\n<li>Multi-usage : notre sac \u00e9tanche \u00e9tanche est parfait pour une vaste gamme d&#039;activit\u00e9s de plein air, telles que la randonn\u00e9e, le camping, l&#039;escalade, le v\u00e9lo, m\u00eame les sports nautiques comme la flottaison, le kayak, la natation, le rafting, le bateau, le cano\u00eb, la p\u00eache, le surf, l&#039;aviron... tout convient !<\/li>\n<\/ul>\n<p><img fetchpriority=\"high\" decoding=\"async\" class=\"alignnone size-full wp-image-2870\" src=\"https:\/\/precisebag.com\/wp-content\/uploads\/2022\/09\/\u8be6\u60c5\u98751.webp\" alt=\"sac \u00e9tanche flottant l\u00e9ger de sport de voyage avec logo\" width=\"790\" height=\"975\" srcset=\"https:\/\/precisebag.com\/wp-content\/uploads\/2022\/09\/\u8be6\u60c5\u98751.webp 790w, https:\/\/precisebag.com\/wp-content\/uploads\/2022\/09\/\u8be6\u60c5\u98751-243x300.webp 243w, https:\/\/precisebag.com\/wp-content\/uploads\/2022\/09\/\u8be6\u60c5\u98751-768x948.webp 768w, https:\/\/precisebag.com\/wp-content\/uploads\/2022\/09\/\u8be6\u60c5\u98751-10x12.webp 10w, https:\/\/precisebag.com\/wp-content\/uploads\/2022\/09\/\u8be6\u60c5\u98751-600x741.webp 600w\" sizes=\"(max-width: 790px) 100vw, 790px\" \/> <img decoding=\"async\" class=\"alignnone size-full wp-image-2869\" src=\"https:\/\/precisebag.com\/wp-content\/uploads\/2022\/09\/Lightweight-Travel-Sport-Floating-Waterproof-Dry-Bag-with-Logo-4.webp\" alt=\"sac \u00e9tanche flottant l\u00e9ger de sport de voyage avec logo\" width=\"790\" height=\"958\" srcset=\"https:\/\/precisebag.com\/wp-content\/uploads\/2022\/09\/Lightweight-Travel-Sport-Floating-Waterproof-Dry-Bag-with-Logo-4.webp 790w, https:\/\/precisebag.com\/wp-content\/uploads\/2022\/09\/Lightweight-Travel-Sport-Floating-Waterproof-Dry-Bag-with-Logo-4-247x300.webp 247w, https:\/\/precisebag.com\/wp-content\/uploads\/2022\/09\/Lightweight-Travel-Sport-Floating-Waterproof-Dry-Bag-with-Logo-4-768x931.webp 768w, https:\/\/precisebag.com\/wp-content\/uploads\/2022\/09\/Lightweight-Travel-Sport-Floating-Waterproof-Dry-Bag-with-Logo-4-10x12.webp 10w, https:\/\/precisebag.com\/wp-content\/uploads\/2022\/09\/Lightweight-Travel-Sport-Floating-Waterproof-Dry-Bag-with-Logo-4-600x728.webp 600w\" sizes=\"(max-width: 790px) 100vw, 790px\" \/> <img decoding=\"async\" class=\"alignnone size-full wp-image-2867\" src=\"https:\/\/precisebag.com\/wp-content\/uploads\/2022\/09\/Lightweight-Travel-Sport-Floating-Waterproof-Dry-Bag-with-Logo-3.webp\" alt=\"sac \u00e9tanche flottant l\u00e9ger de sport de voyage avec logo\" width=\"790\" height=\"2261\" srcset=\"https:\/\/precisebag.com\/wp-content\/uploads\/2022\/09\/Lightweight-Travel-Sport-Floating-Waterproof-Dry-Bag-with-Logo-3.webp 790w, https:\/\/precisebag.com\/wp-content\/uploads\/2022\/09\/Lightweight-Travel-Sport-Floating-Waterproof-Dry-Bag-with-Logo-3-105x300.webp 105w, https:\/\/precisebag.com\/wp-content\/uploads\/2022\/09\/Lightweight-Travel-Sport-Floating-Waterproof-Dry-Bag-with-Logo-3-358x1024.webp 358w, https:\/\/precisebag.com\/wp-content\/uploads\/2022\/09\/Lightweight-Travel-Sport-Floating-Waterproof-Dry-Bag-with-Logo-3-768x2198.webp 768w, https:\/\/precisebag.com\/wp-content\/uploads\/2022\/09\/Lightweight-Travel-Sport-Floating-Waterproof-Dry-Bag-with-Logo-3-537x1536.webp 537w, https:\/\/precisebag.com\/wp-content\/uploads\/2022\/09\/Lightweight-Travel-Sport-Floating-Waterproof-Dry-Bag-with-Logo-3-716x2048.webp 716w, https:\/\/precisebag.com\/wp-content\/uploads\/2022\/09\/Lightweight-Travel-Sport-Floating-Waterproof-Dry-Bag-with-Logo-3-4x12.webp 4w, https:\/\/precisebag.com\/wp-content\/uploads\/2022\/09\/Lightweight-Travel-Sport-Floating-Waterproof-Dry-Bag-with-Logo-3-600x1717.webp 600w\" sizes=\"(max-width: 790px) 100vw, 790px\" \/> <img loading=\"lazy\" decoding=\"async\" class=\"alignnone size-full wp-image-2865\" src=\"https:\/\/precisebag.com\/wp-content\/uploads\/2022\/09\/Lightweight-Travel-Sport-Floating-Waterproof-Dry-Bag-with-Logo-2.webp\" alt=\"sac \u00e9tanche flottant l\u00e9ger de sport de voyage avec logo\" width=\"790\" height=\"1728\" srcset=\"https:\/\/precisebag.com\/wp-content\/uploads\/2022\/09\/Lightweight-Travel-Sport-Floating-Waterproof-Dry-Bag-with-Logo-2.webp 790w, https:\/\/precisebag.com\/wp-content\/uploads\/2022\/09\/Lightweight-Travel-Sport-Floating-Waterproof-Dry-Bag-with-Logo-2-137x300.webp 137w, https:\/\/precisebag.com\/wp-content\/uploads\/2022\/09\/Lightweight-Travel-Sport-Floating-Waterproof-Dry-Bag-with-Logo-2-468x1024.webp 468w, https:\/\/precisebag.com\/wp-content\/uploads\/2022\/09\/Lightweight-Travel-Sport-Floating-Waterproof-Dry-Bag-with-Logo-2-768x1680.webp 768w, https:\/\/precisebag.com\/wp-content\/uploads\/2022\/09\/Lightweight-Travel-Sport-Floating-Waterproof-Dry-Bag-with-Logo-2-702x1536.webp 702w, https:\/\/precisebag.com\/wp-content\/uploads\/2022\/09\/Lightweight-Travel-Sport-Floating-Waterproof-Dry-Bag-with-Logo-2-5x12.webp 5w, https:\/\/precisebag.com\/wp-content\/uploads\/2022\/09\/Lightweight-Travel-Sport-Floating-Waterproof-Dry-Bag-with-Logo-2-600x1312.webp 600w\" sizes=\"(max-width: 790px) 100vw, 790px\" \/> <img loading=\"lazy\" decoding=\"async\" class=\"alignnone size-full wp-image-2863\" src=\"https:\/\/precisebag.com\/wp-content\/uploads\/2022\/09\/Lightweight-Travel-Sport-Floating-Waterproof-Dry-Bag-with-Logo-1.webp\" alt=\"sac \u00e9tanche flottant l\u00e9ger de sport de voyage avec logo\" width=\"790\" height=\"1479\" srcset=\"https:\/\/precisebag.com\/wp-content\/uploads\/2022\/09\/Lightweight-Travel-Sport-Floating-Waterproof-Dry-Bag-with-Logo-1.webp 790w, https:\/\/precisebag.com\/wp-content\/uploads\/2022\/09\/Lightweight-Travel-Sport-Floating-Waterproof-Dry-Bag-with-Logo-1-160x300.webp 160w, https:\/\/precisebag.com\/wp-content\/uploads\/2022\/09\/Lightweight-Travel-Sport-Floating-Waterproof-Dry-Bag-with-Logo-1-547x1024.webp 547w, https:\/\/precisebag.com\/wp-content\/uploads\/2022\/09\/Lightweight-Travel-Sport-Floating-Waterproof-Dry-Bag-with-Logo-1-768x1438.webp 768w, https:\/\/precisebag.com\/wp-content\/uploads\/2022\/09\/Lightweight-Travel-Sport-Floating-Waterproof-Dry-Bag-with-Logo-1-6x12.webp 6w, https:\/\/precisebag.com\/wp-content\/uploads\/2022\/09\/Lightweight-Travel-Sport-Floating-Waterproof-Dry-Bag-with-Logo-1-600x1123.webp 600w\" sizes=\"(max-width: 790px) 100vw, 790px\" \/><\/p>","protected":false},"excerpt":{"rendered":"<p>Le sac sec imperm\u00e9able flottant l\u00e9ger de voyage de sport avec le logo est un sac sec qui est parfait pour n&#039;importe quelle activit\u00e9 de l&#039;eau. Il est fait d&#039;un mat\u00e9riau l\u00e9ger qui ne vous alourdira pas lorsqu&#039;il est mouill\u00e9 et poss\u00e8de une fermeture solide pour garder vos affaires au sec. Le sac flotte \u00e9galement, il est donc parfait pour nager ou faire du bateau. Le sac \u00e9tanche l\u00e9ger et flottant avec logo est \u00e9galement id\u00e9al pour la randonn\u00e9e ou le camping car il est l\u00e9ger et facile \u00e0 transporter. Ce sac est un incontournable pour tous ceux qui aiment passer du temps \u00e0 l&#039;ext\u00e9rieur.<\/p>","protected":false},"featured_media":2866,"comment_status":"closed","ping_status":"closed","template":"","meta":{"_seopress_robots_primary_cat":"none","_seopress_titles_title":"","_seopress_titles_desc":"","_seopress_robots_index":"","site-sidebar-layout":"default","site-content-layout":"default","ast-site-content-layout":"default","site-content-style":"default","site-sidebar-style":"default","ast-global-header-display":"","ast-banner-title-visibility":"","ast-main-header-display":"","ast-hfb-above-header-display":"","ast-hfb-below-header-display":"","ast-hfb-mobile-header-display":"","site-post-title":"","ast-breadcrumbs-content":"","ast-featured-img":"","footer-sml-layout":"","theme-transparent-header-meta":"default","adv-header-id-meta":"","stick-header-meta":"","header-above-stick-meta":"","header-main-stick-meta":"","header-below-stick-meta":"","astra-migrate-meta-layouts":"default","ast-page-background-enabled":"default","ast-page-background-meta":{"desktop":{"background-color":"","background-image":"","background-repeat":"repeat","background-position":"center center","background-size":"auto","background-attachment":"scroll","background-type":"","background-media":"","overlay-type":"","overlay-color":"","overlay-opacity":"","overlay-gradient":""},"tablet":{"background-color":"","background-image":"","background-repeat":"repeat","background-position":"center center","background-size":"auto","background-attachment":"scroll","background-type":"","background-media":"","overlay-type":"","overlay-color":"","overlay-opacity":"","overlay-gradient":""},"mobile":{"background-color":"","background-image":"","background-repeat":"repeat","background-position":"center center","background-size":"auto","background-attachment":"scroll","background-type":"","background-media":"","overlay-type":"","overlay-color":"","overlay-opacity":"","overlay-gradient":""}},"ast-content-background-meta":{"desktop":{"background-color":"var(--ast-global-color-5)","background-image":"","background-repeat":"repeat","background-position":"center center","background-size":"auto","background-attachment":"scroll","background-type":"","background-media":"","overlay-type":"","overlay-color":"","overlay-opacity":"","overlay-gradient":""},"tablet":{"background-color":"var(--ast-global-color-5)","background-image":"","background-repeat":"repeat","background-position":"center center","background-size":"auto","background-attachment":"scroll","background-type":"","background-media":"","overlay-type":"","overlay-color":"","overlay-opacity":"","overlay-gradient":""},"mobile":{"background-color":"var(--ast-global-color-5)","background-image":"","background-repeat":"repeat","background-position":"center center","background-size":"auto","background-attachment":"scroll","background-type":"","background-media":"","overlay-type":"","overlay-color":"","overlay-opacity":"","overlay-gradient":""}}},"product_brand":[],"product_cat":[40],"product_tag":[],"class_list":{"0":"post-2859","1":"product","2":"type-product","3":"status-publish","4":"has-post-thumbnail","6":"product_cat-drybag","7":"desktop-align-left","8":"tablet-align-left","9":"mobile-align-left","11":"first","12":"instock","13":"shipping-taxable","14":"product-type-simple"},"_links":{"self":[{"href":"https:\/\/precisebag.com\/fr\/wp-json\/wp\/v2\/product\/2859","targetHints":{"allow":["GET"]}}],"collection":[{"href":"https:\/\/precisebag.com\/fr\/wp-json\/wp\/v2\/product"}],"about":[{"href":"https:\/\/precisebag.com\/fr\/wp-json\/wp\/v2\/types\/product"}],"replies":[{"embeddable":true,"href":"https:\/\/precisebag.com\/fr\/wp-json\/wp\/v2\/comments?post=2859"}],"wp:featuredmedia":[{"embeddable":true,"href":"https:\/\/precisebag.com\/fr\/wp-json\/wp\/v2\/media\/2866"}],"wp:attachment":[{"href":"https:\/\/precisebag.com\/fr\/wp-json\/wp\/v2\/media?parent=2859"}],"wp:term":[{"taxonomy":"product_brand","embeddable":true,"href":"https:\/\/precisebag.com\/fr\/wp-json\/wp\/v2\/product_brand?post=2859"},{"taxonomy":"product_cat","embeddable":true,"href":"https:\/\/precisebag.com\/fr\/wp-json\/wp\/v2\/product_cat?post=2859"},{"taxonomy":"product_tag","embeddable":true,"href":"https:\/\/precisebag.com\/fr\/wp-json\/wp\/v2\/product_tag?post=2859"}],"curies":[{"name":"wp","href":"https:\/\/api.w.org\/{rel}","templated":true}]}}