{"id":2888,"date":"2022-09-08T12:08:11","date_gmt":"2022-09-08T12:08:11","guid":{"rendered":"https:\/\/precisebag.com\/?post_type=product&#038;p=2888"},"modified":"2022-09-08T12:08:14","modified_gmt":"2022-09-08T12:08:14","slug":"small-overboard-sports-waterproof-dry-bag","status":"publish","type":"product","link":"https:\/\/precisebag.com\/fr\/produit\/small-overboard-sports-waterproof-dry-bag\/","title":{"rendered":"Petit sac \u00e9tanche Overboard Sports \u00e9tanche"},"content":{"rendered":"<h2><strong><b>D\u00e9tails rapides<\/b><\/strong><\/h2>\n<ul>\n<li>Lieu d&#039;origine\u00a0: Jiangsu, Chine<\/li>\n<li>Nom de marque : oem\/odm<\/li>\n<li>Nom du produit : sac \u00e9tanche \u00e9tanche.<\/li>\n<li>Mat\u00e9riel:PVC\/TUP\/Nylon<\/li>\n<li>Utilisation : camping en plein air, randonn\u00e9e, voyage.<\/li>\n<li>Couleur:Couleur personnalis\u00e9e<\/li>\n<li>Caract\u00e9ristique: Preuve de l&#039;eau<\/li>\n<li>Logo\u00a0: Logo du client<\/li>\n<li>MOQ\u00a0: 500<\/li>\n<li>Taille : 5L\/10L\/15L\/20L\/30L\/40L\/50L etc.<\/li>\n<li>\u00e9chantillon\u00a0: disponible<\/li>\n<li>EXP\u00c9DITION\u00a0:\u00a0DHL \\ EMS \\ UPS \\ FEDEX \\ par mer \\ par avion<\/li>\n<\/ul>\n<h2>Fonctionnalit\u00e9s<\/h2>\n<ol>\n<li>Les coutures soud\u00e9es \u00e9tanches et le dessus rabattable offrent une protection IPX-6 pour votre \u00e9quipement dans une vari\u00e9t\u00e9 de sports et d&#039;activit\u00e9s de plein air.<\/li>\n<li>ACC\u00c8S RAPIDE \u00c0 L&#039;ARGENT ET \u00c0 LA CARTE D&#039;IDENTIT\u00c9\u00a0: la poche ext\u00e9rieure permet de ranger en toute s\u00e9curit\u00e9 les petits objets essentiels. Vous atteindrez facilement vos indispensables sans avoir \u00e0 fouiller dans votre sac, que vous fassiez du kayak, de la randonn\u00e9e ou que vous vous d\u00e9tendiez sur la plage.<\/li>\n<li>VOUS PERMET D&#039;\u00caTRE VISIBLE EN TOUTE S\u00c9CURIT\u00c9 LA NUIT\u00a0: la bordure r\u00e9fl\u00e9chissante autour de la fermeture \u00e9clair de la poche vous permet d&#039;\u00eatre vu. De plus, il vous aide \u00e0 rep\u00e9rer et \u00e0 r\u00e9cup\u00e9rer votre sac s&#039;il tombe par-dessus bord.<\/li>\n<li>SANGLE D&#039;\u00c9PAULE R\u00c9GLABLE AMOVIBLE\u00a0: passez la sangle sur votre \u00e9paule pour transporter facilement votre \u00e9quipement n&#039;importe o\u00f9. Ou attachez la sangle \u00e0 votre bateau ou kayak pour garder votre sac \u00e0 port\u00e9e de main.<\/li>\n<\/ol>","protected":false},"excerpt":{"rendered":"<p>Le petit sac \u00e9tanche Overboard Sports est un sac \u00e9tanche con\u00e7u pour garder vos affaires en s\u00e9curit\u00e9 et au sec lorsque vous \u00eates sur l&#039;eau. Le sac est fabriqu\u00e9 \u00e0 partir d&#039;un mat\u00e9riau imperm\u00e9able qui gardera vos affaires au sec m\u00eame s&#039;il est mouill\u00e9. Le sac est \u00e9galement dot\u00e9 d&#039;une fermeture \u00e0 enroulement qui emp\u00eache l&#039;eau de p\u00e9n\u00e9trer. Le sac \u00e9tanche Small Overboard Sports \u00e9tanche est parfait pour garder vos affaires en s\u00e9curit\u00e9 lorsque vous \u00eates sur l&#039;eau.<\/p>","protected":false},"featured_media":2890,"comment_status":"closed","ping_status":"closed","template":"","meta":{"_seopress_robots_primary_cat":"","_seopress_titles_title":"","_seopress_titles_desc":"","_seopress_robots_index":"","site-sidebar-layout":"default","site-content-layout":"default","ast-site-content-layout":"default","site-content-style":"default","site-sidebar-style":"default","ast-global-header-display":"","ast-banner-title-visibility":"","ast-main-header-display":"","ast-hfb-above-header-display":"","ast-hfb-below-header-display":"","ast-hfb-mobile-header-display":"","site-post-title":"","ast-breadcrumbs-content":"","ast-featured-img":"","footer-sml-layout":"","theme-transparent-header-meta":"default","adv-header-id-meta":"","stick-header-meta":"","header-above-stick-meta":"","header-main-stick-meta":"","header-below-stick-meta":"","astra-migrate-meta-layouts":"default","ast-page-background-enabled":"default","ast-page-background-meta":{"desktop":{"background-color":"","background-image":"","background-repeat":"repeat","background-position":"center center","background-size":"auto","background-attachment":"scroll","background-type":"","background-media":"","overlay-type":"","overlay-color":"","overlay-opacity":"","overlay-gradient":""},"tablet":{"background-color":"","background-image":"","background-repeat":"repeat","background-position":"center center","background-size":"auto","background-attachment":"scroll","background-type":"","background-media":"","overlay-type":"","overlay-color":"","overlay-opacity":"","overlay-gradient":""},"mobile":{"background-color":"","background-image":"","background-repeat":"repeat","background-position":"center center","background-size":"auto","background-attachment":"scroll","background-type":"","background-media":"","overlay-type":"","overlay-color":"","overlay-opacity":"","overlay-gradient":""}},"ast-content-background-meta":{"desktop":{"background-color":"var(--ast-global-color-5)","background-image":"","background-repeat":"repeat","background-position":"center center","background-size":"auto","background-attachment":"scroll","background-type":"","background-media":"","overlay-type":"","overlay-color":"","overlay-opacity":"","overlay-gradient":""},"tablet":{"background-color":"var(--ast-global-color-5)","background-image":"","background-repeat":"repeat","background-position":"center center","background-size":"auto","background-attachment":"scroll","background-type":"","background-media":"","overlay-type":"","overlay-color":"","overlay-opacity":"","overlay-gradient":""},"mobile":{"background-color":"var(--ast-global-color-5)","background-image":"","background-repeat":"repeat","background-position":"center center","background-size":"auto","background-attachment":"scroll","background-type":"","background-media":"","overlay-type":"","overlay-color":"","overlay-opacity":"","overlay-gradient":""}}},"product_brand":[],"product_cat":[40],"product_tag":[],"class_list":{"0":"post-2888","1":"product","2":"type-product","3":"status-publish","4":"has-post-thumbnail","6":"product_cat-drybag","7":"desktop-align-left","8":"tablet-align-left","9":"mobile-align-left","11":"first","12":"instock","13":"shipping-taxable","14":"product-type-simple"},"_links":{"self":[{"href":"https:\/\/precisebag.com\/fr\/wp-json\/wp\/v2\/product\/2888","targetHints":{"allow":["GET"]}}],"collection":[{"href":"https:\/\/precisebag.com\/fr\/wp-json\/wp\/v2\/product"}],"about":[{"href":"https:\/\/precisebag.com\/fr\/wp-json\/wp\/v2\/types\/product"}],"replies":[{"embeddable":true,"href":"https:\/\/precisebag.com\/fr\/wp-json\/wp\/v2\/comments?post=2888"}],"wp:featuredmedia":[{"embeddable":true,"href":"https:\/\/precisebag.com\/fr\/wp-json\/wp\/v2\/media\/2890"}],"wp:attachment":[{"href":"https:\/\/precisebag.com\/fr\/wp-json\/wp\/v2\/media?parent=2888"}],"wp:term":[{"taxonomy":"product_brand","embeddable":true,"href":"https:\/\/precisebag.com\/fr\/wp-json\/wp\/v2\/product_brand?post=2888"},{"taxonomy":"product_cat","embeddable":true,"href":"https:\/\/precisebag.com\/fr\/wp-json\/wp\/v2\/product_cat?post=2888"},{"taxonomy":"product_tag","embeddable":true,"href":"https:\/\/precisebag.com\/fr\/wp-json\/wp\/v2\/product_tag?post=2888"}],"curies":[{"name":"wp","href":"https:\/\/api.w.org\/{rel}","templated":true}]}}