{"id":2897,"date":"2023-11-14T12:34:02","date_gmt":"2023-11-14T12:34:02","guid":{"rendered":"https:\/\/precisebag.com\/?post_type=product&#038;p=2897"},"modified":"2023-11-14T12:34:37","modified_gmt":"2023-11-14T12:34:37","slug":"cooler-wine-bag-wine-bag","status":"publish","type":"product","link":"https:\/\/precisebag.com\/fr\/produit\/cooler-wine-bag-wine-bag\/","title":{"rendered":"Sac \u00e0 vin plus frais, sac \u00e0 vin"},"content":{"rendered":"<h2>Description<\/h2>\n<p>Un sac isotherme \u00e0 vin, \u00e9galement appel\u00e9 fourre-tout \u00e0 vin ou porte-bouteilles, est un accessoire pratique pour transporter et conserver du vin ou d&#039;autres boissons \u00e0 la temp\u00e9rature souhait\u00e9e, que vous alliez \u00e0 un pique-nique, \u00e0 une f\u00eate ou que vous souhaitiez simplement conserver votre le vin frais lors de vos d\u00e9placements. Ces sacs sont con\u00e7us pour maintenir la temp\u00e9rature du vin et le prot\u00e9ger des facteurs ext\u00e9rieurs pouvant affecter sa qualit\u00e9. Lorsque vous choisissez un sac isotherme \u00e0 vin, tenez compte de vos besoins sp\u00e9cifiques, tels que le nombre de bouteilles que vous souhaitez transporter et si vous pr\u00e9f\u00e9rez un design plus basique ou \u00e9l\u00e9gant.<\/p>\n<h2><strong><b>Informations Compl\u00e9mentaires<\/b><\/strong><\/h2>\n<table>\n<tbody>\n<tr>\n<td width=\"426\">Taille<\/td>\n<td width=\"426\">Sur mesure<\/td>\n<\/tr>\n<tr>\n<td width=\"426\">D\u00e9lai de livraison<\/td>\n<td width=\"426\">30 jours<\/td>\n<\/tr>\n<tr>\n<td width=\"426\">Couleur<\/td>\n<td width=\"426\">Blanc, noir, gris ou sur mesure<\/td>\n<\/tr>\n<tr>\n<td width=\"426\">MOQ<\/td>\n<td width=\"426\">1000 pi\u00e8ces<\/td>\n<\/tr>\n<tr>\n<td width=\"426\">Mat\u00e9riel<\/td>\n<td width=\"426\">Oxford, polyester, non tiss\u00e9, papier d&#039;aluminium\u2026<\/td>\n<\/tr>\n<tr>\n<td width=\"426\">Conditions de paiement<\/td>\n<td width=\"426\">T\/T, L\/C, Paypal, etc.<\/td>\n<\/tr>\n<\/tbody>\n<\/table>\n<h2><strong><b>Pourquoi nous choisir?<\/b><\/strong><\/h2>\n<ul>\n<li><b><\/b><strong><b>H<\/b><\/strong><strong><b>haut <\/b><\/strong><strong><b>Q<\/b><\/strong><strong><b>qualit\u00e9 et <\/b><\/strong><strong><b>R.<\/b><\/strong><strong><b>fiabilit\u00e9<\/b><\/strong><\/li>\n<li><b><\/b><strong><b>Exceptionnel <\/b><\/strong><strong><b>C<\/b><\/strong><strong><b>client <\/b><\/strong><strong><b>S<\/b><\/strong><strong><b>service<\/b><\/strong><\/li>\n<li><b><\/b><strong><b>Comp\u00e9titif <\/b><\/strong><strong><b>P.<\/b><\/strong><strong><b>riz<\/b><\/strong><\/li>\n<li><b><\/b><strong><b>Personnalisation<\/b><\/strong><\/li>\n<li><b><\/b><strong><b>Fourniture directe en usine<\/b><\/strong><b><\/b><\/li>\n<\/ul>\n<h2><strong><b>Sac \u00e0 vin plus frais<\/b><\/strong><\/h2>\n<p>1. Isolation : les sacs isothermes \u00e0 vin sont g\u00e9n\u00e9ralement dot\u00e9s de mat\u00e9riaux isolants pour garder le vin au frais ou maintenir sa temp\u00e9rature. Certains sacs utilisent de la mousse isolante ou du papier d&#039;aluminium, tandis que d&#039;autres sont dot\u00e9s de packs de gel ou de doublures thermiques qui peuvent \u00eatre congel\u00e9s et ins\u00e9r\u00e9s dans le sac.<\/p>\n<p>2. Taille : les sacs isothermes \u00e0 vin sont disponibles en diff\u00e9rentes tailles pour accueillir une ou plusieurs bouteilles de vin.<\/p>\n<p>3.Style : les sacs isothermes \u00e0 vin sont disponibles dans diff\u00e9rents styles et mat\u00e9riaux, allant de designs simples et fonctionnels \u00e0 des options plus \u00e9l\u00e9gantes et styl\u00e9es.<\/p>\n<p>4. S\u00e9parateurs r\u00e9glables : certains sacs isothermes \u00e0 vin ont des s\u00e9parateurs ou des compartiments r\u00e9glables pour garder les bouteilles s\u00e9par\u00e9es et s\u00e9curis\u00e9es pendant le transport.<\/p>\n<p>5.Portabilit\u00e9 : les sacs isothermes \u00e0 vin sont souvent livr\u00e9s avec des poign\u00e9es ou des sangles pour un transport facile, et certains sont con\u00e7us pour \u00eatre de style sac \u00e0 dos pour un transport mains libres.<\/p>\n<p><img fetchpriority=\"high\" decoding=\"async\" class=\"alignnone size-full wp-image-2903\" src=\"https:\/\/precisebag.com\/wp-content\/uploads\/2023\/11\/certificate1.png\" alt=\"sac \u00e0 vin plus frais, sac \u00e0 vin\" width=\"1200\" height=\"450\" srcset=\"https:\/\/precisebag.com\/wp-content\/uploads\/2023\/11\/certificate1.png 1200w, https:\/\/precisebag.com\/wp-content\/uploads\/2023\/11\/certificate1-300x113.png 300w, https:\/\/precisebag.com\/wp-content\/uploads\/2023\/11\/certificate1-1024x384.png 1024w, https:\/\/precisebag.com\/wp-content\/uploads\/2023\/11\/certificate1-768x288.png 768w, https:\/\/precisebag.com\/wp-content\/uploads\/2023\/11\/certificate1-18x7.png 18w, https:\/\/precisebag.com\/wp-content\/uploads\/2023\/11\/certificate1-600x225.png 600w\" sizes=\"(max-width: 1200px) 100vw, 1200px\" \/><\/p>\n<h2><strong><b>D\u00e9tails des sacs personnalis\u00e9s<\/b><\/strong><\/h2>\n<p><img decoding=\"async\" class=\"size-full wp-image-2902 aligncenter\" src=\"https:\/\/precisebag.com\/wp-content\/uploads\/2023\/11\/precise.png\" alt=\"sac \u00e0 vin plus frais, sac \u00e0 vin\" width=\"750\" height=\"477\" srcset=\"https:\/\/precisebag.com\/wp-content\/uploads\/2023\/11\/precise.png 750w, https:\/\/precisebag.com\/wp-content\/uploads\/2023\/11\/precise-300x191.png 300w, https:\/\/precisebag.com\/wp-content\/uploads\/2023\/11\/precise-18x12.png 18w, https:\/\/precisebag.com\/wp-content\/uploads\/2023\/11\/precise-600x382.png 600w\" sizes=\"(max-width: 750px) 100vw, 750px\" \/><\/p>","protected":false},"excerpt":{"rendered":"<p>Un sac isotherme \u00e0 vin, \u00e9galement appel\u00e9 fourre-tout \u00e0 vin ou porte-bouteilles, est un accessoire pratique pour transporter et conserver du vin ou d&#039;autres boissons \u00e0 la temp\u00e9rature souhait\u00e9e, que vous alliez \u00e0 un pique-nique, \u00e0 une f\u00eate ou que vous souhaitiez simplement conserver votre le vin frais lors de vos d\u00e9placements. Ces sacs sont con\u00e7us pour maintenir la temp\u00e9rature du vin et le prot\u00e9ger des facteurs ext\u00e9rieurs pouvant affecter sa qualit\u00e9. Lorsque vous choisissez un sac isotherme \u00e0 vin, tenez compte de vos besoins sp\u00e9cifiques, tels que le nombre de bouteilles que vous souhaitez transporter et si vous pr\u00e9f\u00e9rez un design plus basique ou \u00e9l\u00e9gant.<\/p>","protected":false},"featured_media":2900,"comment_status":"closed","ping_status":"closed","template":"","meta":{"_seopress_robots_primary_cat":"none","_seopress_titles_title":"","_seopress_titles_desc":"","_seopress_robots_index":"","site-sidebar-layout":"default","site-content-layout":"default","ast-site-content-layout":"default","site-content-style":"default","site-sidebar-style":"default","ast-global-header-display":"","ast-banner-title-visibility":"","ast-main-header-display":"","ast-hfb-above-header-display":"","ast-hfb-below-header-display":"","ast-hfb-mobile-header-display":"","site-post-title":"","ast-breadcrumbs-content":"","ast-featured-img":"","footer-sml-layout":"","theme-transparent-header-meta":"default","adv-header-id-meta":"","stick-header-meta":"","header-above-stick-meta":"","header-main-stick-meta":"","header-below-stick-meta":"","astra-migrate-meta-layouts":"default","ast-page-background-enabled":"default","ast-page-background-meta":{"desktop":{"background-color":"","background-image":"","background-repeat":"repeat","background-position":"center center","background-size":"auto","background-attachment":"scroll","background-type":"","background-media":"","overlay-type":"","overlay-color":"","overlay-opacity":"","overlay-gradient":""},"tablet":{"background-color":"","background-image":"","background-repeat":"repeat","background-position":"center center","background-size":"auto","background-attachment":"scroll","background-type":"","background-media":"","overlay-type":"","overlay-color":"","overlay-opacity":"","overlay-gradient":""},"mobile":{"background-color":"","background-image":"","background-repeat":"repeat","background-position":"center center","background-size":"auto","background-attachment":"scroll","background-type":"","background-media":"","overlay-type":"","overlay-color":"","overlay-opacity":"","overlay-gradient":""}},"ast-content-background-meta":{"desktop":{"background-color":"var(--ast-global-color-5)","background-image":"","background-repeat":"repeat","background-position":"center center","background-size":"auto","background-attachment":"scroll","background-type":"","background-media":"","overlay-type":"","overlay-color":"","overlay-opacity":"","overlay-gradient":""},"tablet":{"background-color":"var(--ast-global-color-5)","background-image":"","background-repeat":"repeat","background-position":"center center","background-size":"auto","background-attachment":"scroll","background-type":"","background-media":"","overlay-type":"","overlay-color":"","overlay-opacity":"","overlay-gradient":""},"mobile":{"background-color":"var(--ast-global-color-5)","background-image":"","background-repeat":"repeat","background-position":"center center","background-size":"auto","background-attachment":"scroll","background-type":"","background-media":"","overlay-type":"","overlay-color":"","overlay-opacity":"","overlay-gradient":""}}},"product_brand":[],"product_cat":[16],"product_tag":[],"class_list":{"0":"post-2897","1":"product","2":"type-product","3":"status-publish","4":"has-post-thumbnail","6":"product_cat-uncategorized","7":"desktop-align-left","8":"tablet-align-left","9":"mobile-align-left","11":"first","12":"instock","13":"shipping-taxable","14":"product-type-simple"},"_links":{"self":[{"href":"https:\/\/precisebag.com\/fr\/wp-json\/wp\/v2\/product\/2897","targetHints":{"allow":["GET"]}}],"collection":[{"href":"https:\/\/precisebag.com\/fr\/wp-json\/wp\/v2\/product"}],"about":[{"href":"https:\/\/precisebag.com\/fr\/wp-json\/wp\/v2\/types\/product"}],"replies":[{"embeddable":true,"href":"https:\/\/precisebag.com\/fr\/wp-json\/wp\/v2\/comments?post=2897"}],"wp:featuredmedia":[{"embeddable":true,"href":"https:\/\/precisebag.com\/fr\/wp-json\/wp\/v2\/media\/2900"}],"wp:attachment":[{"href":"https:\/\/precisebag.com\/fr\/wp-json\/wp\/v2\/media?parent=2897"}],"wp:term":[{"taxonomy":"product_brand","embeddable":true,"href":"https:\/\/precisebag.com\/fr\/wp-json\/wp\/v2\/product_brand?post=2897"},{"taxonomy":"product_cat","embeddable":true,"href":"https:\/\/precisebag.com\/fr\/wp-json\/wp\/v2\/product_cat?post=2897"},{"taxonomy":"product_tag","embeddable":true,"href":"https:\/\/precisebag.com\/fr\/wp-json\/wp\/v2\/product_tag?post=2897"}],"curies":[{"name":"wp","href":"https:\/\/api.w.org\/{rel}","templated":true}]}}