{"id":2904,"date":"2023-11-14T12:39:05","date_gmt":"2023-11-14T12:39:05","guid":{"rendered":"https:\/\/precisebag.com\/?post_type=product&#038;p=2904"},"modified":"2023-11-14T12:39:08","modified_gmt":"2023-11-14T12:39:08","slug":"laundry-bag","status":"publish","type":"product","link":"https:\/\/precisebag.com\/fr\/produit\/laundry-bag\/","title":{"rendered":"Sac \u00e0 linge"},"content":{"rendered":"<p>Les sacs \u00e0 linge commerciaux et industriels robustes sont con\u00e7us pour r\u00e9sister aux rigueurs des op\u00e9rations de blanchisserie \u00e0 grand volume, telles que celles que l&#039;on trouve dans les h\u00f4tels, les h\u00f4pitaux, les restaurants et autres entreprises. Ces sacs sont g\u00e9n\u00e9ralement fabriqu\u00e9s \u00e0 partir de mat\u00e9riaux durables et comportent des coutures et des poign\u00e9es renforc\u00e9es pour garantir qu&#039;ils peuvent supporter de lourdes charges de linge sans se d\u00e9chirer ni se casser. Dans les environnements commerciaux tels que les h\u00f4tels, les laveries automatiques, les h\u00f4pitaux et les salles de sport, la gestion de grands volumes de linge n\u00e9cessite des solutions durables et fiables.<\/p>\n<h2><strong><b>Sac \u00e0 linge industriel commercial robuste<\/b><\/strong><strong><b>\u00a0<\/b><\/strong><\/h2>\n<h2><strong><b>Description<\/b><\/strong><\/h2>\n<p>Les sacs \u00e0 linge commerciaux et industriels robustes sont con\u00e7us pour r\u00e9sister aux rigueurs des op\u00e9rations de blanchisserie \u00e0 grand volume, telles que celles que l&#039;on trouve dans les h\u00f4tels, les h\u00f4pitaux, les restaurants et autres entreprises. Ces sacs sont g\u00e9n\u00e9ralement fabriqu\u00e9s \u00e0 partir de mat\u00e9riaux durables et comportent des coutures et des poign\u00e9es renforc\u00e9es pour garantir qu&#039;ils peuvent supporter de lourdes charges de linge sans se d\u00e9chirer ni se casser. Dans les environnements commerciaux tels que les h\u00f4tels, les laveries automatiques, les h\u00f4pitaux et les salles de sport, la gestion de grands volumes de linge n\u00e9cessite des solutions durables et fiables.<\/p>\n<h2><strong><b>Informations Compl\u00e9mentaires<\/b><\/strong><\/h2>\n<table>\n<tbody>\n<tr>\n<td width=\"426\">Taille<\/td>\n<td width=\"426\">Accepter la coutume<\/td>\n<\/tr>\n<tr>\n<td width=\"426\">D\u00e9lai de livraison<\/td>\n<td width=\"426\">Environ 30 jours<\/td>\n<\/tr>\n<tr>\n<td width=\"426\">Mat\u00e9riel<\/td>\n<td width=\"426\">Nylon, Polyester, Coton, PEVA, Non-tiss\u00e9\u2026<\/td>\n<\/tr>\n<tr>\n<td width=\"426\">MOQ<\/td>\n<td width=\"426\">1000 pi\u00e8ces<\/td>\n<\/tr>\n<tr>\n<td width=\"426\">Origine<\/td>\n<td width=\"426\">Fabriqu\u00e9 en Chine<\/td>\n<\/tr>\n<tr>\n<td width=\"426\">Conditions de paiement<\/td>\n<td width=\"426\">T\/T, L\/C, Paypal, etc.<\/td>\n<\/tr>\n<\/tbody>\n<\/table>\n<h2><strong><b>Pourquoi nous choisir?<\/b><\/strong><\/h2>\n<ul>\n<li><b><\/b><strong><b>haute qualit\u00e9 et fiabilit\u00e9<\/b><\/strong><\/li>\n<li><b><\/b><strong><b>Service client exceptionnel<\/b><\/strong><\/li>\n<li><b><\/b><strong><b>Des prix comp\u00e9titifs<\/b><\/strong><\/li>\n<li><b><\/b><strong><b>Personnalisation<\/b><\/strong><\/li>\n<li><b><\/b><strong><b>Fourniture directe en usine<\/b><\/strong><\/li>\n<\/ul>\n<h2><strong><b>Sac \u00e0 linge industriel commercial robuste<\/b><\/strong><strong><b>\u00a0<\/b><\/strong><\/h2>\n<ol>\n<li>Haute capacit\u00e9 et portance : les sacs \u00e0 linge industriels et commerciaux robustes disposent d&#039;une capacit\u00e9 g\u00e9n\u00e9reuse, permettant une manipulation efficace de grands volumes de linge. Qu&#039;il s&#039;agisse de draps, de serviettes ou d&#039;uniformes, ces sacs peuvent contenir des quantit\u00e9s importantes de linge en une seule fois. La conception spacieuse minimise le besoin de changements fr\u00e9quents de sac, \u00e9conomisant ainsi du temps et des efforts. De plus, les capacit\u00e9s de charge de ces sacs sont impressionnantes, leur permettant de supporter le poids d&#039;objets volumineux ou lourds sans forcer ni se d\u00e9chirer.<\/li>\n<li>Polyvalence et fonctionnalit\u00e9 polyvalente\u00a0:<\/li>\n<\/ol>\n<p>Bien qu&#039;ils soient principalement utilis\u00e9s pour la lessive commerciale, les sacs industriels commerciaux robustes offrent une polyvalence et peuvent servir \u00e0 de multiples fins dans diverses industries. Ces sacs sont id\u00e9aux pour ranger et transporter une large gamme d&#039;articles, notamment du linge de maison, des serviettes, de la literie, des uniformes et bien plus encore. Ils peuvent \u00e9galement \u00eatre utilis\u00e9s pour l\u2019\u00e9limination des d\u00e9chets ou comme sacs de rangement \u00e0 usage g\u00e9n\u00e9ral, ce qui en fait un atout polyvalent dans un environnement commercial.<\/p>\n<ol start=\"3\">\n<li>Coutures renforc\u00e9es : les sacs \u00e0 linge industriels ont des coutures et des coutures renforc\u00e9es pour \u00e9viter qu&#039;ils ne se d\u00e9chirent ou ne se d\u00e9tachent, m\u00eame lorsque vous transportez de lourdes charges.<\/li>\n<li>Mat\u00e9riau : Ces sacs \u00e0 linge sont souvent fabriqu\u00e9s \u00e0 partir de mat\u00e9riaux robustes comme le nylon, le polyester, la toile ou l&#039;Oxford. Le choix du mat\u00e9riau d\u00e9pend des exigences sp\u00e9cifiques de la buanderie et des types d&#039;articles \u00e0 laver.<\/li>\n<\/ol>\n<p><img fetchpriority=\"high\" decoding=\"async\" class=\"size-full wp-image-2903 aligncenter\" src=\"https:\/\/precisebag.com\/wp-content\/uploads\/2023\/11\/certificate1.png\" alt=\"sac \u00e0 vin plus frais, sac \u00e0 vin\" width=\"1200\" height=\"450\" srcset=\"https:\/\/precisebag.com\/wp-content\/uploads\/2023\/11\/certificate1.png 1200w, https:\/\/precisebag.com\/wp-content\/uploads\/2023\/11\/certificate1-300x113.png 300w, https:\/\/precisebag.com\/wp-content\/uploads\/2023\/11\/certificate1-1024x384.png 1024w, https:\/\/precisebag.com\/wp-content\/uploads\/2023\/11\/certificate1-768x288.png 768w, https:\/\/precisebag.com\/wp-content\/uploads\/2023\/11\/certificate1-18x7.png 18w, https:\/\/precisebag.com\/wp-content\/uploads\/2023\/11\/certificate1-600x225.png 600w\" sizes=\"(max-width: 1200px) 100vw, 1200px\" \/><\/p>","protected":false},"excerpt":{"rendered":"<p>Les sacs \u00e0 linge commerciaux et industriels robustes sont con\u00e7us pour r\u00e9sister aux rigueurs des op\u00e9rations de blanchisserie \u00e0 grand volume, telles que celles que l&#039;on trouve dans les h\u00f4tels, les h\u00f4pitaux, les restaurants et autres entreprises. Ces sacs sont g\u00e9n\u00e9ralement fabriqu\u00e9s \u00e0 partir de mat\u00e9riaux durables et comportent des coutures et des poign\u00e9es renforc\u00e9es pour garantir qu&#039;ils peuvent supporter de lourdes charges de linge sans se d\u00e9chirer ni se casser. Dans les environnements commerciaux tels que les h\u00f4tels, les laveries automatiques, les h\u00f4pitaux et les salles de sport, la gestion de grands volumes de linge n\u00e9cessite des solutions durables et fiables.<\/p>","protected":false},"featured_media":2909,"comment_status":"closed","ping_status":"closed","template":"","meta":{"_seopress_robots_primary_cat":"","_seopress_titles_title":"","_seopress_titles_desc":"","_seopress_robots_index":"","site-sidebar-layout":"default","site-content-layout":"default","ast-site-content-layout":"default","site-content-style":"default","site-sidebar-style":"default","ast-global-header-display":"","ast-banner-title-visibility":"","ast-main-header-display":"","ast-hfb-above-header-display":"","ast-hfb-below-header-display":"","ast-hfb-mobile-header-display":"","site-post-title":"","ast-breadcrumbs-content":"","ast-featured-img":"","footer-sml-layout":"","theme-transparent-header-meta":"default","adv-header-id-meta":"","stick-header-meta":"","header-above-stick-meta":"","header-main-stick-meta":"","header-below-stick-meta":"","astra-migrate-meta-layouts":"default","ast-page-background-enabled":"default","ast-page-background-meta":{"desktop":{"background-color":"","background-image":"","background-repeat":"repeat","background-position":"center center","background-size":"auto","background-attachment":"scroll","background-type":"","background-media":"","overlay-type":"","overlay-color":"","overlay-opacity":"","overlay-gradient":""},"tablet":{"background-color":"","background-image":"","background-repeat":"repeat","background-position":"center center","background-size":"auto","background-attachment":"scroll","background-type":"","background-media":"","overlay-type":"","overlay-color":"","overlay-opacity":"","overlay-gradient":""},"mobile":{"background-color":"","background-image":"","background-repeat":"repeat","background-position":"center center","background-size":"auto","background-attachment":"scroll","background-type":"","background-media":"","overlay-type":"","overlay-color":"","overlay-opacity":"","overlay-gradient":""}},"ast-content-background-meta":{"desktop":{"background-color":"var(--ast-global-color-5)","background-image":"","background-repeat":"repeat","background-position":"center center","background-size":"auto","background-attachment":"scroll","background-type":"","background-media":"","overlay-type":"","overlay-color":"","overlay-opacity":"","overlay-gradient":""},"tablet":{"background-color":"var(--ast-global-color-5)","background-image":"","background-repeat":"repeat","background-position":"center center","background-size":"auto","background-attachment":"scroll","background-type":"","background-media":"","overlay-type":"","overlay-color":"","overlay-opacity":"","overlay-gradient":""},"mobile":{"background-color":"var(--ast-global-color-5)","background-image":"","background-repeat":"repeat","background-position":"center center","background-size":"auto","background-attachment":"scroll","background-type":"","background-media":"","overlay-type":"","overlay-color":"","overlay-opacity":"","overlay-gradient":""}}},"product_brand":[],"product_cat":[16],"product_tag":[],"class_list":{"0":"post-2904","1":"product","2":"type-product","3":"status-publish","4":"has-post-thumbnail","6":"product_cat-uncategorized","7":"desktop-align-left","8":"tablet-align-left","9":"mobile-align-left","11":"first","12":"instock","13":"shipping-taxable","14":"product-type-simple"},"_links":{"self":[{"href":"https:\/\/precisebag.com\/fr\/wp-json\/wp\/v2\/product\/2904","targetHints":{"allow":["GET"]}}],"collection":[{"href":"https:\/\/precisebag.com\/fr\/wp-json\/wp\/v2\/product"}],"about":[{"href":"https:\/\/precisebag.com\/fr\/wp-json\/wp\/v2\/types\/product"}],"replies":[{"embeddable":true,"href":"https:\/\/precisebag.com\/fr\/wp-json\/wp\/v2\/comments?post=2904"}],"wp:featuredmedia":[{"embeddable":true,"href":"https:\/\/precisebag.com\/fr\/wp-json\/wp\/v2\/media\/2909"}],"wp:attachment":[{"href":"https:\/\/precisebag.com\/fr\/wp-json\/wp\/v2\/media?parent=2904"}],"wp:term":[{"taxonomy":"product_brand","embeddable":true,"href":"https:\/\/precisebag.com\/fr\/wp-json\/wp\/v2\/product_brand?post=2904"},{"taxonomy":"product_cat","embeddable":true,"href":"https:\/\/precisebag.com\/fr\/wp-json\/wp\/v2\/product_cat?post=2904"},{"taxonomy":"product_tag","embeddable":true,"href":"https:\/\/precisebag.com\/fr\/wp-json\/wp\/v2\/product_tag?post=2904"}],"curies":[{"name":"wp","href":"https:\/\/api.w.org\/{rel}","templated":true}]}}