{"id":2913,"date":"2023-11-14T13:16:04","date_gmt":"2023-11-14T13:16:04","guid":{"rendered":"https:\/\/precisebag.com\/?post_type=product&#038;p=2913"},"modified":"2023-11-14T13:16:06","modified_gmt":"2023-11-14T13:16:06","slug":"canvas-tote-bag","status":"publish","type":"product","link":"https:\/\/precisebag.com\/fr\/produit\/canvas-tote-bag\/","title":{"rendered":"Sac fourre-tout en toile"},"content":{"rendered":"<p>Le cabas en toile de coton est bien plus qu&#039;un simple accessoire tendance ; c&#039;est un symbole de consum\u00e9risme conscient et de mode durable. Sa durabilit\u00e9, sa polyvalence et sa facilit\u00e9 d&#039;entretien en ont fait un favori parmi les personnes soucieuses de l&#039;environnement et celles qui recherchent un sac \u00e9l\u00e9gant et fiable pour un usage quotidien. Les sacs fourre-tout en toile de coton douce et durable sont une option pratique, \u00e9l\u00e9gante et \u00e9cologique pour un usage quotidien. Ils sont fabriqu\u00e9s \u00e0 partir de toile de coton de haute qualit\u00e9, \u00e0 la fois douce et durable, ce qui en fait un excellent investissement qui durera des ann\u00e9es.<\/p>\n<h2><strong><b>Informations Compl\u00e9mentaires<\/b><\/strong><\/h2>\n<table>\n<tbody>\n<tr>\n<td width=\"426\">Taille<\/td>\n<td width=\"426\">Sur mesure<\/td>\n<\/tr>\n<tr>\n<td width=\"426\">D\u00e9lai de livraison<\/td>\n<td width=\"426\">30 jours<\/td>\n<\/tr>\n<tr>\n<td width=\"426\">Couleur<\/td>\n<td width=\"426\">Blanc, noir, gris ou sur mesure<\/td>\n<\/tr>\n<tr>\n<td width=\"426\">MOQ<\/td>\n<td width=\"426\">1000 pi\u00e8ces<\/td>\n<\/tr>\n<tr>\n<td width=\"426\">Mat\u00e9riel<\/td>\n<td width=\"426\">Toile<\/td>\n<\/tr>\n<tr>\n<td width=\"426\">Conditions de paiement<\/td>\n<td width=\"426\">T\/T, L\/C, Paypal, etc.<\/td>\n<\/tr>\n<\/tbody>\n<\/table>\n<h2><strong><b>Pourquoi nous choisir?<\/b><\/strong><\/h2>\n<ul>\n<li><b><\/b><strong><b>R\u00e9utilisable <\/b><\/strong><\/li>\n<li><b><\/b><strong><b>Respectueux de l&#039;environnement<\/b><\/strong><\/li>\n<li><b><\/b><strong><b>Des prix comp\u00e9titifs<\/b><\/strong><\/li>\n<li><b><\/b><strong><b>Personnalisation<\/b><\/strong><\/li>\n<li><b><\/b><strong><b>Fourniture directe en usine<\/b><\/strong><\/li>\n<\/ul>\n<h2><strong><b>Sac fourre-tout en toile de coton<\/b><\/strong><strong><b>\u00a0<\/b><\/strong><\/h2>\n<ol>\n<li>Durable : les sacs fourre-tout en toile de coton sont un symbole de durabilit\u00e9. Fabriqu\u00e9s \u00e0 partir de mat\u00e9riaux naturels et renouvelables, ils sont bien loin des sacs plastiques nocifs qui polluent notre environnement. Choisir la toile de coton plut\u00f4t que les sacs en plastique jetables est une \u00e9tape simple mais efficace vers la r\u00e9duction de votre empreinte carbone et le soutien de pratiques de mode durables.<\/li>\n<li>Durabilit\u00e9 : Ces sacs sont con\u00e7us pour durer. Contrairement aux sacs en plastique fragiles qui se d\u00e9chirent souvent sous une contrainte minime, les fourre-tout en toile de coton sont fabriqu\u00e9s \u00e0 partir de mat\u00e9riaux robustes qui peuvent r\u00e9sister \u00e0 une utilisation intensive.<\/li>\n<li>Polyvalent et \u00e9l\u00e9gant : les sacs fourre-tout en toile de coton sont disponibles dans une gamme de designs et de tailles \u00e9l\u00e9gants pour r\u00e9pondre \u00e0 diff\u00e9rents go\u00fbts et besoins. Des designs simples et classiques aux imprim\u00e9s vibrants et artistiques, il y a un fourre-tout en toile de coton pour tout le monde. Que vous alliez \u00e0 l&#039;\u00e9picerie, \u00e0 la plage, \u00e0 un pique-nique ou \u00e0 une vir\u00e9e shopping, il existe un fourre-tout en toile qui compl\u00e8te votre style et s&#039;adapte \u00e0 l&#039;occasion.<\/li>\n<li>Facile \u00e0 nettoyer : nettoyer et entretenir les sacs fourre-tout en toile de coton est un jeu d&#039;enfant. Beaucoup d\u2019entre eux sont lavables en machine ou peuvent \u00eatre facilement nettoy\u00e9s, garantissant ainsi qu\u2019ils restent en parfait \u00e9tat au fil du temps. La capacit\u00e9 de les garder propres aide \u00e0 pr\u00e9venir toute odeur ou contamination de vos courses, ce qui en fait un choix fiable pour un usage quotidien.<\/li>\n<\/ol>\n<p>&nbsp;<\/p>","protected":false},"excerpt":{"rendered":"<p>Le cabas en toile de coton est bien plus qu&#039;un simple accessoire tendance ; c&#039;est un symbole de consum\u00e9risme conscient et de mode durable. Sa durabilit\u00e9, sa polyvalence et sa facilit\u00e9 d&#039;entretien en ont fait un favori parmi les personnes soucieuses de l&#039;environnement et celles qui recherchent un sac \u00e9l\u00e9gant et fiable pour un usage quotidien. Les sacs fourre-tout en toile de coton douce et durable sont une option pratique, \u00e9l\u00e9gante et \u00e9cologique pour un usage quotidien. Ils sont fabriqu\u00e9s \u00e0 partir de toile de coton de haute qualit\u00e9, \u00e0 la fois douce et durable, ce qui en fait un excellent investissement qui durera des ann\u00e9es.<\/p>","protected":false},"featured_media":2918,"comment_status":"closed","ping_status":"closed","template":"","meta":{"_seopress_robots_primary_cat":"","_seopress_titles_title":"","_seopress_titles_desc":"","_seopress_robots_index":"","site-sidebar-layout":"default","site-content-layout":"default","ast-site-content-layout":"default","site-content-style":"default","site-sidebar-style":"default","ast-global-header-display":"","ast-banner-title-visibility":"","ast-main-header-display":"","ast-hfb-above-header-display":"","ast-hfb-below-header-display":"","ast-hfb-mobile-header-display":"","site-post-title":"","ast-breadcrumbs-content":"","ast-featured-img":"","footer-sml-layout":"","theme-transparent-header-meta":"default","adv-header-id-meta":"","stick-header-meta":"","header-above-stick-meta":"","header-main-stick-meta":"","header-below-stick-meta":"","astra-migrate-meta-layouts":"default","ast-page-background-enabled":"default","ast-page-background-meta":{"desktop":{"background-color":"","background-image":"","background-repeat":"repeat","background-position":"center center","background-size":"auto","background-attachment":"scroll","background-type":"","background-media":"","overlay-type":"","overlay-color":"","overlay-opacity":"","overlay-gradient":""},"tablet":{"background-color":"","background-image":"","background-repeat":"repeat","background-position":"center center","background-size":"auto","background-attachment":"scroll","background-type":"","background-media":"","overlay-type":"","overlay-color":"","overlay-opacity":"","overlay-gradient":""},"mobile":{"background-color":"","background-image":"","background-repeat":"repeat","background-position":"center center","background-size":"auto","background-attachment":"scroll","background-type":"","background-media":"","overlay-type":"","overlay-color":"","overlay-opacity":"","overlay-gradient":""}},"ast-content-background-meta":{"desktop":{"background-color":"var(--ast-global-color-5)","background-image":"","background-repeat":"repeat","background-position":"center center","background-size":"auto","background-attachment":"scroll","background-type":"","background-media":"","overlay-type":"","overlay-color":"","overlay-opacity":"","overlay-gradient":""},"tablet":{"background-color":"var(--ast-global-color-5)","background-image":"","background-repeat":"repeat","background-position":"center center","background-size":"auto","background-attachment":"scroll","background-type":"","background-media":"","overlay-type":"","overlay-color":"","overlay-opacity":"","overlay-gradient":""},"mobile":{"background-color":"var(--ast-global-color-5)","background-image":"","background-repeat":"repeat","background-position":"center center","background-size":"auto","background-attachment":"scroll","background-type":"","background-media":"","overlay-type":"","overlay-color":"","overlay-opacity":"","overlay-gradient":""}}},"product_brand":[],"product_cat":[16],"product_tag":[],"class_list":{"0":"post-2913","1":"product","2":"type-product","3":"status-publish","4":"has-post-thumbnail","6":"product_cat-uncategorized","7":"desktop-align-left","8":"tablet-align-left","9":"mobile-align-left","11":"first","12":"instock","13":"shipping-taxable","14":"product-type-simple"},"_links":{"self":[{"href":"https:\/\/precisebag.com\/fr\/wp-json\/wp\/v2\/product\/2913","targetHints":{"allow":["GET"]}}],"collection":[{"href":"https:\/\/precisebag.com\/fr\/wp-json\/wp\/v2\/product"}],"about":[{"href":"https:\/\/precisebag.com\/fr\/wp-json\/wp\/v2\/types\/product"}],"replies":[{"embeddable":true,"href":"https:\/\/precisebag.com\/fr\/wp-json\/wp\/v2\/comments?post=2913"}],"wp:featuredmedia":[{"embeddable":true,"href":"https:\/\/precisebag.com\/fr\/wp-json\/wp\/v2\/media\/2918"}],"wp:attachment":[{"href":"https:\/\/precisebag.com\/fr\/wp-json\/wp\/v2\/media?parent=2913"}],"wp:term":[{"taxonomy":"product_brand","embeddable":true,"href":"https:\/\/precisebag.com\/fr\/wp-json\/wp\/v2\/product_brand?post=2913"},{"taxonomy":"product_cat","embeddable":true,"href":"https:\/\/precisebag.com\/fr\/wp-json\/wp\/v2\/product_cat?post=2913"},{"taxonomy":"product_tag","embeddable":true,"href":"https:\/\/precisebag.com\/fr\/wp-json\/wp\/v2\/product_tag?post=2913"}],"curies":[{"name":"wp","href":"https:\/\/api.w.org\/{rel}","templated":true}]}}