{"id":1383,"date":"2022-03-20T04:19:19","date_gmt":"2022-03-20T04:19:19","guid":{"rendered":"https:\/\/precisebag.com\/?post_type=product&#038;p=1383"},"modified":"2022-03-21T12:42:03","modified_gmt":"2022-03-21T12:42:03","slug":"aluminum-foil-cooler-bags","status":"publish","type":"product","link":"https:\/\/precisebag.com\/pt\/produto\/aluminum-foil-cooler-bags\/","title":{"rendered":"Bolsas t\u00e9rmicas de folha de alum\u00ednio"},"content":{"rendered":"<p><strong>Descri\u00e7\u00e3o do produto<\/strong><br \/>\nO saco t\u00e9rmico de folha de alum\u00ednio pode ser usado em piqueniques ao ar livre ou na vida di\u00e1ria. Ele \u00e9 usado para segurar v\u00e1rios alimentos e manter a temperatura e frescura dos alimentos. \u00c9 uma esp\u00e9cie de embalagem ao ar livre.<\/p>\n<p>O material do saco t\u00e9rmico de isolamento \u00e9 principalmente tecido n\u00e3o tecido e folha de alum\u00ednio, e outros materiais comuns s\u00e3o oxford e poli\u00e9ster. A camada superficial deste tipo de bolsa t\u00e9rmica \u00e9 de poli\u00e9ster e a camada interna \u00e9 de folha de alum\u00ednio. J\u00e1 que falamos sobre meio ambiente e futuro, o pl\u00e1stico foi abandonado, ent\u00e3o precisamos descobrir um novo material para fazer a bolsa t\u00e9rmica. Nossa bolsa t\u00e9rmica \u00e9 ecologicamente correta e dur\u00e1vel, e durar\u00e1 anos. Al\u00e9m disso, eles v\u00eam em cores que resistem a muitas lavagens e secagem, para que voc\u00ea n\u00e3o precise se preocupar com a altera\u00e7\u00e3o do logotipo da sua empresa.<\/p>\n<p>A bolsa t\u00e9rmica \u00e9 um tipo de bolsa com efeito de temperatura constante, que pode manter frio\/quente (quente no inverno e fresco no ver\u00e3o). A camada de isolamento do produto \u00e9 uma folha de alum\u00ednio de isolamento ultra-espesso, que proporciona um bom efeito de isolamento t\u00e9rmico. O produto pode ser dobrado para facilitar o transporte. Nosso cliente usou este saco t\u00e9rmico para manter bebidas, frutas, peito, ch\u00e1, frutos do mar e outros alimentos frescos.<\/p>\n<p>Esta bolsa de tamanho grande possui z\u00edper dur\u00e1vel, que \u00e9 resistente e protege a comida que fica nas bolsas. Se os alimentos, bebidas e sopas estiverem em movimento, eles n\u00e3o derramar\u00e3o para fora dessas sacolas, o que significa que as pessoas n\u00e3o manchar\u00e3o as roupas quando almo\u00e7arem no trabalho ou na escola. Voc\u00ea pode comprar um pacote \u00fanico, dois pacotes, quatro pacotes de seis pacotes, doze sacos de pacote ou sacos de refrigerador de folha de alum\u00ednio de tamanho maior. Aceitamos tamanho, cor e material do cliente. Eles usaram a bolsa t\u00e9rmica para promover seus pr\u00f3prios produtos. Independentemente de seus objetivos, a bolsa t\u00e9rmica \u00e9 \u00fatil. As pessoas podiam armazenar muitos tipos de alimentos.<\/p>\n<p><strong>Especifica\u00e7\u00e3o<\/strong><\/p>\n<div class=\"table_wrap\">\n<table border=\"1\" cellspacing=\"0\">\n<tbody>\n<tr>\n<td valign=\"top\" width=\"284\">Material<\/td>\n<td valign=\"top\" width=\"284\">Oxford, folha de alum\u00ednio, PVC<\/td>\n<\/tr>\n<tr>\n<td valign=\"top\" width=\"284\">Tamanho<\/td>\n<td valign=\"top\" width=\"284\">Tamanho grande ou personalizado<\/td>\n<\/tr>\n<tr>\n<td valign=\"top\" width=\"284\">Cores<\/td>\n<td valign=\"top\" width=\"284\">Vermelho, preto ou personalizado<\/td>\n<\/tr>\n<tr>\n<td valign=\"top\" width=\"284\">Ordem minima<\/td>\n<td valign=\"top\" width=\"284\">100 pe\u00e7as<\/td>\n<\/tr>\n<tr>\n<td valign=\"top\" width=\"284\">OEM&amp;ODM<\/td>\n<td valign=\"top\" width=\"284\">Aceitar<\/td>\n<\/tr>\n<tr>\n<td valign=\"top\" width=\"284\">Logotipo<\/td>\n<td valign=\"top\" width=\"284\">Personalizado<\/td>\n<\/tr>\n<\/tbody>\n<\/table>\n<\/div>","protected":false},"excerpt":{"rendered":"<table border=\"1\" cellspacing=\"0\">\n<tbody>\n<tr>\n<td valign=\"top\" width=\"284\">Material<\/td>\n<td valign=\"top\" width=\"284\">Oxford, folha de alum\u00ednio, PVC<\/td>\n<\/tr>\n<tr>\n<td valign=\"top\" width=\"284\">Tamanho<\/td>\n<td valign=\"top\" width=\"284\">Tamanho grande ou personalizado<\/td>\n<\/tr>\n<tr>\n<td valign=\"top\" width=\"284\">Cores<\/td>\n<td valign=\"top\" width=\"284\">Vermelho, preto ou personalizado<\/td>\n<\/tr>\n<tr>\n<td valign=\"top\" width=\"284\">Ordem minima<\/td>\n<td valign=\"top\" width=\"284\">100 pe\u00e7as<\/td>\n<\/tr>\n<tr>\n<td valign=\"top\" width=\"284\">OEM&amp;ODM<\/td>\n<td valign=\"top\" width=\"284\">Aceitar<\/td>\n<\/tr>\n<tr>\n<td valign=\"top\" width=\"284\">Logotipo<\/td>\n<td valign=\"top\" width=\"284\">Personalizado<\/td>\n<\/tr>\n<\/tbody>\n<\/table>","protected":false},"featured_media":1359,"comment_status":"open","ping_status":"closed","template":"","meta":{"_seopress_robots_primary_cat":"","_seopress_titles_title":"","_seopress_titles_desc":"","_seopress_robots_index":"","site-sidebar-layout":"default","site-content-layout":"default","ast-site-content-layout":"default","site-content-style":"default","site-sidebar-style":"default","ast-global-header-display":"","ast-banner-title-visibility":"","ast-main-header-display":"","ast-hfb-above-header-display":"","ast-hfb-below-header-display":"","ast-hfb-mobile-header-display":"","site-post-title":"","ast-breadcrumbs-content":"","ast-featured-img":"","footer-sml-layout":"","theme-transparent-header-meta":"default","adv-header-id-meta":"","stick-header-meta":"","header-above-stick-meta":"","header-main-stick-meta":"","header-below-stick-meta":"","astra-migrate-meta-layouts":"default","ast-page-background-enabled":"default","ast-page-background-meta":{"desktop":{"background-color":"","background-image":"","background-repeat":"repeat","background-position":"center center","background-size":"auto","background-attachment":"scroll","background-type":"","background-media":"","overlay-type":"","overlay-color":"","overlay-opacity":"","overlay-gradient":""},"tablet":{"background-color":"","background-image":"","background-repeat":"repeat","background-position":"center center","background-size":"auto","background-attachment":"scroll","background-type":"","background-media":"","overlay-type":"","overlay-color":"","overlay-opacity":"","overlay-gradient":""},"mobile":{"background-color":"","background-image":"","background-repeat":"repeat","background-position":"center center","background-size":"auto","background-attachment":"scroll","background-type":"","background-media":"","overlay-type":"","overlay-color":"","overlay-opacity":"","overlay-gradient":""}},"ast-content-background-meta":{"desktop":{"background-color":"var(--ast-global-color-5)","background-image":"","background-repeat":"repeat","background-position":"center center","background-size":"auto","background-attachment":"scroll","background-type":"","background-media":"","overlay-type":"","overlay-color":"","overlay-opacity":"","overlay-gradient":""},"tablet":{"background-color":"var(--ast-global-color-5)","background-image":"","background-repeat":"repeat","background-position":"center center","background-size":"auto","background-attachment":"scroll","background-type":"","background-media":"","overlay-type":"","overlay-color":"","overlay-opacity":"","overlay-gradient":""},"mobile":{"background-color":"var(--ast-global-color-5)","background-image":"","background-repeat":"repeat","background-position":"center center","background-size":"auto","background-attachment":"scroll","background-type":"","background-media":"","overlay-type":"","overlay-color":"","overlay-opacity":"","overlay-gradient":""}}},"product_brand":[],"product_cat":[33],"product_tag":[],"class_list":{"0":"post-1383","1":"product","2":"type-product","3":"status-publish","4":"has-post-thumbnail","6":"product_cat-coolerbag","7":"desktop-align-left","8":"tablet-align-left","9":"mobile-align-left","11":"first","12":"instock","13":"shipping-taxable","14":"product-type-simple"},"_links":{"self":[{"href":"https:\/\/precisebag.com\/pt\/wp-json\/wp\/v2\/product\/1383","targetHints":{"allow":["GET"]}}],"collection":[{"href":"https:\/\/precisebag.com\/pt\/wp-json\/wp\/v2\/product"}],"about":[{"href":"https:\/\/precisebag.com\/pt\/wp-json\/wp\/v2\/types\/product"}],"replies":[{"embeddable":true,"href":"https:\/\/precisebag.com\/pt\/wp-json\/wp\/v2\/comments?post=1383"}],"wp:featuredmedia":[{"embeddable":true,"href":"https:\/\/precisebag.com\/pt\/wp-json\/wp\/v2\/media\/1359"}],"wp:attachment":[{"href":"https:\/\/precisebag.com\/pt\/wp-json\/wp\/v2\/media?parent=1383"}],"wp:term":[{"taxonomy":"product_brand","embeddable":true,"href":"https:\/\/precisebag.com\/pt\/wp-json\/wp\/v2\/product_brand?post=1383"},{"taxonomy":"product_cat","embeddable":true,"href":"https:\/\/precisebag.com\/pt\/wp-json\/wp\/v2\/product_cat?post=1383"},{"taxonomy":"product_tag","embeddable":true,"href":"https:\/\/precisebag.com\/pt\/wp-json\/wp\/v2\/product_tag?post=1383"}],"curies":[{"name":"wp","href":"https:\/\/api.w.org\/{rel}","templated":true}]}}