{"id":1385,"date":"2022-03-20T04:36:11","date_gmt":"2022-03-20T04:36:11","guid":{"rendered":"https:\/\/precisebag.com\/?post_type=product&#038;p=1385"},"modified":"2022-03-20T04:36:13","modified_gmt":"2022-03-20T04:36:13","slug":"canvas-insulated-lunch-bag","status":"publish","type":"product","link":"https:\/\/precisebag.com\/pt\/produto\/canvas-insulated-lunch-bag\/","title":{"rendered":"Saco de almo\u00e7o com isolamento de lona"},"content":{"rendered":"<p><strong>Descri\u00e7\u00e3o do produto<\/strong><br \/>\nAs bolsas t\u00e9rmicas com isolamento t\u00e9rmico, tamb\u00e9m conhecidas como refrigeradores passivos, s\u00e3o bolsas com alto isolamento t\u00e9rmico e efeitos de temperatura constante (quente no inverno e fresca no ver\u00e3o). \u00c9 feito de materiais de alta qualidade, f\u00e1ceis de transportar e adequados. bolsa t\u00e9rmica mais fria \u00e9 usada durante a condu\u00e7\u00e3o, passeios de f\u00e9rias e piqueniques em fam\u00edlia.<\/p>\n<p>A camada interna da bolsa t\u00e9rmica \u00e9 de folha de alum\u00ednio, o que proporciona boa preserva\u00e7\u00e3o do calor e isolamento t\u00e9rmico. A camada superficial \u00e9 de algod\u00e3o, que \u00e9 ecologicamente correto e reutiliz\u00e1vel. A partir de ent\u00e3o, voc\u00ea pode levar bebidas geladas no carro ou ao ar livre.<\/p>\n<p>A bolsa t\u00e9rmica \u00e9 elegante e bonita na apar\u00eancia. \u00c9 f\u00e1cil de limpar, dobr\u00e1vel e conveniente de guardar. Este produto tamb\u00e9m tem um efeito de preserva\u00e7\u00e3o do calor e tamb\u00e9m \u00e9 adequado para a preserva\u00e7\u00e3o do calor no inverno. \u00c9 um must-have para a vida, viagens e lazer.<\/p>\n<p>Com a melhoria das condi\u00e7\u00f5es de vida das pessoas, cada vez mais pessoas optam por viajar nas f\u00e9rias para relaxar. \u00c9 o desejo de muitos pais trazer seus beb\u00eas juntos. No entanto, o isolamento dos alimentos tornou-se uma quest\u00e3o importante. O isolamento alimentar dos trabalhadores de escrit\u00f3rio tamb\u00e9m \u00e9 o foco. A nova gera\u00e7\u00e3o de jovens ter\u00e1 cada vez mais demanda por produtos de isolamento alimentar. Com o aumento da demanda do mercado, o surgimento de novos sacos de isolamento \u00e9 uma comodidade para as pessoas.<\/p>\n<p>Os sacos t\u00e9rmicos de isolamento t\u00e9rmico geralmente mant\u00eam o frio ou o calor por mais de 6 horas, e o efeito \u00e9 melhor do que as tradicionais caixas de isolamento de ferro comuns e caixas de pl\u00e1stico. \u00c9 muito conveniente de usar, limpo e higi\u00eanico.<\/p>\n<p>O saco t\u00e9rmico de lona de algod\u00e3o n\u00e3o s\u00f3 resolve o problema de isolamento das pessoas para trazer sua pr\u00f3pria comida para piqueniques durante as f\u00e9rias, mas tamb\u00e9m resolve o problema de isolamento de alimentos para trabalhadores de escrit\u00f3rio e protege totalmente a sa\u00fade das pessoas. Al\u00e9m disso, a bolsa t\u00e9rmica de lona de algod\u00e3o \u00e9 utilizada para entrega e armazenamento de alimentos. \u00c9 tamb\u00e9m um item indispens\u00e1vel na ind\u00fastria de fast food.<\/p>\n<p><strong>Especifica\u00e7\u00e3o<\/strong><\/p>\n<div class=\"table_wrap\">\n<table border=\"1\" cellspacing=\"0\">\n<tbody>\n<tr>\n<td valign=\"top\" width=\"284\">Material<\/td>\n<td valign=\"top\" width=\"284\">Algod\u00e3o, lona, Oxford, folha de alum\u00ednio,<\/td>\n<\/tr>\n<tr>\n<td valign=\"top\" width=\"284\">Tamanho<\/td>\n<td valign=\"top\" width=\"284\">Tamanho grande ou personalizado<\/td>\n<\/tr>\n<tr>\n<td valign=\"top\" width=\"284\">Cores<\/td>\n<td valign=\"top\" width=\"284\">Vermelho, preto ou personalizado<\/td>\n<\/tr>\n<tr>\n<td valign=\"top\" width=\"284\">Ordem minima<\/td>\n<td valign=\"top\" width=\"284\">100 pe\u00e7as<\/td>\n<\/tr>\n<tr>\n<td valign=\"top\" width=\"284\">OEM&amp;ODM<\/td>\n<td valign=\"top\" width=\"284\">Aceitar<\/td>\n<\/tr>\n<tr>\n<td valign=\"top\" width=\"284\">Logotipo<\/td>\n<td valign=\"top\" width=\"284\">Personalizado<\/td>\n<\/tr>\n<\/tbody>\n<\/table>\n<\/div>","protected":false},"excerpt":{"rendered":"<table border=\"1\" cellspacing=\"0\">\n<tbody>\n<tr>\n<td valign=\"top\" width=\"284\">Material<\/td>\n<td valign=\"top\" width=\"284\">Algod\u00e3o, lona, Oxford, folha de alum\u00ednio,<\/td>\n<\/tr>\n<tr>\n<td valign=\"top\" width=\"284\">Tamanho<\/td>\n<td valign=\"top\" width=\"284\">Tamanho grande ou personalizado<\/td>\n<\/tr>\n<tr>\n<td valign=\"top\" width=\"284\">Cores<\/td>\n<td valign=\"top\" width=\"284\">Vermelho, preto ou personalizado<\/td>\n<\/tr>\n<tr>\n<td valign=\"top\" width=\"284\">Ordem minima<\/td>\n<td valign=\"top\" width=\"284\">100 pe\u00e7as<\/td>\n<\/tr>\n<tr>\n<td valign=\"top\" width=\"284\">OEM&amp;ODM<\/td>\n<td valign=\"top\" width=\"284\">Aceitar<\/td>\n<\/tr>\n<tr>\n<td valign=\"top\" width=\"284\">Logotipo<\/td>\n<td valign=\"top\" width=\"284\">Personalizado<\/td>\n<\/tr>\n<\/tbody>\n<\/table>","protected":false},"featured_media":1428,"comment_status":"closed","ping_status":"closed","template":"","meta":{"_seopress_robots_primary_cat":"","_seopress_titles_title":"","_seopress_titles_desc":"","_seopress_robots_index":"","site-sidebar-layout":"default","site-content-layout":"default","ast-site-content-layout":"default","site-content-style":"default","site-sidebar-style":"default","ast-global-header-display":"","ast-banner-title-visibility":"","ast-main-header-display":"","ast-hfb-above-header-display":"","ast-hfb-below-header-display":"","ast-hfb-mobile-header-display":"","site-post-title":"","ast-breadcrumbs-content":"","ast-featured-img":"","footer-sml-layout":"","theme-transparent-header-meta":"default","adv-header-id-meta":"","stick-header-meta":"","header-above-stick-meta":"","header-main-stick-meta":"","header-below-stick-meta":"","astra-migrate-meta-layouts":"default","ast-page-background-enabled":"default","ast-page-background-meta":{"desktop":{"background-color":"","background-image":"","background-repeat":"repeat","background-position":"center center","background-size":"auto","background-attachment":"scroll","background-type":"","background-media":"","overlay-type":"","overlay-color":"","overlay-opacity":"","overlay-gradient":""},"tablet":{"background-color":"","background-image":"","background-repeat":"repeat","background-position":"center center","background-size":"auto","background-attachment":"scroll","background-type":"","background-media":"","overlay-type":"","overlay-color":"","overlay-opacity":"","overlay-gradient":""},"mobile":{"background-color":"","background-image":"","background-repeat":"repeat","background-position":"center center","background-size":"auto","background-attachment":"scroll","background-type":"","background-media":"","overlay-type":"","overlay-color":"","overlay-opacity":"","overlay-gradient":""}},"ast-content-background-meta":{"desktop":{"background-color":"var(--ast-global-color-5)","background-image":"","background-repeat":"repeat","background-position":"center center","background-size":"auto","background-attachment":"scroll","background-type":"","background-media":"","overlay-type":"","overlay-color":"","overlay-opacity":"","overlay-gradient":""},"tablet":{"background-color":"var(--ast-global-color-5)","background-image":"","background-repeat":"repeat","background-position":"center center","background-size":"auto","background-attachment":"scroll","background-type":"","background-media":"","overlay-type":"","overlay-color":"","overlay-opacity":"","overlay-gradient":""},"mobile":{"background-color":"var(--ast-global-color-5)","background-image":"","background-repeat":"repeat","background-position":"center center","background-size":"auto","background-attachment":"scroll","background-type":"","background-media":"","overlay-type":"","overlay-color":"","overlay-opacity":"","overlay-gradient":""}}},"product_brand":[],"product_cat":[33],"product_tag":[],"class_list":{"0":"post-1385","1":"product","2":"type-product","3":"status-publish","4":"has-post-thumbnail","6":"product_cat-coolerbag","7":"desktop-align-left","8":"tablet-align-left","9":"mobile-align-left","11":"first","12":"instock","13":"shipping-taxable","14":"product-type-simple"},"_links":{"self":[{"href":"https:\/\/precisebag.com\/pt\/wp-json\/wp\/v2\/product\/1385","targetHints":{"allow":["GET"]}}],"collection":[{"href":"https:\/\/precisebag.com\/pt\/wp-json\/wp\/v2\/product"}],"about":[{"href":"https:\/\/precisebag.com\/pt\/wp-json\/wp\/v2\/types\/product"}],"replies":[{"embeddable":true,"href":"https:\/\/precisebag.com\/pt\/wp-json\/wp\/v2\/comments?post=1385"}],"wp:featuredmedia":[{"embeddable":true,"href":"https:\/\/precisebag.com\/pt\/wp-json\/wp\/v2\/media\/1428"}],"wp:attachment":[{"href":"https:\/\/precisebag.com\/pt\/wp-json\/wp\/v2\/media?parent=1385"}],"wp:term":[{"taxonomy":"product_brand","embeddable":true,"href":"https:\/\/precisebag.com\/pt\/wp-json\/wp\/v2\/product_brand?post=1385"},{"taxonomy":"product_cat","embeddable":true,"href":"https:\/\/precisebag.com\/pt\/wp-json\/wp\/v2\/product_cat?post=1385"},{"taxonomy":"product_tag","embeddable":true,"href":"https:\/\/precisebag.com\/pt\/wp-json\/wp\/v2\/product_tag?post=1385"}],"curies":[{"name":"wp","href":"https:\/\/api.w.org\/{rel}","templated":true}]}}