{"id":1436,"date":"2022-03-21T12:49:21","date_gmt":"2022-03-21T12:49:21","guid":{"rendered":"https:\/\/precisebag.com\/?post_type=product&#038;p=1436"},"modified":"2022-03-21T12:51:34","modified_gmt":"2022-03-21T12:51:34","slug":"tyvek-paper-lunch-bag","status":"publish","type":"product","link":"https:\/\/precisebag.com\/pt\/produto\/tyvek-paper-lunch-bag\/","title":{"rendered":"Saco de almo\u00e7o de papel Tyvek"},"content":{"rendered":"<p><strong>Descri\u00e7\u00e3o do produto<\/strong><br \/>\n<strong>Saco refrigerador de papel Tyvek<\/strong>\u00a0\u00e9 usado de um material ecologicamente correto, semelhante aos produtos de pl\u00e1stico, pode ser lavado repetidamente e \u00e9 resistente a rasgos. O importante \u00e9 que o material \u00e9 ecologicamente correto, por isso \u00e9 reutiliz\u00e1vel. Este novo material \u00e9 a nossa primeira tentativa de uso na superf\u00edcie do saco t\u00e9rmico. O efeito \u00e9 \u00f3bvio. Isso \u00e9 t\u00e3o fofo e legal. A bolsa t\u00e9rmica tyvek \u00e9 \u00e0 prova d&#039;\u00e1gua e \u00e0 prova de \u00f3leo, o que facilita o transporte de alimentos para o escrit\u00f3rio e escolas. Voc\u00ea pode mant\u00ea-lo no carro com sacola de compras reutiliz\u00e1vel e ser\u00e1 perfeito para pequenos e congelados.<\/p>\n<p>Se voc\u00ea possui esse tipo de bolsa t\u00e9rmica, pode desfrutar de sua deliciosa comida, frutos do mar, frutas e legumes frescos na hora. Chega de junk food caro e insalubre para voc\u00ea ou sua fam\u00edlia. A capacidade \u00e9 moderada, o que significa que h\u00e1 muito espa\u00e7o para almo\u00e7o, garrafas de \u00e1gua, frutas e lanches.<\/p>\n<p>A apar\u00eancia especial \u00e9 projetada para homens, mulheres, crian\u00e7as, meninos ou meninas. Em uma palavra, a bolsa t\u00e9rmica tyvek \u00e9 adequada para todas as idades para trabalhar, fazer piquenique, trabalhar fora ou viajar.<\/p>\n<p><strong>Bolsa t\u00e9rmica Tyvek<\/strong>\u00a0\u00e9 multifuncional, compacto, elegante e dur\u00e1vel, saco de almo\u00e7o pr\u00e1tico reutiliz\u00e1vel, costurado bem tricotado, que \u00e9 forte que o \u00edm\u00e3 e n\u00e3o \u00e9 f\u00e1cil de cair, f\u00e1cil de usar, adulto e crian\u00e7as adequados, mesmo o beb\u00ea pequeno pode ser aberto por si mesmo. Eleg\u00e2ncia, estilosa, ador\u00e1vel, descolada, distinta e personalizada, a lancheira tamb\u00e9m pode ser pintada e assinada. Esta \u00e9 uma maneira original de manter sua comida fresca e quente, mesmo que pare\u00e7a um pacote de papel amassado.<\/p>\n<p>\u00c9 hora de descobrir como fech\u00e1-lo e abri-lo. Aqui est\u00e1 um bot\u00e3o na parte superior, ent\u00e3o voc\u00ea s\u00f3 precisa abri-lo. No entanto, a bolsa t\u00e9rmica n\u00e3o \u00e9 um espa\u00e7o completamente herm\u00e9tico, ent\u00e3o um cheiro delicioso de comida n\u00e3o se espalhar\u00e1 para fora da bolsa.<\/p>\n<p><strong>Especifica\u00e7\u00e3o<\/strong><\/p>\n<div class=\"table_wrap\">\n<table border=\"1\" cellspacing=\"0\">\n<tbody>\n<tr>\n<td valign=\"center\" width=\"284\">\n<p align=\"justify\">MATERIAIS<\/p>\n<\/td>\n<td valign=\"center\" width=\"284\">\n<p align=\"justify\">Tyvek<\/p>\n<\/td>\n<\/tr>\n<tr>\n<td valign=\"center\" width=\"284\">\n<p align=\"justify\">Tamanho<\/p>\n<\/td>\n<td valign=\"center\" width=\"284\">\n<p align=\"justify\">Tamanho padr\u00e3o ou personalizado<\/p>\n<\/td>\n<\/tr>\n<tr>\n<td valign=\"center\" width=\"284\">\n<p align=\"justify\">Cores<\/p>\n<\/td>\n<td valign=\"center\" width=\"284\">\n<p align=\"justify\">Marrom, preto, verde ou personalizado<\/p>\n<\/td>\n<\/tr>\n<tr>\n<td valign=\"center\" width=\"284\">\n<p align=\"justify\">Ordem minima<\/p>\n<\/td>\n<td valign=\"center\" width=\"284\">\n<p align=\"justify\">100 pe\u00e7as<\/p>\n<\/td>\n<\/tr>\n<tr>\n<td valign=\"center\" width=\"284\">\n<p align=\"justify\">OEM&amp;ODM<\/p>\n<\/td>\n<td valign=\"center\" width=\"284\">\n<p align=\"justify\">Aceitar<\/p>\n<\/td>\n<\/tr>\n<tr>\n<td valign=\"center\" width=\"284\">\n<p align=\"justify\">Logotipo<\/p>\n<\/td>\n<td valign=\"center\" width=\"284\">\n<p align=\"justify\">Personalizado<\/p>\n<\/td>\n<\/tr>\n<\/tbody>\n<\/table>\n<\/div>\n<div class=\"clear\"><\/div>","protected":false},"excerpt":{"rendered":"<table border=\"1\" cellspacing=\"0\">\n<tbody>\n<tr>\n<td valign=\"center\" width=\"284\">\n<p align=\"justify\">MATERIAIS<\/p>\n<\/td>\n<td valign=\"center\" width=\"284\">\n<p align=\"justify\">Tyvek<\/p>\n<\/td>\n<\/tr>\n<tr>\n<td valign=\"center\" width=\"284\">\n<p align=\"justify\">Tamanho<\/p>\n<\/td>\n<td valign=\"center\" width=\"284\">\n<p align=\"justify\">Tamanho padr\u00e3o ou personalizado<\/p>\n<\/td>\n<\/tr>\n<tr>\n<td valign=\"center\" width=\"284\">\n<p align=\"justify\">Cores<\/p>\n<\/td>\n<td valign=\"center\" width=\"284\">\n<p align=\"justify\">Marrom, preto, verde ou personalizado<\/p>\n<\/td>\n<\/tr>\n<tr>\n<td valign=\"center\" width=\"284\">\n<p align=\"justify\">Ordem minima<\/p>\n<\/td>\n<td valign=\"center\" width=\"284\">\n<p align=\"justify\">100 pe\u00e7as<\/p>\n<\/td>\n<\/tr>\n<tr>\n<td valign=\"center\" width=\"284\">\n<p align=\"justify\">OEM&amp;ODM<\/p>\n<\/td>\n<td valign=\"center\" width=\"284\">\n<p align=\"justify\">Aceitar<\/p>\n<\/td>\n<\/tr>\n<tr>\n<td valign=\"center\" width=\"284\">\n<p align=\"justify\">Logotipo<\/p>\n<\/td>\n<td valign=\"center\" width=\"284\">\n<p align=\"justify\">Personalizado<\/p>\n<\/td>\n<\/tr>\n<\/tbody>\n<\/table>","protected":false},"featured_media":1438,"comment_status":"closed","ping_status":"closed","template":"","meta":{"_seopress_robots_primary_cat":"","_seopress_titles_title":"","_seopress_titles_desc":"","_seopress_robots_index":"","site-sidebar-layout":"default","site-content-layout":"default","ast-site-content-layout":"default","site-content-style":"default","site-sidebar-style":"default","ast-global-header-display":"","ast-banner-title-visibility":"","ast-main-header-display":"","ast-hfb-above-header-display":"","ast-hfb-below-header-display":"","ast-hfb-mobile-header-display":"","site-post-title":"","ast-breadcrumbs-content":"","ast-featured-img":"","footer-sml-layout":"","theme-transparent-header-meta":"default","adv-header-id-meta":"","stick-header-meta":"","header-above-stick-meta":"","header-main-stick-meta":"","header-below-stick-meta":"","astra-migrate-meta-layouts":"default","ast-page-background-enabled":"default","ast-page-background-meta":{"desktop":{"background-color":"","background-image":"","background-repeat":"repeat","background-position":"center center","background-size":"auto","background-attachment":"scroll","background-type":"","background-media":"","overlay-type":"","overlay-color":"","overlay-opacity":"","overlay-gradient":""},"tablet":{"background-color":"","background-image":"","background-repeat":"repeat","background-position":"center center","background-size":"auto","background-attachment":"scroll","background-type":"","background-media":"","overlay-type":"","overlay-color":"","overlay-opacity":"","overlay-gradient":""},"mobile":{"background-color":"","background-image":"","background-repeat":"repeat","background-position":"center center","background-size":"auto","background-attachment":"scroll","background-type":"","background-media":"","overlay-type":"","overlay-color":"","overlay-opacity":"","overlay-gradient":""}},"ast-content-background-meta":{"desktop":{"background-color":"var(--ast-global-color-5)","background-image":"","background-repeat":"repeat","background-position":"center center","background-size":"auto","background-attachment":"scroll","background-type":"","background-media":"","overlay-type":"","overlay-color":"","overlay-opacity":"","overlay-gradient":""},"tablet":{"background-color":"var(--ast-global-color-5)","background-image":"","background-repeat":"repeat","background-position":"center center","background-size":"auto","background-attachment":"scroll","background-type":"","background-media":"","overlay-type":"","overlay-color":"","overlay-opacity":"","overlay-gradient":""},"mobile":{"background-color":"var(--ast-global-color-5)","background-image":"","background-repeat":"repeat","background-position":"center center","background-size":"auto","background-attachment":"scroll","background-type":"","background-media":"","overlay-type":"","overlay-color":"","overlay-opacity":"","overlay-gradient":""}}},"product_brand":[],"product_cat":[33],"product_tag":[],"class_list":{"0":"post-1436","1":"product","2":"type-product","3":"status-publish","4":"has-post-thumbnail","6":"product_cat-coolerbag","7":"desktop-align-left","8":"tablet-align-left","9":"mobile-align-left","11":"first","12":"instock","13":"shipping-taxable","14":"product-type-simple"},"_links":{"self":[{"href":"https:\/\/precisebag.com\/pt\/wp-json\/wp\/v2\/product\/1436","targetHints":{"allow":["GET"]}}],"collection":[{"href":"https:\/\/precisebag.com\/pt\/wp-json\/wp\/v2\/product"}],"about":[{"href":"https:\/\/precisebag.com\/pt\/wp-json\/wp\/v2\/types\/product"}],"replies":[{"embeddable":true,"href":"https:\/\/precisebag.com\/pt\/wp-json\/wp\/v2\/comments?post=1436"}],"wp:featuredmedia":[{"embeddable":true,"href":"https:\/\/precisebag.com\/pt\/wp-json\/wp\/v2\/media\/1438"}],"wp:attachment":[{"href":"https:\/\/precisebag.com\/pt\/wp-json\/wp\/v2\/media?parent=1436"}],"wp:term":[{"taxonomy":"product_brand","embeddable":true,"href":"https:\/\/precisebag.com\/pt\/wp-json\/wp\/v2\/product_brand?post=1436"},{"taxonomy":"product_cat","embeddable":true,"href":"https:\/\/precisebag.com\/pt\/wp-json\/wp\/v2\/product_cat?post=1436"},{"taxonomy":"product_tag","embeddable":true,"href":"https:\/\/precisebag.com\/pt\/wp-json\/wp\/v2\/product_tag?post=1436"}],"curies":[{"name":"wp","href":"https:\/\/api.w.org\/{rel}","templated":true}]}}