{"id":1478,"date":"2022-03-22T13:03:35","date_gmt":"2022-03-22T13:03:35","guid":{"rendered":"https:\/\/precisebag.com\/?post_type=product&#038;p=1478"},"modified":"2022-03-22T13:03:41","modified_gmt":"2022-03-22T13:03:41","slug":"canvas-shopping-bag","status":"publish","type":"product","link":"https:\/\/precisebag.com\/pt\/produto\/canvas-shopping-bag\/","title":{"rendered":"Saco de compras de lona"},"content":{"rendered":"<p><strong>Descri\u00e7\u00e3o do produto<\/strong><br \/>\nA bolsa de lona \u00e9 confeccionada em algod\u00e3o. Por causa de seu material ecologicamente correto, o custo das sacolas de lona \u00e9 mais caro do que os tecidos n\u00e3o tecidos. N\u00f3s prezamos por proteger a terra e com sacolas de compras reutiliz\u00e1veis, voc\u00ea pode dizer n\u00e3o \u00e0s sacolas de papel ou pl\u00e1stico e proteger o meio ambiente da Terra, que abriga toda a humanidade. Respons\u00e1vel por salvar o planeta n\u00e3o escolhendo papel ou sacolas pl\u00e1sticas, v\u00e1 verde, traga nossa vida de forma colorida e criativa. Esta sacola de listras grande \u00e9 reutiliz\u00e1vel e pode ser usada como sacolas de compras de supermercado, sacolas de praia, cria\u00e7\u00e3o de artesanato, sacolas para presentes, sacolas ecol\u00f3gicas ou qualquer outro uso que voc\u00ea possa imaginar! H\u00e1 um bolso na bolsa, voc\u00ea pode colocar chaves, carteira, moedas e outros pequenos bens.<\/p>\n<p>Com cada vez mais elementos de design de sacola de lona, a bolsa de lona se tornou uma busca de moda. \u00c9 a nova moda na moda para as pessoas. As bolsas de lona s\u00e3o basicamente vers\u00e1teis e podem combinar com qualquer roupa. A bolsa de lona mon\u00f3tona \u00e9 o item mais comum, embora seja muito pr\u00e1tica, mas acredito que \u00e0s vezes voc\u00ea se sentir\u00e1 entediado, ent\u00e3o tamb\u00e9m pode escolher uma bolsa de lona estampada brilhante.<\/p>\n<p>Toda a sacola de lona pode ser personalizada. Se voc\u00ea quer ter uma sacola em branco, as sacolas de lona em branco permitem que voc\u00ea aproveite os padr\u00f5es favoritos de bricolage. processamento de branqueamento exclusivo, absor\u00e7\u00e3o r\u00e1pida de \u00e1gua, \u00f3timo para projetos de pintura e decora\u00e7\u00e3o em casa, na escola ou no acampamento, adicione seu pr\u00f3prio toque com tinta e outras ferramentas artesanais para sacolas de presente personalizadas para seus entes queridos. Compre um pouco de papel de vinil de transfer\u00eancia de calor para transferi-lo para a bolsa, tamb\u00e9m pode fazer bordados. Se voc\u00ea quiser ter um design pr\u00f3prio, tamb\u00e9m podemos ajud\u00e1-lo a complet\u00e1-lo.<\/p>\n<p>Tecidos de sacola de lona s\u00e3o feitos o processamento de branqueamento e tingimento, o encolhimento \u00e9 controlado muito bem. N\u00e3o se preocupe com as marcas de sujeira ou lama, basta jog\u00e1-lo na m\u00e1quina de lavar para limp\u00e1-lo.<\/p>\n<p><strong>Especifica\u00e7\u00e3o<\/strong><\/p>\n<div class=\"table_wrap\">\n<table border=\"1\" cellspacing=\"0\">\n<tbody>\n<tr>\n<td valign=\"top\" width=\"284\">Material<\/td>\n<td valign=\"top\" width=\"284\">Tela<\/td>\n<\/tr>\n<tr>\n<td valign=\"top\" width=\"284\">Tamanho<\/td>\n<td valign=\"top\" width=\"284\">Tamanho grande, tamanho padr\u00e3o ou personalizado<\/td>\n<\/tr>\n<tr>\n<td valign=\"top\" width=\"284\">Cores<\/td>\n<td valign=\"top\" width=\"284\">Personalizado<\/td>\n<\/tr>\n<tr>\n<td valign=\"top\" width=\"284\">Ordem minima<\/td>\n<td valign=\"top\" width=\"284\">100 pe\u00e7as<\/td>\n<\/tr>\n<tr>\n<td valign=\"top\" width=\"284\">OEM&amp;ODM<\/td>\n<td valign=\"top\" width=\"284\">Aceitar<\/td>\n<\/tr>\n<tr>\n<td valign=\"top\" width=\"284\">Logotipo<\/td>\n<td valign=\"top\" width=\"284\">Personalizado<\/td>\n<\/tr>\n<\/tbody>\n<\/table>\n<\/div>","protected":false},"excerpt":{"rendered":"<table border=\"1\" cellspacing=\"0\">\n<tbody>\n<tr>\n<td valign=\"top\" width=\"284\">Material<\/td>\n<td valign=\"top\" width=\"284\">Tela<\/td>\n<\/tr>\n<tr>\n<td valign=\"top\" width=\"284\">Tamanho<\/td>\n<td valign=\"top\" width=\"284\">Tamanho grande, tamanho padr\u00e3o ou personalizado<\/td>\n<\/tr>\n<tr>\n<td valign=\"top\" width=\"284\">Cores<\/td>\n<td valign=\"top\" width=\"284\">Personalizado<\/td>\n<\/tr>\n<tr>\n<td valign=\"top\" width=\"284\">Ordem minima<\/td>\n<td valign=\"top\" width=\"284\">100 pe\u00e7as<\/td>\n<\/tr>\n<tr>\n<td valign=\"top\" width=\"284\">OEM&amp;ODM<\/td>\n<td valign=\"top\" width=\"284\">Aceitar<\/td>\n<\/tr>\n<tr>\n<td valign=\"top\" width=\"284\">Logotipo<\/td>\n<td valign=\"top\" width=\"284\">Personalizado<\/td>\n<\/tr>\n<\/tbody>\n<\/table>","protected":false},"featured_media":1481,"comment_status":"closed","ping_status":"closed","template":"","meta":{"_seopress_robots_primary_cat":"","_seopress_titles_title":"","_seopress_titles_desc":"","_seopress_robots_index":"","site-sidebar-layout":"default","site-content-layout":"default","ast-site-content-layout":"default","site-content-style":"default","site-sidebar-style":"default","ast-global-header-display":"","ast-banner-title-visibility":"","ast-main-header-display":"","ast-hfb-above-header-display":"","ast-hfb-below-header-display":"","ast-hfb-mobile-header-display":"","site-post-title":"","ast-breadcrumbs-content":"","ast-featured-img":"","footer-sml-layout":"","theme-transparent-header-meta":"default","adv-header-id-meta":"","stick-header-meta":"","header-above-stick-meta":"","header-main-stick-meta":"","header-below-stick-meta":"","astra-migrate-meta-layouts":"default","ast-page-background-enabled":"default","ast-page-background-meta":{"desktop":{"background-color":"","background-image":"","background-repeat":"repeat","background-position":"center center","background-size":"auto","background-attachment":"scroll","background-type":"","background-media":"","overlay-type":"","overlay-color":"","overlay-opacity":"","overlay-gradient":""},"tablet":{"background-color":"","background-image":"","background-repeat":"repeat","background-position":"center center","background-size":"auto","background-attachment":"scroll","background-type":"","background-media":"","overlay-type":"","overlay-color":"","overlay-opacity":"","overlay-gradient":""},"mobile":{"background-color":"","background-image":"","background-repeat":"repeat","background-position":"center center","background-size":"auto","background-attachment":"scroll","background-type":"","background-media":"","overlay-type":"","overlay-color":"","overlay-opacity":"","overlay-gradient":""}},"ast-content-background-meta":{"desktop":{"background-color":"var(--ast-global-color-5)","background-image":"","background-repeat":"repeat","background-position":"center center","background-size":"auto","background-attachment":"scroll","background-type":"","background-media":"","overlay-type":"","overlay-color":"","overlay-opacity":"","overlay-gradient":""},"tablet":{"background-color":"var(--ast-global-color-5)","background-image":"","background-repeat":"repeat","background-position":"center center","background-size":"auto","background-attachment":"scroll","background-type":"","background-media":"","overlay-type":"","overlay-color":"","overlay-opacity":"","overlay-gradient":""},"mobile":{"background-color":"var(--ast-global-color-5)","background-image":"","background-repeat":"repeat","background-position":"center center","background-size":"auto","background-attachment":"scroll","background-type":"","background-media":"","overlay-type":"","overlay-color":"","overlay-opacity":"","overlay-gradient":""}}},"product_brand":[],"product_cat":[35],"product_tag":[],"class_list":{"0":"post-1478","1":"product","2":"type-product","3":"status-publish","4":"has-post-thumbnail","6":"product_cat-canvastotebag","7":"desktop-align-left","8":"tablet-align-left","9":"mobile-align-left","11":"first","12":"instock","13":"shipping-taxable","14":"product-type-simple"},"_links":{"self":[{"href":"https:\/\/precisebag.com\/pt\/wp-json\/wp\/v2\/product\/1478","targetHints":{"allow":["GET"]}}],"collection":[{"href":"https:\/\/precisebag.com\/pt\/wp-json\/wp\/v2\/product"}],"about":[{"href":"https:\/\/precisebag.com\/pt\/wp-json\/wp\/v2\/types\/product"}],"replies":[{"embeddable":true,"href":"https:\/\/precisebag.com\/pt\/wp-json\/wp\/v2\/comments?post=1478"}],"wp:featuredmedia":[{"embeddable":true,"href":"https:\/\/precisebag.com\/pt\/wp-json\/wp\/v2\/media\/1481"}],"wp:attachment":[{"href":"https:\/\/precisebag.com\/pt\/wp-json\/wp\/v2\/media?parent=1478"}],"wp:term":[{"taxonomy":"product_brand","embeddable":true,"href":"https:\/\/precisebag.com\/pt\/wp-json\/wp\/v2\/product_brand?post=1478"},{"taxonomy":"product_cat","embeddable":true,"href":"https:\/\/precisebag.com\/pt\/wp-json\/wp\/v2\/product_cat?post=1478"},{"taxonomy":"product_tag","embeddable":true,"href":"https:\/\/precisebag.com\/pt\/wp-json\/wp\/v2\/product_tag?post=1478"}],"curies":[{"name":"wp","href":"https:\/\/api.w.org\/{rel}","templated":true}]}}