{"id":1523,"date":"2022-03-26T02:57:33","date_gmt":"2022-03-26T02:57:33","guid":{"rendered":"https:\/\/precisebag.com\/?post_type=product&#038;p=1523"},"modified":"2022-03-26T03:06:20","modified_gmt":"2022-03-26T03:06:20","slug":"extra-large-nylon-laundry-bag","status":"publish","type":"product","link":"https:\/\/precisebag.com\/pt\/produto\/extra-large-nylon-laundry-bag\/","title":{"rendered":"Saco de roupa de nylon extra grande"},"content":{"rendered":"<p>Este saco de roupa suja \u00e9 perfeito para quem gosta de sair de f\u00e9rias com a roupa suja. Seu tamanho grande pode armazenar at\u00e9 30 pe\u00e7as de roupa, e seu design superior apresenta um cord\u00e3o de travamento que mant\u00e9m tudo no lugar!<\/p>\n<p><strong>Descri\u00e7\u00e3o do produto<\/strong><br \/>\nSe voc\u00ea est\u00e1 procurando um saco de roupa pesado e extra grande, este saco de roupa estilo \u00e9 perfeito para voc\u00ea. Este tipo de bolsa pode armazenar de 20 a 30 pe\u00e7as de roupa. O design superior \u00e9 com cord\u00e3o de bloqueio, o que pode manter suas roupas no saco de lavanderia. A al\u00e7a de ombro extra larga facilita e agiliza o transporte para a lavanderia e tamb\u00e9m pode tirar o peso dos ombros. A cor \u00e9 laranja, que parece incrivelmente fresca e marcante. Devido ao fundo dur\u00e1vel do saco de roupa suja, voc\u00ea tamb\u00e9m pode roupas ou len\u00e7\u00f3is sazonais, o que \u00e9 perfeitamente adequado para roupas sujas e sujas e tamb\u00e9m para atividades ao ar livre.<\/p>\n<p>Se voc\u00ea deseja ter uma etiqueta de identifica\u00e7\u00e3o, tamb\u00e9m podemos projetar um bolso de identifica\u00e7\u00e3o para voc\u00ea colocar seu nome, endere\u00e7o e outras mensagens importantes, para que voc\u00ea possa obter sua sacola de roupas rapidamente. Para economizar mais espa\u00e7o, voc\u00ea tamb\u00e9m pode pendur\u00e1-lo atr\u00e1s da porta, o que \u00e9 \u00f3timo para dormit\u00f3rios e lavanderia. Sejamos honestos por um momento, se voc\u00ea tiver um bom saco de roupa suja, pode tornar a roupa um pouco menos mon\u00f3tona. Este saco de roupa suja \u00e9 de nylon, e a cor laranja ser\u00e1 uma boa forma de convencer os membros mais novos da fam\u00edlia a ajudar nas tarefas dom\u00e9sticas.<\/p>\n<p>O saco de roupa suja \u00e9 perfeito para armazenamento dom\u00e9stico ou viagem, piquenique e roupas de transporte, e o tecido de nylon protege as roupas sujas de danos. Quando voc\u00ea chega \u00e0 lavanderia, voc\u00ea s\u00f3 precisa remover os sacos do saco de roupas e dobr\u00e1-los cuidadosamente para economizar espa\u00e7o quando estiverem vazios. Se voc\u00ea estiver em casa, o saco de lavanderia tamb\u00e9m pode se mover facilmente pela casa por causa das al\u00e7as dur\u00e1veis. Este saco de roupa vers\u00e1til e dur\u00e1vel \u00e9 a escolha perfeita para qualquer fam\u00edlia e o seu pre\u00e7o competitivo torna-o ainda mais atractivo.<\/p>\n<p><strong>Especifica\u00e7\u00e3o<\/strong><\/p>\n<div class=\"table_wrap\">\n<table border=\"1\" cellspacing=\"0\">\n<tbody>\n<tr>\n<td valign=\"top\" width=\"284\">Material<\/td>\n<td valign=\"top\" width=\"284\">Nylon<\/td>\n<\/tr>\n<tr>\n<td valign=\"top\" width=\"284\">Cor<\/td>\n<td valign=\"top\" width=\"284\">Laranja<\/td>\n<\/tr>\n<tr>\n<td valign=\"top\" width=\"284\">Tamanho<\/td>\n<td valign=\"top\" width=\"284\">Tamanho padr\u00e3o ou personalizado<\/td>\n<\/tr>\n<tr>\n<td valign=\"top\" width=\"284\">MOQ<\/td>\n<td valign=\"top\" width=\"284\">200<\/td>\n<\/tr>\n<tr>\n<td valign=\"top\" width=\"284\">Impress\u00e3o de logotipo<\/td>\n<td valign=\"top\" width=\"284\">Aceitar<\/td>\n<\/tr>\n<\/tbody>\n<\/table>\n<\/div>","protected":false},"excerpt":{"rendered":"<table border=\"1\" cellspacing=\"0\">\n<tbody>\n<tr>\n<td valign=\"top\" width=\"284\">Material<\/td>\n<td valign=\"top\" width=\"284\">Nylon<\/td>\n<\/tr>\n<tr>\n<td valign=\"top\" width=\"284\">Cor<\/td>\n<td valign=\"top\" width=\"284\">Laranja<\/td>\n<\/tr>\n<tr>\n<td valign=\"top\" width=\"284\">Tamanho<\/td>\n<td valign=\"top\" width=\"284\">Tamanho padr\u00e3o ou personalizado<\/td>\n<\/tr>\n<tr>\n<td valign=\"top\" width=\"284\">MOQ<\/td>\n<td valign=\"top\" width=\"284\">200<\/td>\n<\/tr>\n<tr>\n<td valign=\"top\" width=\"284\">Impress\u00e3o de logotipo<\/td>\n<td valign=\"top\" width=\"284\">Aceitar<\/td>\n<\/tr>\n<\/tbody>\n<\/table>","protected":false},"featured_media":1526,"comment_status":"closed","ping_status":"closed","template":"","meta":{"_seopress_robots_primary_cat":"","_seopress_titles_title":"","_seopress_titles_desc":"","_seopress_robots_index":"","site-sidebar-layout":"default","site-content-layout":"default","ast-site-content-layout":"default","site-content-style":"default","site-sidebar-style":"default","ast-global-header-display":"","ast-banner-title-visibility":"","ast-main-header-display":"","ast-hfb-above-header-display":"","ast-hfb-below-header-display":"","ast-hfb-mobile-header-display":"","site-post-title":"","ast-breadcrumbs-content":"","ast-featured-img":"","footer-sml-layout":"","theme-transparent-header-meta":"default","adv-header-id-meta":"","stick-header-meta":"","header-above-stick-meta":"","header-main-stick-meta":"","header-below-stick-meta":"","astra-migrate-meta-layouts":"default","ast-page-background-enabled":"default","ast-page-background-meta":{"desktop":{"background-color":"","background-image":"","background-repeat":"repeat","background-position":"center center","background-size":"auto","background-attachment":"scroll","background-type":"","background-media":"","overlay-type":"","overlay-color":"","overlay-opacity":"","overlay-gradient":""},"tablet":{"background-color":"","background-image":"","background-repeat":"repeat","background-position":"center center","background-size":"auto","background-attachment":"scroll","background-type":"","background-media":"","overlay-type":"","overlay-color":"","overlay-opacity":"","overlay-gradient":""},"mobile":{"background-color":"","background-image":"","background-repeat":"repeat","background-position":"center center","background-size":"auto","background-attachment":"scroll","background-type":"","background-media":"","overlay-type":"","overlay-color":"","overlay-opacity":"","overlay-gradient":""}},"ast-content-background-meta":{"desktop":{"background-color":"var(--ast-global-color-5)","background-image":"","background-repeat":"repeat","background-position":"center center","background-size":"auto","background-attachment":"scroll","background-type":"","background-media":"","overlay-type":"","overlay-color":"","overlay-opacity":"","overlay-gradient":""},"tablet":{"background-color":"var(--ast-global-color-5)","background-image":"","background-repeat":"repeat","background-position":"center center","background-size":"auto","background-attachment":"scroll","background-type":"","background-media":"","overlay-type":"","overlay-color":"","overlay-opacity":"","overlay-gradient":""},"mobile":{"background-color":"var(--ast-global-color-5)","background-image":"","background-repeat":"repeat","background-position":"center center","background-size":"auto","background-attachment":"scroll","background-type":"","background-media":"","overlay-type":"","overlay-color":"","overlay-opacity":"","overlay-gradient":""}}},"product_brand":[],"product_cat":[36],"product_tag":[],"class_list":{"0":"post-1523","1":"product","2":"type-product","3":"status-publish","4":"has-post-thumbnail","6":"product_cat-laundrybag","7":"desktop-align-left","8":"tablet-align-left","9":"mobile-align-left","11":"first","12":"instock","13":"shipping-taxable","14":"product-type-simple"},"_links":{"self":[{"href":"https:\/\/precisebag.com\/pt\/wp-json\/wp\/v2\/product\/1523","targetHints":{"allow":["GET"]}}],"collection":[{"href":"https:\/\/precisebag.com\/pt\/wp-json\/wp\/v2\/product"}],"about":[{"href":"https:\/\/precisebag.com\/pt\/wp-json\/wp\/v2\/types\/product"}],"replies":[{"embeddable":true,"href":"https:\/\/precisebag.com\/pt\/wp-json\/wp\/v2\/comments?post=1523"}],"wp:featuredmedia":[{"embeddable":true,"href":"https:\/\/precisebag.com\/pt\/wp-json\/wp\/v2\/media\/1526"}],"wp:attachment":[{"href":"https:\/\/precisebag.com\/pt\/wp-json\/wp\/v2\/media?parent=1523"}],"wp:term":[{"taxonomy":"product_brand","embeddable":true,"href":"https:\/\/precisebag.com\/pt\/wp-json\/wp\/v2\/product_brand?post=1523"},{"taxonomy":"product_cat","embeddable":true,"href":"https:\/\/precisebag.com\/pt\/wp-json\/wp\/v2\/product_cat?post=1523"},{"taxonomy":"product_tag","embeddable":true,"href":"https:\/\/precisebag.com\/pt\/wp-json\/wp\/v2\/product_tag?post=1523"}],"curies":[{"name":"wp","href":"https:\/\/api.w.org\/{rel}","templated":true}]}}