{"id":1540,"date":"2022-03-26T13:42:34","date_gmt":"2022-03-26T13:42:34","guid":{"rendered":"https:\/\/precisebag.com\/?post_type=product&#038;p=1540"},"modified":"2022-03-26T13:47:06","modified_gmt":"2022-03-26T13:47:06","slug":"laundry-bag-backpack","status":"publish","type":"product","link":"https:\/\/precisebag.com\/pt\/produto\/laundry-bag-backpack\/","title":{"rendered":"Mochila de lavanderia"},"content":{"rendered":"<p>Com uma mochila saco de lavanderia feita de poli\u00e9ster resistente, voc\u00ea pode lav\u00e1-la em sua m\u00e1quina sem se preocupar em danificar o material. A costura refor\u00e7ada em cada junta garante que essas costuras n\u00e3o se abram facilmente e forne\u00e7am mais suporte ao transportar cargas pesadas com pouco peso extra<\/p>\n<p><strong>Descri\u00e7\u00e3o do produto<\/strong><br \/>\neste<strong>\u00a0mochila de lavanderia<\/strong>\u00a0\u00e9 feito de poli\u00e9ster, que \u00e9 dur\u00e1vel e forte. \u00c9 imperme\u00e1vel e lav\u00e1vel na m\u00e1quina. A costura refor\u00e7ada em cada junta garante que as costuras n\u00e3o se abram facilmente e sejam mais f\u00e1ceis de transportar com pouco peso extra. Certifique-se de uma vida \u00fatil mais longa e uso dur\u00e1vel. Todo o saco de roupa \u00e9 personalizado. Voc\u00ea pode enviar seu pr\u00f3prio tamanho, cor e design para n\u00f3s, podemos ajud\u00e1-lo a complet\u00e1-lo.<\/p>\n<p>A forma \u00fanica \u00e9 muito especial. O design do cord\u00e3o \u00e9 f\u00e1cil de pegar roupas. D\u00ea um n\u00f3 na trava do cord\u00e3o para garantir que nada se perca quando o saco de roupa estiver cheio. As al\u00e7as de ombro duplas s\u00e3o ajust\u00e1veis, para que voc\u00ea possa ajust\u00e1-las para se adequar \u00e0 sua estatura.<\/p>\n<p>As al\u00e7as ajust\u00e1veis da mochila de ombro do saco de roupa suja tornam este saco confort\u00e1vel de transportar e oferecem a conveni\u00eancia de manter as m\u00e3os livres. O material \u00e9 tecido de poli\u00e9ster \u00e0 prova d&#039;\u00e1gua, o que \u00e9 \u00f3timo para acampar e viajar.<\/p>\n<p>A capacidade extra grande que pode se estender na parte superior da bolsa oferece ainda mais espa\u00e7o para colocar roupas extras, artigos de caminhada, equipamentos esportivos ou o que voc\u00ea precisar para aquela noite ou acampamento.<\/p>\n<p>Existem dois bolsos na frente do saco de roupa suja, que proporcionam espa\u00e7o de armazenamento extra para detergente, roupa interior e suti\u00e3. Se voc\u00ea precisar ficar na lavanderia por muito tempo, pode colocar um livro no bolso. O Livro ir\u00e1 ajud\u00e1-lo a matar o tempo.<\/p>\n<p>\u00c9 uma boa ideia pendurar esta mochila com saco de roupa suja na parede ou na porta para recolher a roupa suja. Al\u00e9m disso, o saco de lavanderia mochila \u00e9 \u00e0 prova d&#039;\u00e1gua e lav\u00e1vel na m\u00e1quina para lavanderia, apartamento e faculdade. Este m\u00e9todo pode economizar espa\u00e7o. O saco de lavanderia resistente pode conter at\u00e9 50 libras, projetado para suportar uma carga de roupas semanais. Esta grande mochila de roupa suja \u00e9 dobr\u00e1vel e f\u00e1cil de embalar para viajar ou acampar.<\/p>\n<p>Se o saco de lavanderia da mochila tiver algum problema de qualidade, entre em contato conosco.<\/p>\n<p><strong>Especifica\u00e7\u00e3o<\/strong><\/p>\n<div class=\"table_wrap\">\n<table border=\"1\" cellspacing=\"0\">\n<tbody>\n<tr>\n<td valign=\"top\" width=\"284\">Material<\/td>\n<td valign=\"top\" width=\"284\">Poli\u00e9ster<\/td>\n<\/tr>\n<tr>\n<td valign=\"top\" width=\"284\">Tamanho<\/td>\n<td valign=\"top\" width=\"284\">Tamanho grande ou personalizado<\/td>\n<\/tr>\n<tr>\n<td valign=\"top\" width=\"284\">Cores<\/td>\n<td valign=\"top\" width=\"284\">Vermelho, preto, verde ou personalizado<\/td>\n<\/tr>\n<tr>\n<td valign=\"top\" width=\"284\">Ordem minima<\/td>\n<td valign=\"top\" width=\"284\">200 pe\u00e7as<\/td>\n<\/tr>\n<tr>\n<td valign=\"top\" width=\"284\">OEM&amp;ODM<\/td>\n<td valign=\"top\" width=\"284\">Aceitar<\/td>\n<\/tr>\n<tr>\n<td valign=\"top\" width=\"284\">Logotipo<\/td>\n<td valign=\"top\" width=\"284\">Personalizado<\/td>\n<\/tr>\n<\/tbody>\n<\/table>\n<\/div>","protected":false},"excerpt":{"rendered":"<p><strong>Especifica\u00e7\u00e3o<\/strong><\/p>\n<div class=\"table_wrap\">\n<table border=\"1\" cellspacing=\"0\">\n<tbody>\n<tr>\n<td valign=\"top\" width=\"284\">Material<\/td>\n<td valign=\"top\" width=\"284\">Poli\u00e9ster<\/td>\n<\/tr>\n<tr>\n<td valign=\"top\" width=\"284\">Tamanho<\/td>\n<td valign=\"top\" width=\"284\">Tamanho grande ou personalizado<\/td>\n<\/tr>\n<tr>\n<td valign=\"top\" width=\"284\">Cores<\/td>\n<td valign=\"top\" width=\"284\">Vermelho, preto, verde ou personalizado<\/td>\n<\/tr>\n<tr>\n<td valign=\"top\" width=\"284\">Ordem minima<\/td>\n<td valign=\"top\" width=\"284\">200 pe\u00e7as<\/td>\n<\/tr>\n<tr>\n<td valign=\"top\" width=\"284\">OEM&amp;ODM<\/td>\n<td valign=\"top\" width=\"284\">Aceitar<\/td>\n<\/tr>\n<tr>\n<td valign=\"top\" width=\"284\">Logotipo<\/td>\n<td valign=\"top\" width=\"284\">Personalizado<\/td>\n<\/tr>\n<\/tbody>\n<\/table>\n<\/div>","protected":false},"featured_media":1542,"comment_status":"closed","ping_status":"closed","template":"","meta":{"_seopress_robots_primary_cat":"","_seopress_titles_title":"","_seopress_titles_desc":"","_seopress_robots_index":"","site-sidebar-layout":"default","site-content-layout":"default","ast-site-content-layout":"default","site-content-style":"default","site-sidebar-style":"default","ast-global-header-display":"","ast-banner-title-visibility":"","ast-main-header-display":"","ast-hfb-above-header-display":"","ast-hfb-below-header-display":"","ast-hfb-mobile-header-display":"","site-post-title":"","ast-breadcrumbs-content":"","ast-featured-img":"","footer-sml-layout":"","theme-transparent-header-meta":"default","adv-header-id-meta":"","stick-header-meta":"","header-above-stick-meta":"","header-main-stick-meta":"","header-below-stick-meta":"","astra-migrate-meta-layouts":"default","ast-page-background-enabled":"default","ast-page-background-meta":{"desktop":{"background-color":"","background-image":"","background-repeat":"repeat","background-position":"center center","background-size":"auto","background-attachment":"scroll","background-type":"","background-media":"","overlay-type":"","overlay-color":"","overlay-opacity":"","overlay-gradient":""},"tablet":{"background-color":"","background-image":"","background-repeat":"repeat","background-position":"center center","background-size":"auto","background-attachment":"scroll","background-type":"","background-media":"","overlay-type":"","overlay-color":"","overlay-opacity":"","overlay-gradient":""},"mobile":{"background-color":"","background-image":"","background-repeat":"repeat","background-position":"center center","background-size":"auto","background-attachment":"scroll","background-type":"","background-media":"","overlay-type":"","overlay-color":"","overlay-opacity":"","overlay-gradient":""}},"ast-content-background-meta":{"desktop":{"background-color":"var(--ast-global-color-5)","background-image":"","background-repeat":"repeat","background-position":"center center","background-size":"auto","background-attachment":"scroll","background-type":"","background-media":"","overlay-type":"","overlay-color":"","overlay-opacity":"","overlay-gradient":""},"tablet":{"background-color":"var(--ast-global-color-5)","background-image":"","background-repeat":"repeat","background-position":"center center","background-size":"auto","background-attachment":"scroll","background-type":"","background-media":"","overlay-type":"","overlay-color":"","overlay-opacity":"","overlay-gradient":""},"mobile":{"background-color":"var(--ast-global-color-5)","background-image":"","background-repeat":"repeat","background-position":"center center","background-size":"auto","background-attachment":"scroll","background-type":"","background-media":"","overlay-type":"","overlay-color":"","overlay-opacity":"","overlay-gradient":""}}},"product_brand":[],"product_cat":[36],"product_tag":[],"class_list":{"0":"post-1540","1":"product","2":"type-product","3":"status-publish","4":"has-post-thumbnail","6":"product_cat-laundrybag","7":"desktop-align-left","8":"tablet-align-left","9":"mobile-align-left","11":"first","12":"instock","13":"shipping-taxable","14":"product-type-simple"},"_links":{"self":[{"href":"https:\/\/precisebag.com\/pt\/wp-json\/wp\/v2\/product\/1540","targetHints":{"allow":["GET"]}}],"collection":[{"href":"https:\/\/precisebag.com\/pt\/wp-json\/wp\/v2\/product"}],"about":[{"href":"https:\/\/precisebag.com\/pt\/wp-json\/wp\/v2\/types\/product"}],"replies":[{"embeddable":true,"href":"https:\/\/precisebag.com\/pt\/wp-json\/wp\/v2\/comments?post=1540"}],"wp:featuredmedia":[{"embeddable":true,"href":"https:\/\/precisebag.com\/pt\/wp-json\/wp\/v2\/media\/1542"}],"wp:attachment":[{"href":"https:\/\/precisebag.com\/pt\/wp-json\/wp\/v2\/media?parent=1540"}],"wp:term":[{"taxonomy":"product_brand","embeddable":true,"href":"https:\/\/precisebag.com\/pt\/wp-json\/wp\/v2\/product_brand?post=1540"},{"taxonomy":"product_cat","embeddable":true,"href":"https:\/\/precisebag.com\/pt\/wp-json\/wp\/v2\/product_cat?post=1540"},{"taxonomy":"product_tag","embeddable":true,"href":"https:\/\/precisebag.com\/pt\/wp-json\/wp\/v2\/product_tag?post=1540"}],"curies":[{"name":"wp","href":"https:\/\/api.w.org\/{rel}","templated":true}]}}