{"id":1549,"date":"2022-03-26T13:54:00","date_gmt":"2022-03-26T13:54:00","guid":{"rendered":"https:\/\/precisebag.com\/?post_type=product&#038;p=1549"},"modified":"2022-03-26T13:54:54","modified_gmt":"2022-03-26T13:54:54","slug":"mesh-laundry-bag","status":"publish","type":"product","link":"https:\/\/precisebag.com\/pt\/produto\/mesh-laundry-bag\/","title":{"rendered":"Saco de malha para lavanderia"},"content":{"rendered":"<p>Sacos de roupa de malha s\u00e3o perfeitos para proteger suas roupas. Eles podem ser usados em todos os tipos de lavagem, incluindo roupas \u00edntimas e suti\u00e3s para mant\u00ea-los limpos \u2013 n\u00e3o apenas quando voc\u00ea est\u00e1 viajando pelo mundo, mas tamb\u00e9m em casa!<\/p>\n<p><strong>Descri\u00e7\u00e3o do produto<\/strong><br \/>\nPrimeiro voc\u00ea precisa saber que pode personalizar um conjunto ou uma pe\u00e7a. Este saco de roupa de malha \u00e9 forte, dur\u00e1vel e lav\u00e1vel para proteger sua roupa. Funciona para todos os tipos de lavanderia, incluindo roupas \u00edntimas, suti\u00e3s, meias, itens de beb\u00ea, camisas sociais. Por que devemos usar esse saco de lavanderia? Este saco de roupa de malha dur\u00e1vel permitir\u00e1 que o sab\u00e3o e a \u00e1gua fluam e limpem suas roupas, mantendo-as protegidas e a sujeira e o detergente saindo, para que voc\u00ea possa garantir que suas roupas sejam completamente limpas. Um z\u00edper de pl\u00e1stico bem feito e \u00e0 prova de ferrugem tem uma trava el\u00e1stica para que permane\u00e7a fechado durante a lavagem. Voc\u00ea nunca precisa se preocupar que as roupas escorreguem ou fiquem presas.<\/p>\n<p>\u00c0s vezes, suti\u00e3s, roupas \u00edntimas e meias saem da m\u00e1quina de lavar em uma massa emaranhada, e lingerie rasgada e camisas sociais se enrolam em outras roupas. O saco de roupa de malha prolongar\u00e1 a vida \u00fatil de suti\u00e3s, lingerie, saias e vestidos finos, enquanto protege seus dedicat\u00f3rios de se entrela\u00e7arem com o resto de sua roupa. A \u00fanica maneira de proteg\u00ea-los, garantindo que eles sejam completamente lavados, \u00e9 coloc\u00e1-los em nossos sacos de malha com z\u00edper para lavanderia delicada.<\/p>\n<p>Cada conjunto vem com sete sacos de lavanderia de malha. De um modo geral, colocamos suti\u00e3s na lavanderia redonda, e desta forma protegemos a tor\u00e7\u00e3o do suti\u00e3. Lingerie de cores claras ser\u00e1 colocada em um saco de lavanderia, e lingerie preta ser\u00e1 colocada em outro, para que voc\u00ea possa separar suas roupas enquanto as mant\u00e9m seguras.<\/p>\n<p>O saco de roupa de malha tamb\u00e9m \u00e9 \u00fatil para lavar meias. Isso n\u00e3o apenas impedir\u00e1 que eles se percam, mas tamb\u00e9m tornar\u00e1 mais r\u00e1pido emparelh\u00e1-los ao dobr\u00e1-los. Ou escolha itens que n\u00e3o podem entrar na secadora para colocar na bolsa de malha. Dessa forma, em vez de vasculhar toda a carga para encontrar aquele item que n\u00e3o pode entrar na secadora, voc\u00ea pode localizar facilmente o saco de malha e remov\u00ea-lo.<\/p>\n<p><strong>Especifica\u00e7\u00e3o<\/strong><\/p>\n<div class=\"table_wrap\">\n<table border=\"1\" cellspacing=\"0\">\n<tbody>\n<tr>\n<td valign=\"top\" width=\"284\">Material<\/td>\n<td valign=\"top\" width=\"284\">Poli\u00e9ster<\/td>\n<\/tr>\n<tr>\n<td valign=\"top\" width=\"284\">Tamanho<\/td>\n<td valign=\"top\" width=\"284\">Tamanho do suporte ou personalizado<\/td>\n<\/tr>\n<tr>\n<td valign=\"top\" width=\"284\">Cores<\/td>\n<td valign=\"top\" width=\"284\">Personalizado<\/td>\n<\/tr>\n<tr>\n<td valign=\"top\" width=\"284\">Ordem minima<\/td>\n<td valign=\"top\" width=\"284\">200 pe\u00e7as<\/td>\n<\/tr>\n<tr>\n<td valign=\"top\" width=\"284\">OEM&amp;ODM<\/td>\n<td valign=\"top\" width=\"284\">Aceitar<\/td>\n<\/tr>\n<tr>\n<td valign=\"top\" width=\"284\">Logotipo<\/td>\n<td valign=\"top\" width=\"284\">Personalizado<\/td>\n<\/tr>\n<\/tbody>\n<\/table>\n<\/div>","protected":false},"excerpt":{"rendered":"<p><strong>Especifica\u00e7\u00e3o<\/strong><\/p>\n<div class=\"table_wrap\">\n<table border=\"1\" cellspacing=\"0\">\n<tbody>\n<tr>\n<td valign=\"top\" width=\"284\">Material<\/td>\n<td valign=\"top\" width=\"284\">Poli\u00e9ster<\/td>\n<\/tr>\n<tr>\n<td valign=\"top\" width=\"284\">Tamanho<\/td>\n<td valign=\"top\" width=\"284\">Tamanho do suporte ou personalizado<\/td>\n<\/tr>\n<tr>\n<td valign=\"top\" width=\"284\">Cores<\/td>\n<td valign=\"top\" width=\"284\">Personalizado<\/td>\n<\/tr>\n<tr>\n<td valign=\"top\" width=\"284\">Ordem minima<\/td>\n<td valign=\"top\" width=\"284\">200 pe\u00e7as<\/td>\n<\/tr>\n<tr>\n<td valign=\"top\" width=\"284\">OEM&amp;ODM<\/td>\n<td valign=\"top\" width=\"284\">Aceitar<\/td>\n<\/tr>\n<tr>\n<td valign=\"top\" width=\"284\">Logotipo<\/td>\n<td valign=\"top\" width=\"284\">Personalizado<\/td>\n<\/tr>\n<\/tbody>\n<\/table>\n<\/div>","protected":false},"featured_media":1551,"comment_status":"closed","ping_status":"closed","template":"","meta":{"_seopress_robots_primary_cat":"","_seopress_titles_title":"","_seopress_titles_desc":"","_seopress_robots_index":"","site-sidebar-layout":"default","site-content-layout":"default","ast-site-content-layout":"default","site-content-style":"default","site-sidebar-style":"default","ast-global-header-display":"","ast-banner-title-visibility":"","ast-main-header-display":"","ast-hfb-above-header-display":"","ast-hfb-below-header-display":"","ast-hfb-mobile-header-display":"","site-post-title":"","ast-breadcrumbs-content":"","ast-featured-img":"","footer-sml-layout":"","theme-transparent-header-meta":"default","adv-header-id-meta":"","stick-header-meta":"","header-above-stick-meta":"","header-main-stick-meta":"","header-below-stick-meta":"","astra-migrate-meta-layouts":"default","ast-page-background-enabled":"default","ast-page-background-meta":{"desktop":{"background-color":"","background-image":"","background-repeat":"repeat","background-position":"center center","background-size":"auto","background-attachment":"scroll","background-type":"","background-media":"","overlay-type":"","overlay-color":"","overlay-opacity":"","overlay-gradient":""},"tablet":{"background-color":"","background-image":"","background-repeat":"repeat","background-position":"center center","background-size":"auto","background-attachment":"scroll","background-type":"","background-media":"","overlay-type":"","overlay-color":"","overlay-opacity":"","overlay-gradient":""},"mobile":{"background-color":"","background-image":"","background-repeat":"repeat","background-position":"center center","background-size":"auto","background-attachment":"scroll","background-type":"","background-media":"","overlay-type":"","overlay-color":"","overlay-opacity":"","overlay-gradient":""}},"ast-content-background-meta":{"desktop":{"background-color":"var(--ast-global-color-5)","background-image":"","background-repeat":"repeat","background-position":"center center","background-size":"auto","background-attachment":"scroll","background-type":"","background-media":"","overlay-type":"","overlay-color":"","overlay-opacity":"","overlay-gradient":""},"tablet":{"background-color":"var(--ast-global-color-5)","background-image":"","background-repeat":"repeat","background-position":"center center","background-size":"auto","background-attachment":"scroll","background-type":"","background-media":"","overlay-type":"","overlay-color":"","overlay-opacity":"","overlay-gradient":""},"mobile":{"background-color":"var(--ast-global-color-5)","background-image":"","background-repeat":"repeat","background-position":"center center","background-size":"auto","background-attachment":"scroll","background-type":"","background-media":"","overlay-type":"","overlay-color":"","overlay-opacity":"","overlay-gradient":""}}},"product_brand":[],"product_cat":[36],"product_tag":[],"class_list":{"0":"post-1549","1":"product","2":"type-product","3":"status-publish","4":"has-post-thumbnail","6":"product_cat-laundrybag","7":"desktop-align-left","8":"tablet-align-left","9":"mobile-align-left","11":"first","12":"instock","13":"shipping-taxable","14":"product-type-simple"},"_links":{"self":[{"href":"https:\/\/precisebag.com\/pt\/wp-json\/wp\/v2\/product\/1549","targetHints":{"allow":["GET"]}}],"collection":[{"href":"https:\/\/precisebag.com\/pt\/wp-json\/wp\/v2\/product"}],"about":[{"href":"https:\/\/precisebag.com\/pt\/wp-json\/wp\/v2\/types\/product"}],"replies":[{"embeddable":true,"href":"https:\/\/precisebag.com\/pt\/wp-json\/wp\/v2\/comments?post=1549"}],"wp:featuredmedia":[{"embeddable":true,"href":"https:\/\/precisebag.com\/pt\/wp-json\/wp\/v2\/media\/1551"}],"wp:attachment":[{"href":"https:\/\/precisebag.com\/pt\/wp-json\/wp\/v2\/media?parent=1549"}],"wp:term":[{"taxonomy":"product_brand","embeddable":true,"href":"https:\/\/precisebag.com\/pt\/wp-json\/wp\/v2\/product_brand?post=1549"},{"taxonomy":"product_cat","embeddable":true,"href":"https:\/\/precisebag.com\/pt\/wp-json\/wp\/v2\/product_cat?post=1549"},{"taxonomy":"product_tag","embeddable":true,"href":"https:\/\/precisebag.com\/pt\/wp-json\/wp\/v2\/product_tag?post=1549"}],"curies":[{"name":"wp","href":"https:\/\/api.w.org\/{rel}","templated":true}]}}