{"id":1573,"date":"2022-04-04T04:53:11","date_gmt":"2022-04-04T04:53:11","guid":{"rendered":"https:\/\/precisebag.com\/?post_type=product&#038;p=1573"},"modified":"2022-04-04T04:55:33","modified_gmt":"2022-04-04T04:55:33","slug":"reusable-foldable-garment-bag","status":"publish","type":"product","link":"https:\/\/precisebag.com\/pt\/produto\/reusable-foldable-garment-bag\/","title":{"rendered":"Saco de roupa dobr\u00e1vel reutiliz\u00e1vel"},"content":{"rendered":"<p><strong>Descri\u00e7\u00e3o do produto<\/strong><br \/>\n<strong>Saco de roupa<\/strong>, tamb\u00e9m \u00e9 chamado de bolsa de terno ou capas de roupas, geralmente usadas para transportar ternos, jaquetas e outras roupas. A roupa pode ser protegida do p\u00f3 atrav\u00e9s do saco de vestu\u00e1rio. As pessoas costumam pendur\u00e1-los dentro com seus cabides na barra do arm\u00e1rio.<\/p>\n<p>Este tipo de saco de vestu\u00e1rio \u00e9 feito de tecido n\u00e3o tecido. \u00c9 respir\u00e1vel, forte e leve para jaquetas, casacos de vestido de noiva, cal\u00e7as, uniformes, casacos de pele e assim por diante. A cor da frente \u00e9 marrom e o verso \u00e9 branco. As pessoas podem distinguir a roupa atrav\u00e9s da janela transparente do verso, e este \u00e9 um design especial de nossos clientes. Dobr\u00e1vel e f\u00e1cil de pendurar com orif\u00edcio de abertura na parte superior, \u00f3timo para viagens e armazenamento dom\u00e9stico. O z\u00edper central de comprimento total \u00e9 f\u00e1cil de colocar e tirar roupas.<\/p>\n<p>A al\u00e7a da bolsa de roupas foi refor\u00e7ada, o que significa que as pessoas podem colocar ternos de tr\u00eas ou quatro pe\u00e7as nas bolsas. H\u00e1 um bolso com z\u00edper sob a al\u00e7a, algumas pequenas coisas podem ser colocadas nele, como chaves, toalhas, roupas \u00edntimas.<\/p>\n<p>A bolsa de capa de terno \u00e9 projetada especificamente para proteger roupas de qualquer umidade, exposi\u00e7\u00e3o ao sol e pragas, como tra\u00e7as, e manter as roupas limpas e sem rugas.<\/p>\n<p>Um de nossos clientes disse: \u201d A bolsa para roupas \u00e9 perfeita para guardar v\u00e1rios itens. Comprei para guardar dois dos meus caros casacos de inverno. Com as duas camadas dentro ainda h\u00e1 espa\u00e7o para mais. A bolsa e o z\u00edper parecem dur\u00e1veis.\u201d<\/p>\n<p>Seja a trabalho ou a lazer, chega um momento em que voc\u00ea precisa levar alguns ternos na bagagem. Voc\u00ea pode estar viajando para outro pa\u00eds para ter uma reuni\u00e3o ou precisar fazer uma apari\u00e7\u00e3o em uma ocasi\u00e3o importante. Se a viagem de neg\u00f3cios faz parte do seu trabalho, a bolsa de roupas \u00e9 muito importante para voc\u00ea. Voc\u00ea tem que ter a melhor apar\u00eancia em seu terno personalizado em viagem de neg\u00f3cios e colocar seus ternos em uma bolsa de roupas s\u00f3lida.<\/p>\n<p><strong>Especifica\u00e7\u00e3o<\/strong><strong><br \/>\n<\/strong><\/p>\n<div class=\"table_wrap\">\n<table border=\"1\" cellspacing=\"0\">\n<tbody>\n<tr>\n<td valign=\"center\" width=\"284\">\n<p align=\"justify\">Material<\/p>\n<\/td>\n<td valign=\"center\" width=\"284\">\n<p align=\"justify\">N\u00e3o tecido, poli\u00e9ster, PEVA, PVC, algod\u00e3o<\/p>\n<\/td>\n<\/tr>\n<tr>\n<td valign=\"center\" width=\"284\">\n<p align=\"justify\">Tamanho<\/p>\n<\/td>\n<td valign=\"center\" width=\"284\">\n<p align=\"justify\">Tamanho grande ou personalizado<\/p>\n<\/td>\n<\/tr>\n<tr>\n<td valign=\"center\" width=\"284\">\n<p align=\"justify\">Cores<\/p>\n<\/td>\n<td valign=\"center\" width=\"284\">\n<p align=\"justify\">Vermelho, preto ou personalizado<\/p>\n<\/td>\n<\/tr>\n<tr>\n<td valign=\"center\" width=\"284\">\n<p align=\"justify\">Ordem minima<\/p>\n<\/td>\n<td valign=\"center\" width=\"284\">\n<p align=\"justify\">100 pe\u00e7as<\/p>\n<\/td>\n<\/tr>\n<tr>\n<td valign=\"center\" width=\"284\">\n<p align=\"justify\">OEM&amp;ODM<\/p>\n<\/td>\n<td valign=\"center\" width=\"284\">\n<p align=\"justify\">Aceitar<\/p>\n<\/td>\n<\/tr>\n<tr>\n<td valign=\"center\" width=\"284\">\n<p align=\"justify\">Logotipo<\/p>\n<\/td>\n<td valign=\"center\" width=\"284\">\n<p align=\"justify\">Personalizado<\/p>\n<\/td>\n<\/tr>\n<\/tbody>\n<\/table>\n<\/div>","protected":false},"excerpt":{"rendered":"<p>Saco de vestu\u00e1rio, tamb\u00e9m \u00e9 chamado de saco de terno ou capas de vestu\u00e1rio, geralmente usado para transportar ternos, jaquetas e outras roupas. A roupa pode ser protegida do p\u00f3 atrav\u00e9s do saco de vestu\u00e1rio. As pessoas costumam pendur\u00e1-los dentro com seus cabides na barra do arm\u00e1rio.<\/p>\n<p><strong>Especifica\u00e7\u00e3o<\/strong><strong><br \/>\n<\/strong><\/p>\n<div class=\"table_wrap\">\n<table border=\"1\" cellspacing=\"0\">\n<tbody>\n<tr>\n<td valign=\"center\" width=\"284\">\n<p align=\"justify\">Material<\/p>\n<\/td>\n<td valign=\"center\" width=\"284\">\n<p align=\"justify\">N\u00e3o tecido, poli\u00e9ster, PEVA, PVC, algod\u00e3o<\/p>\n<\/td>\n<\/tr>\n<tr>\n<td valign=\"center\" width=\"284\">\n<p align=\"justify\">Tamanho<\/p>\n<\/td>\n<td valign=\"center\" width=\"284\">\n<p align=\"justify\">Tamanho grande ou personalizado<\/p>\n<\/td>\n<\/tr>\n<tr>\n<td valign=\"center\" width=\"284\">\n<p align=\"justify\">Cores<\/p>\n<\/td>\n<td valign=\"center\" width=\"284\">\n<p align=\"justify\">Vermelho, preto ou personalizado<\/p>\n<\/td>\n<\/tr>\n<tr>\n<td valign=\"center\" width=\"284\">\n<p align=\"justify\">Ordem minima<\/p>\n<\/td>\n<td valign=\"center\" width=\"284\">\n<p align=\"justify\">100 pe\u00e7as<\/p>\n<\/td>\n<\/tr>\n<tr>\n<td valign=\"center\" width=\"284\">\n<p align=\"justify\">OEM&amp;ODM<\/p>\n<\/td>\n<td valign=\"center\" width=\"284\">\n<p align=\"justify\">Aceitar<\/p>\n<\/td>\n<\/tr>\n<tr>\n<td valign=\"center\" width=\"284\">\n<p align=\"justify\">Logotipo<\/p>\n<\/td>\n<td valign=\"center\" width=\"284\">\n<p align=\"justify\">Personalizado<\/p>\n<\/td>\n<\/tr>\n<\/tbody>\n<\/table>\n<\/div>","protected":false},"featured_media":1577,"comment_status":"closed","ping_status":"closed","template":"","meta":{"_seopress_robots_primary_cat":"none","_seopress_titles_title":"","_seopress_titles_desc":"","_seopress_robots_index":"","site-sidebar-layout":"default","site-content-layout":"default","ast-site-content-layout":"default","site-content-style":"default","site-sidebar-style":"default","ast-global-header-display":"","ast-banner-title-visibility":"","ast-main-header-display":"","ast-hfb-above-header-display":"","ast-hfb-below-header-display":"","ast-hfb-mobile-header-display":"","site-post-title":"","ast-breadcrumbs-content":"","ast-featured-img":"","footer-sml-layout":"","theme-transparent-header-meta":"default","adv-header-id-meta":"","stick-header-meta":"","header-above-stick-meta":"","header-main-stick-meta":"","header-below-stick-meta":"","astra-migrate-meta-layouts":"default","ast-page-background-enabled":"default","ast-page-background-meta":{"desktop":{"background-color":"","background-image":"","background-repeat":"repeat","background-position":"center center","background-size":"auto","background-attachment":"scroll","background-type":"","background-media":"","overlay-type":"","overlay-color":"","overlay-opacity":"","overlay-gradient":""},"tablet":{"background-color":"","background-image":"","background-repeat":"repeat","background-position":"center center","background-size":"auto","background-attachment":"scroll","background-type":"","background-media":"","overlay-type":"","overlay-color":"","overlay-opacity":"","overlay-gradient":""},"mobile":{"background-color":"","background-image":"","background-repeat":"repeat","background-position":"center center","background-size":"auto","background-attachment":"scroll","background-type":"","background-media":"","overlay-type":"","overlay-color":"","overlay-opacity":"","overlay-gradient":""}},"ast-content-background-meta":{"desktop":{"background-color":"var(--ast-global-color-5)","background-image":"","background-repeat":"repeat","background-position":"center center","background-size":"auto","background-attachment":"scroll","background-type":"","background-media":"","overlay-type":"","overlay-color":"","overlay-opacity":"","overlay-gradient":""},"tablet":{"background-color":"var(--ast-global-color-5)","background-image":"","background-repeat":"repeat","background-position":"center center","background-size":"auto","background-attachment":"scroll","background-type":"","background-media":"","overlay-type":"","overlay-color":"","overlay-opacity":"","overlay-gradient":""},"mobile":{"background-color":"var(--ast-global-color-5)","background-image":"","background-repeat":"repeat","background-position":"center center","background-size":"auto","background-attachment":"scroll","background-type":"","background-media":"","overlay-type":"","overlay-color":"","overlay-opacity":"","overlay-gradient":""}}},"product_brand":[],"product_cat":[37],"product_tag":[],"class_list":{"0":"post-1573","1":"product","2":"type-product","3":"status-publish","4":"has-post-thumbnail","6":"product_cat-garmentbag","7":"desktop-align-left","8":"tablet-align-left","9":"mobile-align-left","11":"first","12":"instock","13":"shipping-taxable","14":"product-type-simple"},"_links":{"self":[{"href":"https:\/\/precisebag.com\/pt\/wp-json\/wp\/v2\/product\/1573","targetHints":{"allow":["GET"]}}],"collection":[{"href":"https:\/\/precisebag.com\/pt\/wp-json\/wp\/v2\/product"}],"about":[{"href":"https:\/\/precisebag.com\/pt\/wp-json\/wp\/v2\/types\/product"}],"replies":[{"embeddable":true,"href":"https:\/\/precisebag.com\/pt\/wp-json\/wp\/v2\/comments?post=1573"}],"wp:featuredmedia":[{"embeddable":true,"href":"https:\/\/precisebag.com\/pt\/wp-json\/wp\/v2\/media\/1577"}],"wp:attachment":[{"href":"https:\/\/precisebag.com\/pt\/wp-json\/wp\/v2\/media?parent=1573"}],"wp:term":[{"taxonomy":"product_brand","embeddable":true,"href":"https:\/\/precisebag.com\/pt\/wp-json\/wp\/v2\/product_brand?post=1573"},{"taxonomy":"product_cat","embeddable":true,"href":"https:\/\/precisebag.com\/pt\/wp-json\/wp\/v2\/product_cat?post=1573"},{"taxonomy":"product_tag","embeddable":true,"href":"https:\/\/precisebag.com\/pt\/wp-json\/wp\/v2\/product_tag?post=1573"}],"curies":[{"name":"wp","href":"https:\/\/api.w.org\/{rel}","templated":true}]}}