{"id":1578,"date":"2022-04-04T04:58:38","date_gmt":"2022-04-04T04:58:38","guid":{"rendered":"https:\/\/precisebag.com\/?post_type=product&#038;p=1578"},"modified":"2022-04-04T05:48:40","modified_gmt":"2022-04-04T05:48:40","slug":"polyester-garment-bag","status":"publish","type":"product","link":"https:\/\/precisebag.com\/pt\/produto\/polyester-garment-bag\/","title":{"rendered":"Bolsa de Poli\u00e9ster"},"content":{"rendered":"<p><strong>Descri\u00e7\u00e3o do produto<\/strong><br \/>\nHoje em dia, existem muitos ternos caros no mercado. Como proteger os ternos e roupas caras \u00e9 uma coisa importante. Muitas marcas famosas escolher\u00e3o a bolsa de terno para manter os ternos novos durante o processo de armazenamento.<\/p>\n<p>Saco de terno de poli\u00e9ster tamb\u00e9m \u00e9 chamado de capa de poeira de poli\u00e9ster. A bolsa de terno \u00e9 feita principalmente de material de poli\u00e9ster e tamb\u00e9m \u00e9 equipada com acess\u00f3rios de vestu\u00e1rio, como z\u00edperes, PVC, ganchos e etiquetas para pendurar.<\/p>\n<p>O material de poli\u00e9ster \u00e9 leve, resistente ao desgaste, imperme\u00e1vel e \u00e0 prova de poeira e tem boa resili\u00eancia. Ao mesmo tempo, o pre\u00e7o tem uma grande vantagem sobre o algod\u00e3o natural. Comparado com tecidos n\u00e3o tecidos, o poli\u00e9ster \u00e9 mais resistente ao desgaste e dur\u00e1vel e dura mais. Comparado com outros sacos de pl\u00e1stico, \u00e9 mais ecol\u00f3gico.<\/p>\n<p>O corpo da bolsa de poli\u00e9ster pode ser impresso com o logotipo da marca, que pode ser usado como propaganda para expandir a popularidade da marca de terno. A forma de impress\u00e3o do LOGOTIPO pode ser dividida em: serigrafia, impress\u00e3o por transfer\u00eancia de calor e bordado.<\/p>\n<p>Saco de terno de poli\u00e9ster \u00e9 f\u00e1cil de transportar e manter para os clientes. Como todos sabemos, as marcas de roupas fornecer\u00e3o bolsas de roupas gratuitas para os consumidores. Como um tipo especial de roupa, as marcas de roupas fornecer\u00e3o conjuntos de ternos gratuitamente.<\/p>\n<p>Depois que o cliente comprou o traje, a bolsa do traje pode ser usada como uma capa protetora \u00e0 prova de poeira para proteger o traje da poeira e da umidade, para que o traje ainda pare\u00e7a novo quando for usado na pr\u00f3xima vez. Muitas malas de poli\u00e9ster s\u00e3o projetadas para serem dobr\u00e1veis e, depois de dobradas ao meio, elas se transformam imediatamente em uma grande \u201cpasta\u201d, conveniente para viagens de neg\u00f3cios e trabalho de escrit\u00f3rio.<\/p>\n<p>Muitas marcas de roupas conhecidas sempre se preocupam com a embalagem das roupas. Eles encontrar\u00e3o fabricantes regulares para personalizar seus pr\u00f3prios ternos. Os ternos tamb\u00e9m podem refletir a for\u00e7a e a influ\u00eancia da marca de lado. Um bom saco de p\u00f3 para terno pode destacar de forma invis\u00edvel a conota\u00e7\u00e3o e a qualidade da marca. Precisepackage \u00e9 um fabricante profissional de bolsas de terno. Aceitamos OEM. Se voc\u00ea tiver quaisquer requisitos sobre os produtos, podemos projetar para voc\u00ea.<\/p>\n<p><strong>Especifica\u00e7\u00e3o<\/strong><\/p>\n<div class=\"table_wrap\">\n<table border=\"1\" cellspacing=\"0\">\n<tbody>\n<tr>\n<td valign=\"top\" width=\"284\">Material<\/td>\n<td valign=\"top\" width=\"284\">Poli\u00e9ster, n\u00e3o tecido, oxford, algod\u00e3o ou personalizado<\/td>\n<\/tr>\n<tr>\n<td valign=\"top\" width=\"284\">Cores<\/td>\n<td valign=\"top\" width=\"284\">Aceite Cores Personalizadas<\/td>\n<\/tr>\n<tr>\n<td valign=\"top\" width=\"284\">Tamanho<\/td>\n<td valign=\"top\" width=\"284\">Tamanho padr\u00e3o ou personalizado<\/td>\n<\/tr>\n<tr>\n<td valign=\"top\" width=\"284\">MOQ<\/td>\n<td valign=\"top\" width=\"284\">500<\/td>\n<\/tr>\n<\/tbody>\n<\/table>\n<\/div>","protected":false},"excerpt":{"rendered":"<p>Como proteger os ternos e roupas caras \u00e9 uma coisa importante. Muitas marcas famosas escolher\u00e3o a bolsa de terno para manter os ternos novos durante o processo de armazenamento.<\/p>\n<section class=\"web_main page_main\">\n<div class=\"layout\">\n<section class=\"main\">\n<section class=\"tab-content-wrap product-detail\">\n<section class=\"tab-panel-wrap\">\n<section class=\"tab-panel entry\">\n<section class=\"tab-panel-content\"><strong>Especifica\u00e7\u00e3o<\/strong><\/p>\n<div class=\"table_wrap\">\n<table border=\"1\" cellspacing=\"0\">\n<tbody>\n<tr>\n<td valign=\"top\" width=\"284\">Material<\/td>\n<td valign=\"top\" width=\"284\">Poli\u00e9ster, n\u00e3o tecido, oxford, algod\u00e3o ou personalizado<\/td>\n<\/tr>\n<tr>\n<td valign=\"top\" width=\"284\">Cores<\/td>\n<td valign=\"top\" width=\"284\">Aceite Cores Personalizadas<\/td>\n<\/tr>\n<tr>\n<td valign=\"top\" width=\"284\">Tamanho<\/td>\n<td valign=\"top\" width=\"284\">Tamanho padr\u00e3o ou personalizado<\/td>\n<\/tr>\n<tr>\n<td valign=\"top\" width=\"284\">MOQ<\/td>\n<td valign=\"top\" width=\"284\">500<\/td>\n<\/tr>\n<\/tbody>\n<\/table>\n<\/div>\n<\/section>\n<\/section>\n<\/section>\n<\/section>\n<\/section>\n<\/div>\n<\/section>","protected":false},"featured_media":1582,"comment_status":"closed","ping_status":"closed","template":"","meta":{"_seopress_robots_primary_cat":"none","_seopress_titles_title":"","_seopress_titles_desc":"","_seopress_robots_index":"","site-sidebar-layout":"default","site-content-layout":"default","ast-site-content-layout":"default","site-content-style":"default","site-sidebar-style":"default","ast-global-header-display":"","ast-banner-title-visibility":"","ast-main-header-display":"","ast-hfb-above-header-display":"","ast-hfb-below-header-display":"","ast-hfb-mobile-header-display":"","site-post-title":"","ast-breadcrumbs-content":"","ast-featured-img":"","footer-sml-layout":"","theme-transparent-header-meta":"default","adv-header-id-meta":"","stick-header-meta":"","header-above-stick-meta":"","header-main-stick-meta":"","header-below-stick-meta":"","astra-migrate-meta-layouts":"default","ast-page-background-enabled":"default","ast-page-background-meta":{"desktop":{"background-color":"","background-image":"","background-repeat":"repeat","background-position":"center center","background-size":"auto","background-attachment":"scroll","background-type":"","background-media":"","overlay-type":"","overlay-color":"","overlay-opacity":"","overlay-gradient":""},"tablet":{"background-color":"","background-image":"","background-repeat":"repeat","background-position":"center center","background-size":"auto","background-attachment":"scroll","background-type":"","background-media":"","overlay-type":"","overlay-color":"","overlay-opacity":"","overlay-gradient":""},"mobile":{"background-color":"","background-image":"","background-repeat":"repeat","background-position":"center center","background-size":"auto","background-attachment":"scroll","background-type":"","background-media":"","overlay-type":"","overlay-color":"","overlay-opacity":"","overlay-gradient":""}},"ast-content-background-meta":{"desktop":{"background-color":"var(--ast-global-color-5)","background-image":"","background-repeat":"repeat","background-position":"center center","background-size":"auto","background-attachment":"scroll","background-type":"","background-media":"","overlay-type":"","overlay-color":"","overlay-opacity":"","overlay-gradient":""},"tablet":{"background-color":"var(--ast-global-color-5)","background-image":"","background-repeat":"repeat","background-position":"center center","background-size":"auto","background-attachment":"scroll","background-type":"","background-media":"","overlay-type":"","overlay-color":"","overlay-opacity":"","overlay-gradient":""},"mobile":{"background-color":"var(--ast-global-color-5)","background-image":"","background-repeat":"repeat","background-position":"center center","background-size":"auto","background-attachment":"scroll","background-type":"","background-media":"","overlay-type":"","overlay-color":"","overlay-opacity":"","overlay-gradient":""}}},"product_brand":[],"product_cat":[37],"product_tag":[],"class_list":{"0":"post-1578","1":"product","2":"type-product","3":"status-publish","4":"has-post-thumbnail","6":"product_cat-garmentbag","7":"desktop-align-left","8":"tablet-align-left","9":"mobile-align-left","11":"first","12":"instock","13":"shipping-taxable","14":"product-type-simple"},"_links":{"self":[{"href":"https:\/\/precisebag.com\/pt\/wp-json\/wp\/v2\/product\/1578","targetHints":{"allow":["GET"]}}],"collection":[{"href":"https:\/\/precisebag.com\/pt\/wp-json\/wp\/v2\/product"}],"about":[{"href":"https:\/\/precisebag.com\/pt\/wp-json\/wp\/v2\/types\/product"}],"replies":[{"embeddable":true,"href":"https:\/\/precisebag.com\/pt\/wp-json\/wp\/v2\/comments?post=1578"}],"wp:featuredmedia":[{"embeddable":true,"href":"https:\/\/precisebag.com\/pt\/wp-json\/wp\/v2\/media\/1582"}],"wp:attachment":[{"href":"https:\/\/precisebag.com\/pt\/wp-json\/wp\/v2\/media?parent=1578"}],"wp:term":[{"taxonomy":"product_brand","embeddable":true,"href":"https:\/\/precisebag.com\/pt\/wp-json\/wp\/v2\/product_brand?post=1578"},{"taxonomy":"product_cat","embeddable":true,"href":"https:\/\/precisebag.com\/pt\/wp-json\/wp\/v2\/product_cat?post=1578"},{"taxonomy":"product_tag","embeddable":true,"href":"https:\/\/precisebag.com\/pt\/wp-json\/wp\/v2\/product_tag?post=1578"}],"curies":[{"name":"wp","href":"https:\/\/api.w.org\/{rel}","templated":true}]}}