{"id":1588,"date":"2022-04-04T05:54:29","date_gmt":"2022-04-04T05:54:29","guid":{"rendered":"https:\/\/precisebag.com\/?post_type=product&#038;p=1588"},"modified":"2022-04-04T05:54:31","modified_gmt":"2022-04-04T05:54:31","slug":"garment-suit-cover","status":"publish","type":"product","link":"https:\/\/precisebag.com\/pt\/produto\/garment-suit-cover\/","title":{"rendered":"Capa de terno"},"content":{"rendered":"<p>Um saco de capa de roupa \u00e9 um item comum para viagens de neg\u00f3cios ou viagens. A capa do terno \u00e9 um soft, que \u00e9 projetado para transportar que geralmente s\u00e3o mantidos em um cabide.<\/p>\n<p><strong>Especifica\u00e7\u00e3o<\/strong><\/p>\n<div class=\"table_wrap\">\n<table border=\"1\" cellspacing=\"0\">\n<tbody>\n<tr>\n<td valign=\"top\" width=\"284\">Material<\/td>\n<td valign=\"top\" width=\"284\">Poli\u00e9ster, n\u00e3o tecido, oxford, algod\u00e3o ou personalizado<\/td>\n<\/tr>\n<tr>\n<td valign=\"top\" width=\"284\">Cores<\/td>\n<td valign=\"top\" width=\"284\">Aceite Cores Personalizadas<\/td>\n<\/tr>\n<tr>\n<td valign=\"top\" width=\"284\">Tamanho<\/td>\n<td valign=\"top\" width=\"284\">Tamanho padr\u00e3o ou personalizado<\/td>\n<\/tr>\n<tr>\n<td valign=\"top\" width=\"284\">MOQ<\/td>\n<td valign=\"top\" width=\"284\">500<\/td>\n<\/tr>\n<\/tbody>\n<\/table>\n<\/div>","protected":false},"excerpt":{"rendered":"<p><strong>Descri\u00e7\u00e3o do produto<\/strong><br \/>\nO que \u00e9 uma capa de terno de vestu\u00e1rio? Um saco de capa de roupa \u00e9 um item comum para viagens de neg\u00f3cios ou viagens. A capa do terno \u00e9 um soft, que \u00e9 projetado para transportar que geralmente s\u00e3o mantidos em um cabide. O design sempre parece \u00f3timo. Quer voc\u00ea os encontre em uma viagem de neg\u00f3cios ou em um evento, eles est\u00e3o sempre na moda.<\/p>\n<p>N\u00f3s projetamos centenas de capas de roupas que v\u00eam em v\u00e1rios tamanhos, formas e especifica\u00e7\u00f5es para atender \u00e0s necessidades dos viajantes frequentes. Voc\u00ea deve comprar a bolsa de roupas que se adapta ao seu estilo de vida e \u00e0s suas necessidades de viagem.<\/p>\n<p>Este tipo de capa de terno \u00e9 feito de algod\u00e3o, que \u00e9 reutiliz\u00e1vel e ecol\u00f3gico. \u00c9 extremamente respir\u00e1vel e mant\u00e9m suas roupas seguras e novas. O tamanho \u00e9 personalizado e pode ser projetado para longo e curto. Esses tipos de bolsas de capa de terno s\u00e3o perfeitos para uso dom\u00e9stico. No entanto, quando voc\u00ea precisa levar seus ternos personalizados para a estrada, \u00e9 hora de investir em uma bolsa de roupas de qualidade pronta para viagem.<\/p>\n<p>Se voc\u00ea quiser manter a capa do terno com a apar\u00eancia de nova pelo maior tempo poss\u00edvel, as bolsas de capa de terno de armazenamento de algod\u00e3o branco. Existem muitos tamanhos que podem ser projetados e s\u00e3o feitos de algod\u00e3o 100%. Os sacos de capa de fato de vestu\u00e1rio t\u00eam um bolso na janela para colocar cart\u00e3o para distinguir os fatos. Esse recurso \u00fatil \u00e9 importante, pois permite identificar rapidamente seus itens com facilidade sempre que precisar deles.<\/p>\n<p>De um modo geral, os sacos de terno podem conter uma d\u00fazia de roupas para economizar mais espa\u00e7o. O recurso especial de pesco\u00e7o adulto sela os espa\u00e7os entre os pesco\u00e7os de cada cabide e mant\u00e9m seus ternos seguros para tra\u00e7as traquinas.<\/p>\n<p>A capa do terno \u00e9 perfeita para itens fora de temporada. Esta bolsa de capa de terno longo \u00e9 \u00f3tima para todos os seus vestidos de noite, vestidos, casacos longos, o que \u00e9 perfeito para organizar seu guarda-roupa e manter o estoque de todos os seus itens favoritos.<\/p>\n<p><strong>Especifica\u00e7\u00e3o<\/strong><\/p>\n<div class=\"table_wrap\">\n<table border=\"1\" cellspacing=\"0\">\n<tbody>\n<tr>\n<td valign=\"top\" width=\"284\">Material<\/td>\n<td valign=\"top\" width=\"284\">Poli\u00e9ster, n\u00e3o tecido, oxford, algod\u00e3o ou personalizado<\/td>\n<\/tr>\n<tr>\n<td valign=\"top\" width=\"284\">Cores<\/td>\n<td valign=\"top\" width=\"284\">Aceite Cores Personalizadas<\/td>\n<\/tr>\n<tr>\n<td valign=\"top\" width=\"284\">Tamanho<\/td>\n<td valign=\"top\" width=\"284\">Tamanho padr\u00e3o ou personalizado<\/td>\n<\/tr>\n<tr>\n<td valign=\"top\" width=\"284\">MOQ<\/td>\n<td valign=\"top\" width=\"284\">500<\/td>\n<\/tr>\n<\/tbody>\n<\/table>\n<\/div>","protected":false},"featured_media":1591,"comment_status":"closed","ping_status":"closed","template":"","meta":{"_seopress_robots_primary_cat":"","_seopress_titles_title":"","_seopress_titles_desc":"","_seopress_robots_index":"","site-sidebar-layout":"default","site-content-layout":"default","ast-site-content-layout":"default","site-content-style":"default","site-sidebar-style":"default","ast-global-header-display":"","ast-banner-title-visibility":"","ast-main-header-display":"","ast-hfb-above-header-display":"","ast-hfb-below-header-display":"","ast-hfb-mobile-header-display":"","site-post-title":"","ast-breadcrumbs-content":"","ast-featured-img":"","footer-sml-layout":"","theme-transparent-header-meta":"default","adv-header-id-meta":"","stick-header-meta":"","header-above-stick-meta":"","header-main-stick-meta":"","header-below-stick-meta":"","astra-migrate-meta-layouts":"default","ast-page-background-enabled":"default","ast-page-background-meta":{"desktop":{"background-color":"","background-image":"","background-repeat":"repeat","background-position":"center center","background-size":"auto","background-attachment":"scroll","background-type":"","background-media":"","overlay-type":"","overlay-color":"","overlay-opacity":"","overlay-gradient":""},"tablet":{"background-color":"","background-image":"","background-repeat":"repeat","background-position":"center center","background-size":"auto","background-attachment":"scroll","background-type":"","background-media":"","overlay-type":"","overlay-color":"","overlay-opacity":"","overlay-gradient":""},"mobile":{"background-color":"","background-image":"","background-repeat":"repeat","background-position":"center center","background-size":"auto","background-attachment":"scroll","background-type":"","background-media":"","overlay-type":"","overlay-color":"","overlay-opacity":"","overlay-gradient":""}},"ast-content-background-meta":{"desktop":{"background-color":"var(--ast-global-color-5)","background-image":"","background-repeat":"repeat","background-position":"center center","background-size":"auto","background-attachment":"scroll","background-type":"","background-media":"","overlay-type":"","overlay-color":"","overlay-opacity":"","overlay-gradient":""},"tablet":{"background-color":"var(--ast-global-color-5)","background-image":"","background-repeat":"repeat","background-position":"center center","background-size":"auto","background-attachment":"scroll","background-type":"","background-media":"","overlay-type":"","overlay-color":"","overlay-opacity":"","overlay-gradient":""},"mobile":{"background-color":"var(--ast-global-color-5)","background-image":"","background-repeat":"repeat","background-position":"center center","background-size":"auto","background-attachment":"scroll","background-type":"","background-media":"","overlay-type":"","overlay-color":"","overlay-opacity":"","overlay-gradient":""}}},"product_brand":[],"product_cat":[37],"product_tag":[],"class_list":{"0":"post-1588","1":"product","2":"type-product","3":"status-publish","4":"has-post-thumbnail","6":"product_cat-garmentbag","7":"desktop-align-left","8":"tablet-align-left","9":"mobile-align-left","11":"first","12":"instock","13":"shipping-taxable","14":"product-type-simple"},"_links":{"self":[{"href":"https:\/\/precisebag.com\/pt\/wp-json\/wp\/v2\/product\/1588","targetHints":{"allow":["GET"]}}],"collection":[{"href":"https:\/\/precisebag.com\/pt\/wp-json\/wp\/v2\/product"}],"about":[{"href":"https:\/\/precisebag.com\/pt\/wp-json\/wp\/v2\/types\/product"}],"replies":[{"embeddable":true,"href":"https:\/\/precisebag.com\/pt\/wp-json\/wp\/v2\/comments?post=1588"}],"wp:featuredmedia":[{"embeddable":true,"href":"https:\/\/precisebag.com\/pt\/wp-json\/wp\/v2\/media\/1591"}],"wp:attachment":[{"href":"https:\/\/precisebag.com\/pt\/wp-json\/wp\/v2\/media?parent=1588"}],"wp:term":[{"taxonomy":"product_brand","embeddable":true,"href":"https:\/\/precisebag.com\/pt\/wp-json\/wp\/v2\/product_brand?post=1588"},{"taxonomy":"product_cat","embeddable":true,"href":"https:\/\/precisebag.com\/pt\/wp-json\/wp\/v2\/product_cat?post=1588"},{"taxonomy":"product_tag","embeddable":true,"href":"https:\/\/precisebag.com\/pt\/wp-json\/wp\/v2\/product_tag?post=1588"}],"curies":[{"name":"wp","href":"https:\/\/api.w.org\/{rel}","templated":true}]}}