{"id":1593,"date":"2022-04-04T06:04:41","date_gmt":"2022-04-04T06:04:41","guid":{"rendered":"https:\/\/precisebag.com\/?post_type=product&#038;p=1593"},"modified":"2022-04-04T06:04:43","modified_gmt":"2022-04-04T06:04:43","slug":"wedding-dress-bag","status":"publish","type":"product","link":"https:\/\/precisebag.com\/pt\/produto\/wedding-dress-bag\/","title":{"rendered":"Bolsa para vestido de noiva"},"content":{"rendered":"<p>Saco de vestido de noiva, tamb\u00e9m \u00e9 chamado de saco de vestu\u00e1rio de prote\u00e7\u00e3o. As pessoas podiam compr\u00e1-lo em uma boutique de noivas, lojas e outras lojas de roupas. A cor principal desta bolsa de vestido de noiva \u00e9 preta, e combina com cinza.<\/p>\n<p><strong>Descri\u00e7\u00e3o do produto<\/strong><br \/>\n<strong>bolsa de vestido de noiva<\/strong>, tamb\u00e9m \u00e9 chamado de saco de vestu\u00e1rio de prote\u00e7\u00e3o. As pessoas podiam compr\u00e1-lo em uma boutique de noivas, lojas e outras lojas de roupas. A cor principal desta bolsa de vestido de noiva \u00e9 preta, e combina com cinza. Parece luxo. De um modo geral, esta bolsa \u00e9 usada para vestido de noiva, vestido de noite e vestido longo. Algumas pessoas tamb\u00e9m colocam o casaco, terno e vestido comum. Em muitos casos, a bolsa d\u00e1 a impress\u00e3o de ser um brinde barato para a loja, completo com um logotipo personalizado da loja impresso nela. No entanto, aceitamos logotipo personalizado, o que significa que voc\u00ea pode ter design pr\u00f3prio.<\/p>\n<p>Quando voc\u00ea gasta milhares de d\u00f3lares em um vestido significa que voc\u00ea deve ter uma bolsa de vestido de noiva que oferece fun\u00e7\u00e3o de alta qualidade e moda de luxo acess\u00edvel. Em suma, a bolsa de vestu\u00e1rio deve corresponder ao valor do seu vestido de noiva.<\/p>\n<p>No mercado, a bolsa de vestido de noiva custa apenas alguns d\u00f3lares no atacado, n\u00e3o dura muito, porque o material das bolsas \u00e9 inferior. Nossas bolsas s\u00e3o feitas de material de alta qualidade, por isso \u00e9 reutiliz\u00e1vel. Talvez voc\u00ea queira manter seu vestido por muitos anos e, nesse caso, comprar uma bolsa de roupas feita de material de qualidade de arquivo deve estar no topo da sua lista de prioridades. Ou talvez voc\u00ea esteja planejando um casamento no destino e se preocupe mais em comprar a op\u00e7\u00e3o de armazenamento certa para transportar seu precioso vestido.<\/p>\n<p>Esta capa de vestu\u00e1rio \u00e9 grande o suficiente para acomodar todo o vestido de noiva. \u00c9 leve para n\u00e3o pesar o vestido. O material da bolsa do vestido de noiva \u00e9 respir\u00e1vel, enquanto ainda protege o vestido de part\u00edculas transportadas pelo ar ou insetos irritantes.<\/p>\n<p>Voc\u00ea s\u00f3 precisa informar suas necessidades, projetaremos um tipo de bolsa de roupas para voc\u00ea!<\/p>\n<p><strong>Especifica\u00e7\u00e3o<\/strong><\/p>\n<div class=\"table_wrap\">\n<table border=\"1\" cellspacing=\"0\">\n<tbody>\n<tr>\n<td valign=\"top\" width=\"284\">Material<\/td>\n<td valign=\"top\" width=\"284\">Poli\u00e9ster, n\u00e3o tecido, oxford, algod\u00e3o ou personalizado<\/td>\n<\/tr>\n<tr>\n<td valign=\"top\" width=\"284\">Cores<\/td>\n<td valign=\"top\" width=\"284\">Aceite Cores Personalizadas<\/td>\n<\/tr>\n<tr>\n<td valign=\"top\" width=\"284\">Tamanho<\/td>\n<td valign=\"top\" width=\"284\">Tamanho padr\u00e3o ou personalizado<\/td>\n<\/tr>\n<tr>\n<td valign=\"top\" width=\"284\">MOQ<\/td>\n<td valign=\"top\" width=\"284\">500<\/td>\n<\/tr>\n<\/tbody>\n<\/table>\n<\/div>","protected":false},"excerpt":{"rendered":"<p>Saco de vestido de noiva, tamb\u00e9m \u00e9 chamado de saco de vestu\u00e1rio de prote\u00e7\u00e3o. As pessoas podiam compr\u00e1-lo em uma boutique de noivas, lojas e outras lojas de roupas. A cor principal desta bolsa de vestido de noiva \u00e9 preta, e combina com cinza.<\/p>\n<p><strong>Especifica\u00e7\u00e3o<\/strong><\/p>\n<div class=\"table_wrap\">\n<table border=\"1\" cellspacing=\"0\">\n<tbody>\n<tr>\n<td valign=\"top\" width=\"284\">Material<\/td>\n<td valign=\"top\" width=\"284\">Poli\u00e9ster, n\u00e3o tecido, oxford, algod\u00e3o ou personalizado<\/td>\n<\/tr>\n<tr>\n<td valign=\"top\" width=\"284\">Cores<\/td>\n<td valign=\"top\" width=\"284\">Aceite Cores Personalizadas<\/td>\n<\/tr>\n<tr>\n<td valign=\"top\" width=\"284\">Tamanho<\/td>\n<td valign=\"top\" width=\"284\">Tamanho padr\u00e3o ou personalizado<\/td>\n<\/tr>\n<tr>\n<td valign=\"top\" width=\"284\">MOQ<\/td>\n<td valign=\"top\" width=\"284\">500<\/td>\n<\/tr>\n<\/tbody>\n<\/table>\n<\/div>","protected":false},"featured_media":1597,"comment_status":"closed","ping_status":"closed","template":"","meta":{"_seopress_robots_primary_cat":"","_seopress_titles_title":"","_seopress_titles_desc":"","_seopress_robots_index":"","site-sidebar-layout":"default","site-content-layout":"default","ast-site-content-layout":"default","site-content-style":"default","site-sidebar-style":"default","ast-global-header-display":"","ast-banner-title-visibility":"","ast-main-header-display":"","ast-hfb-above-header-display":"","ast-hfb-below-header-display":"","ast-hfb-mobile-header-display":"","site-post-title":"","ast-breadcrumbs-content":"","ast-featured-img":"","footer-sml-layout":"","theme-transparent-header-meta":"default","adv-header-id-meta":"","stick-header-meta":"","header-above-stick-meta":"","header-main-stick-meta":"","header-below-stick-meta":"","astra-migrate-meta-layouts":"default","ast-page-background-enabled":"default","ast-page-background-meta":{"desktop":{"background-color":"","background-image":"","background-repeat":"repeat","background-position":"center center","background-size":"auto","background-attachment":"scroll","background-type":"","background-media":"","overlay-type":"","overlay-color":"","overlay-opacity":"","overlay-gradient":""},"tablet":{"background-color":"","background-image":"","background-repeat":"repeat","background-position":"center center","background-size":"auto","background-attachment":"scroll","background-type":"","background-media":"","overlay-type":"","overlay-color":"","overlay-opacity":"","overlay-gradient":""},"mobile":{"background-color":"","background-image":"","background-repeat":"repeat","background-position":"center center","background-size":"auto","background-attachment":"scroll","background-type":"","background-media":"","overlay-type":"","overlay-color":"","overlay-opacity":"","overlay-gradient":""}},"ast-content-background-meta":{"desktop":{"background-color":"var(--ast-global-color-5)","background-image":"","background-repeat":"repeat","background-position":"center center","background-size":"auto","background-attachment":"scroll","background-type":"","background-media":"","overlay-type":"","overlay-color":"","overlay-opacity":"","overlay-gradient":""},"tablet":{"background-color":"var(--ast-global-color-5)","background-image":"","background-repeat":"repeat","background-position":"center center","background-size":"auto","background-attachment":"scroll","background-type":"","background-media":"","overlay-type":"","overlay-color":"","overlay-opacity":"","overlay-gradient":""},"mobile":{"background-color":"var(--ast-global-color-5)","background-image":"","background-repeat":"repeat","background-position":"center center","background-size":"auto","background-attachment":"scroll","background-type":"","background-media":"","overlay-type":"","overlay-color":"","overlay-opacity":"","overlay-gradient":""}}},"product_brand":[],"product_cat":[37],"product_tag":[],"class_list":{"0":"post-1593","1":"product","2":"type-product","3":"status-publish","4":"has-post-thumbnail","6":"product_cat-garmentbag","7":"desktop-align-left","8":"tablet-align-left","9":"mobile-align-left","11":"first","12":"instock","13":"shipping-taxable","14":"product-type-simple"},"_links":{"self":[{"href":"https:\/\/precisebag.com\/pt\/wp-json\/wp\/v2\/product\/1593","targetHints":{"allow":["GET"]}}],"collection":[{"href":"https:\/\/precisebag.com\/pt\/wp-json\/wp\/v2\/product"}],"about":[{"href":"https:\/\/precisebag.com\/pt\/wp-json\/wp\/v2\/types\/product"}],"replies":[{"embeddable":true,"href":"https:\/\/precisebag.com\/pt\/wp-json\/wp\/v2\/comments?post=1593"}],"wp:featuredmedia":[{"embeddable":true,"href":"https:\/\/precisebag.com\/pt\/wp-json\/wp\/v2\/media\/1597"}],"wp:attachment":[{"href":"https:\/\/precisebag.com\/pt\/wp-json\/wp\/v2\/media?parent=1593"}],"wp:term":[{"taxonomy":"product_brand","embeddable":true,"href":"https:\/\/precisebag.com\/pt\/wp-json\/wp\/v2\/product_brand?post=1593"},{"taxonomy":"product_cat","embeddable":true,"href":"https:\/\/precisebag.com\/pt\/wp-json\/wp\/v2\/product_cat?post=1593"},{"taxonomy":"product_tag","embeddable":true,"href":"https:\/\/precisebag.com\/pt\/wp-json\/wp\/v2\/product_tag?post=1593"}],"curies":[{"name":"wp","href":"https:\/\/api.w.org\/{rel}","templated":true}]}}