{"id":1692,"date":"2022-04-05T12:53:43","date_gmt":"2022-04-05T12:53:43","guid":{"rendered":"https:\/\/precisebag.com\/?post_type=product&#038;p=1692"},"modified":"2022-04-05T12:53:45","modified_gmt":"2022-04-05T12:53:45","slug":"non-woven-wine-bag","status":"publish","type":"product","link":"https:\/\/precisebag.com\/pt\/produto\/non-woven-wine-bag\/","title":{"rendered":"Saco de vinho n\u00e3o tecido"},"content":{"rendered":"<p>O saco de compras de vinho \u00e9 um must-have para qualquer loja de bebidas e pode ser feito de n\u00e3o tecido, algod\u00e3o ou poli\u00e9ster. O material oferece durabilidade com o peso sendo um aspecto essencial de produtos de qualidade como essas bolsas!<\/p>\n<p><strong>Descri\u00e7\u00e3o do produto<\/strong><br \/>\nSaco de compras de vinho \u00e9 uma necessidade para a loja de bebidas. De um modo geral, essas lojas podem escolher cores mais brilhantes. H\u00e1 muitas cores podem ser escolhidas. Al\u00e9m da cor, voc\u00ea pode imprimir seu logotipo nas bolsas. Saco de vinho pode ser feito de n\u00e3o tecido, tecido pp, algod\u00e3o e poli\u00e9ster. \u00c9 muito pesado e de boa qualidade.<\/p>\n<p>Se as pessoas quiserem enviar vinho como presente para os amigos, elas precisam ter uma sacola para guardar o vinho. De um modo geral, a loja de bebidas dar\u00e1 uma bolsa de vinho gr\u00e1tis. O cliente levar\u00e1 o vinho para casa, parque ou outros lugares. Os benef\u00edcios reais disso \u00e9 que os clientes promoveram e constru\u00edram a marca da loja de bebidas sem realmente perceber. Se voc\u00ea estiver em uma reuni\u00e3o de degusta\u00e7\u00e3o de vinhos, as pessoas podem fazer perguntas sobre adega, vinhos favoritos e eventos.<\/p>\n<p>As sacolas promocionais de vinho s\u00e3o uma verdadeira vit\u00f3ria quando se trata de construir e promover sua marca de vinho.<\/p>\n<p>Os sacos de vinho das fotos s\u00e3o sacos de vinho n\u00e3o tecidos. \u00c9 reutiliz\u00e1vel, ecol\u00f3gico e forte. um dentro dos sacos de vinho, voc\u00ea pode encontrar um layout para garrafas duplas, tr\u00eas garrafas, quatro garrafas ou seis garrafas. Claro, isso \u00e9 baseado em suas necessidades.<\/p>\n<p>Voc\u00ea deve ter essa experi\u00eancia: voc\u00ea comprou uma garrafa de vinho, mas a garrafa escorregou de seus bra\u00e7os, caiu e quebrou, com o vinho espalhado por toda parte. Uma experi\u00eancia t\u00e3o embara\u00e7osa. Agora, os sacos de vinho podem ajud\u00e1-lo a resolver o problema. Este saco de vinho suporta com seguran\u00e7a at\u00e9 6 garrafas de vinho. Se voc\u00ea acha que as 6 garrafas s\u00e3o demais para voc\u00ea, o saco de vinho de 2 garrafas tamb\u00e9m \u00e9 uma boa ideia.<\/p>\n<p>Isso tamb\u00e9m pode ser usado para outros bens. \u00c9 perfeito para um pequeno recipiente de toalhetes de superf\u00edcie, toalhetes para as m\u00e3os, desinfetante para as m\u00e3os, spray, etc. As divis\u00f3rias evitam que tudo caia.<\/p>\n<p><strong>Especifica\u00e7\u00e3o<\/strong><\/p>\n<div class=\"table_wrap\">\n<table border=\"1\" cellspacing=\"0\">\n<tbody>\n<tr>\n<td valign=\"top\" width=\"284\">Material<\/td>\n<td valign=\"top\" width=\"284\">N\u00e3o tecido<\/td>\n<\/tr>\n<tr>\n<td valign=\"top\" width=\"284\">Logotipo<\/td>\n<td valign=\"top\" width=\"284\">Aceitar<\/td>\n<\/tr>\n<tr>\n<td valign=\"top\" width=\"284\">Tamanho<\/td>\n<td valign=\"top\" width=\"284\">Tamanho padr\u00e3o ou personalizado<\/td>\n<\/tr>\n<tr>\n<td valign=\"top\" width=\"284\">MOQ<\/td>\n<td valign=\"top\" width=\"284\">1000<\/td>\n<\/tr>\n<tr>\n<td valign=\"top\" width=\"284\">Uso<\/td>\n<td valign=\"top\" width=\"284\">Compras\/vinho\/bebida<\/td>\n<\/tr>\n<\/tbody>\n<\/table>\n<\/div>","protected":false},"excerpt":{"rendered":"<p>O saco de compras de vinho \u00e9 um must-have para qualquer loja de bebidas e pode ser feito de n\u00e3o tecido, algod\u00e3o ou poli\u00e9ster. O material oferece durabilidade com o peso sendo um aspecto essencial de produtos de qualidade como essas bolsas!<\/p>\n<p><strong>Especifica\u00e7\u00e3o<\/strong><\/p>\n<div class=\"table_wrap\">\n<table border=\"1\" cellspacing=\"0\">\n<tbody>\n<tr>\n<td valign=\"top\" width=\"284\">Material<\/td>\n<td valign=\"top\" width=\"284\">N\u00e3o tecido<\/td>\n<\/tr>\n<tr>\n<td valign=\"top\" width=\"284\">Logotipo<\/td>\n<td valign=\"top\" width=\"284\">Aceitar<\/td>\n<\/tr>\n<tr>\n<td valign=\"top\" width=\"284\">Tamanho<\/td>\n<td valign=\"top\" width=\"284\">Tamanho padr\u00e3o ou personalizado<\/td>\n<\/tr>\n<tr>\n<td valign=\"top\" width=\"284\">MOQ<\/td>\n<td valign=\"top\" width=\"284\">1000<\/td>\n<\/tr>\n<tr>\n<td valign=\"top\" width=\"284\">Uso<\/td>\n<td valign=\"top\" width=\"284\">Compras\/vinho\/bebida<\/td>\n<\/tr>\n<\/tbody>\n<\/table>\n<\/div>","protected":false},"featured_media":1695,"comment_status":"closed","ping_status":"closed","template":"","meta":{"_seopress_robots_primary_cat":"","_seopress_titles_title":"","_seopress_titles_desc":"","_seopress_robots_index":"","site-sidebar-layout":"default","site-content-layout":"default","ast-site-content-layout":"default","site-content-style":"default","site-sidebar-style":"default","ast-global-header-display":"","ast-banner-title-visibility":"","ast-main-header-display":"","ast-hfb-above-header-display":"","ast-hfb-below-header-display":"","ast-hfb-mobile-header-display":"","site-post-title":"","ast-breadcrumbs-content":"","ast-featured-img":"","footer-sml-layout":"","theme-transparent-header-meta":"default","adv-header-id-meta":"","stick-header-meta":"","header-above-stick-meta":"","header-main-stick-meta":"","header-below-stick-meta":"","astra-migrate-meta-layouts":"default","ast-page-background-enabled":"default","ast-page-background-meta":{"desktop":{"background-color":"","background-image":"","background-repeat":"repeat","background-position":"center center","background-size":"auto","background-attachment":"scroll","background-type":"","background-media":"","overlay-type":"","overlay-color":"","overlay-opacity":"","overlay-gradient":""},"tablet":{"background-color":"","background-image":"","background-repeat":"repeat","background-position":"center center","background-size":"auto","background-attachment":"scroll","background-type":"","background-media":"","overlay-type":"","overlay-color":"","overlay-opacity":"","overlay-gradient":""},"mobile":{"background-color":"","background-image":"","background-repeat":"repeat","background-position":"center center","background-size":"auto","background-attachment":"scroll","background-type":"","background-media":"","overlay-type":"","overlay-color":"","overlay-opacity":"","overlay-gradient":""}},"ast-content-background-meta":{"desktop":{"background-color":"var(--ast-global-color-5)","background-image":"","background-repeat":"repeat","background-position":"center center","background-size":"auto","background-attachment":"scroll","background-type":"","background-media":"","overlay-type":"","overlay-color":"","overlay-opacity":"","overlay-gradient":""},"tablet":{"background-color":"var(--ast-global-color-5)","background-image":"","background-repeat":"repeat","background-position":"center center","background-size":"auto","background-attachment":"scroll","background-type":"","background-media":"","overlay-type":"","overlay-color":"","overlay-opacity":"","overlay-gradient":""},"mobile":{"background-color":"var(--ast-global-color-5)","background-image":"","background-repeat":"repeat","background-position":"center center","background-size":"auto","background-attachment":"scroll","background-type":"","background-media":"","overlay-type":"","overlay-color":"","overlay-opacity":"","overlay-gradient":""}}},"product_brand":[],"product_cat":[38],"product_tag":[],"class_list":{"0":"post-1692","1":"product","2":"type-product","3":"status-publish","4":"has-post-thumbnail","6":"product_cat-shoppingbag","7":"desktop-align-left","8":"tablet-align-left","9":"mobile-align-left","11":"first","12":"instock","13":"shipping-taxable","14":"product-type-simple"},"_links":{"self":[{"href":"https:\/\/precisebag.com\/pt\/wp-json\/wp\/v2\/product\/1692","targetHints":{"allow":["GET"]}}],"collection":[{"href":"https:\/\/precisebag.com\/pt\/wp-json\/wp\/v2\/product"}],"about":[{"href":"https:\/\/precisebag.com\/pt\/wp-json\/wp\/v2\/types\/product"}],"replies":[{"embeddable":true,"href":"https:\/\/precisebag.com\/pt\/wp-json\/wp\/v2\/comments?post=1692"}],"wp:featuredmedia":[{"embeddable":true,"href":"https:\/\/precisebag.com\/pt\/wp-json\/wp\/v2\/media\/1695"}],"wp:attachment":[{"href":"https:\/\/precisebag.com\/pt\/wp-json\/wp\/v2\/media?parent=1692"}],"wp:term":[{"taxonomy":"product_brand","embeddable":true,"href":"https:\/\/precisebag.com\/pt\/wp-json\/wp\/v2\/product_brand?post=1692"},{"taxonomy":"product_cat","embeddable":true,"href":"https:\/\/precisebag.com\/pt\/wp-json\/wp\/v2\/product_cat?post=1692"},{"taxonomy":"product_tag","embeddable":true,"href":"https:\/\/precisebag.com\/pt\/wp-json\/wp\/v2\/product_tag?post=1692"}],"curies":[{"name":"wp","href":"https:\/\/api.w.org\/{rel}","templated":true}]}}