{"id":1698,"date":"2022-04-05T12:59:40","date_gmt":"2022-04-05T12:59:40","guid":{"rendered":"https:\/\/precisebag.com\/?post_type=product&#038;p=1698"},"modified":"2022-04-05T12:59:41","modified_gmt":"2022-04-05T12:59:41","slug":"non-woven-shoulder-bag","status":"publish","type":"product","link":"https:\/\/precisebag.com\/pt\/produto\/non-woven-shoulder-bag\/","title":{"rendered":"Bolsa de ombro n\u00e3o tecido"},"content":{"rendered":"<p>Se voc\u00ea est\u00e1 procurando uma bolsa elegante e funcional, n\u00e3o procure mais, a bolsa de ombro n\u00e3o tecida! Estas bolsas podem ser usadas diariamente, o que as torna perfeitas para transportar com seu logotipo ou marca pessoal. A al\u00e7a ajust\u00e1vel significa que crian\u00e7as pequenas e adultos achar\u00e3o esse tipo de carrinho de compras perfeito - tornando seu dia mais colorido um passo de cada vez.<\/p>\n<p><strong>Descri\u00e7\u00e3o do produto<\/strong><br \/>\nA bolsa de ombro n\u00e3o tecida \u00e9 um tipo de sacola de compras. \u00c9 perfeito para uso di\u00e1rio que faz com que seu logotipo, marca ou slogan personalizado retorne diariamente nas ruas, escolas, parques, supermercados. A al\u00e7a de ombro \u00e9 ajust\u00e1vel, o que possibilita que as bolsas de ombro sejam usadas por jovens e idosos. Se a bolsa de ombro n\u00e3o tem fun\u00e7\u00e3o de ajustar, significa que a grande \u00e9 mais barata. As bolsas de ombro s\u00e3o feitas de n\u00e3o tecido ou tecido pp e n\u00e3o tecido tem uma sensa\u00e7\u00e3o de tecido, mas \u00e9 forte.<\/p>\n<p>Todos n\u00f3s sabemos que o tecido n\u00e3o tecido \u00e9 extremamente dur\u00e1vel, ent\u00e3o a vida \u00fatil pode durar alguns anos. Os clientes usar\u00e3o a bolsa n\u00e3o tecida de ombro repetidamente, o que significa que os clientes levar\u00e3o sua bolsa promocional ao redor do mundo para promover sua empresa. No dia a dia, eles tamb\u00e9m usam o saco de n\u00e3o tecido reutiliz\u00e1vel.<\/p>\n<p>As bolsas de ombro s\u00e3o feitas de uma forte qualidade de PP-Woven e t\u00eam uma apar\u00eancia luxuosa. As bolsas de ombro laminadas Non-Woven parecem mais macias em compara\u00e7\u00e3o com as PP-Woven, mas isso n\u00e3o as torna menos fortes. Claro, voc\u00ea pode escolher o melhor de acordo com sua exig\u00eancia. Nosso saco n\u00e3o tecido de ombro \u00e9 amplamente utilizado em muitos pa\u00edses, especialmente nas \u00e1reas da europa e da am\u00e9rica. Essa bolsa \u00e9 a mais vers\u00e1til e pr\u00e1tica do mercado atualmente. Proteger o meio ambiente \u00e9 o nosso objetivo. A partir de agora, vamos parar de usar pl\u00e1stico. A bolsa de ombro n\u00e3o tecida ser\u00e1 uma boa escolha para todos.<\/p>\n<p>N\u00f3s podemos produzir as bolsas de ombro feitas sob medida. Isso significa que podemos produzir os sacos em qualquer tamanho, est\u00e3o dispon\u00edveis em v\u00e1rias cores e podem ser impressos com o seu logotipo. Este \u00e9 um dos mais populares e mais eficazes para mostrar as ofertas promocionais - bolsas de ombro de brinde estampadas com o logotipo e a mensagem da sua empresa. \u00c9 muito f\u00e1cil de dobrar para economizar espa\u00e7o em casa.<\/p>\n<p><strong>Especifica\u00e7\u00e3o<\/strong><\/p>\n<div class=\"table_wrap\">\n<table border=\"1\" cellspacing=\"0\">\n<tbody>\n<tr>\n<td valign=\"top\" width=\"284\">Material<\/td>\n<td valign=\"top\" width=\"284\">N\u00e3o tecido<\/td>\n<\/tr>\n<tr>\n<td valign=\"top\" width=\"284\">Logotipo<\/td>\n<td valign=\"top\" width=\"284\">Aceitar<\/td>\n<\/tr>\n<tr>\n<td valign=\"top\" width=\"284\">Tamanho<\/td>\n<td valign=\"top\" width=\"284\">Tamanho padr\u00e3o ou personalizado<\/td>\n<\/tr>\n<tr>\n<td valign=\"top\" width=\"284\">MOQ<\/td>\n<td valign=\"top\" width=\"284\">1000<\/td>\n<\/tr>\n<tr>\n<td valign=\"top\" width=\"284\">Uso<\/td>\n<td valign=\"top\" width=\"284\">Compras<\/td>\n<\/tr>\n<\/tbody>\n<\/table>\n<\/div>","protected":false},"excerpt":{"rendered":"<p>Se voc\u00ea est\u00e1 procurando uma bolsa elegante e funcional, n\u00e3o procure mais, a bolsa de ombro n\u00e3o tecida! Estas bolsas podem ser usadas diariamente, o que as torna perfeitas para transportar com seu logotipo ou marca pessoal. A al\u00e7a ajust\u00e1vel significa que crian\u00e7as pequenas e adultos achar\u00e3o esse tipo de carrinho de compras perfeito - tornando seu dia mais colorido um passo de cada vez.<\/p>\n<p><strong>Especifica\u00e7\u00e3o<\/strong><\/p>\n<div class=\"table_wrap\">\n<table border=\"1\" cellspacing=\"0\">\n<tbody>\n<tr>\n<td valign=\"top\" width=\"284\">Material<\/td>\n<td valign=\"top\" width=\"284\">N\u00e3o tecido<\/td>\n<\/tr>\n<tr>\n<td valign=\"top\" width=\"284\">Logotipo<\/td>\n<td valign=\"top\" width=\"284\">Aceitar<\/td>\n<\/tr>\n<tr>\n<td valign=\"top\" width=\"284\">Tamanho<\/td>\n<td valign=\"top\" width=\"284\">Tamanho padr\u00e3o ou personalizado<\/td>\n<\/tr>\n<tr>\n<td valign=\"top\" width=\"284\">MOQ<\/td>\n<td valign=\"top\" width=\"284\">1000<\/td>\n<\/tr>\n<tr>\n<td valign=\"top\" width=\"284\">Uso<\/td>\n<td valign=\"top\" width=\"284\">Compras<\/td>\n<\/tr>\n<\/tbody>\n<\/table>\n<\/div>","protected":false},"featured_media":1702,"comment_status":"closed","ping_status":"closed","template":"","meta":{"_seopress_robots_primary_cat":"","_seopress_titles_title":"","_seopress_titles_desc":"","_seopress_robots_index":"","site-sidebar-layout":"default","site-content-layout":"default","ast-site-content-layout":"default","site-content-style":"default","site-sidebar-style":"default","ast-global-header-display":"","ast-banner-title-visibility":"","ast-main-header-display":"","ast-hfb-above-header-display":"","ast-hfb-below-header-display":"","ast-hfb-mobile-header-display":"","site-post-title":"","ast-breadcrumbs-content":"","ast-featured-img":"","footer-sml-layout":"","theme-transparent-header-meta":"default","adv-header-id-meta":"","stick-header-meta":"","header-above-stick-meta":"","header-main-stick-meta":"","header-below-stick-meta":"","astra-migrate-meta-layouts":"default","ast-page-background-enabled":"default","ast-page-background-meta":{"desktop":{"background-color":"","background-image":"","background-repeat":"repeat","background-position":"center center","background-size":"auto","background-attachment":"scroll","background-type":"","background-media":"","overlay-type":"","overlay-color":"","overlay-opacity":"","overlay-gradient":""},"tablet":{"background-color":"","background-image":"","background-repeat":"repeat","background-position":"center center","background-size":"auto","background-attachment":"scroll","background-type":"","background-media":"","overlay-type":"","overlay-color":"","overlay-opacity":"","overlay-gradient":""},"mobile":{"background-color":"","background-image":"","background-repeat":"repeat","background-position":"center center","background-size":"auto","background-attachment":"scroll","background-type":"","background-media":"","overlay-type":"","overlay-color":"","overlay-opacity":"","overlay-gradient":""}},"ast-content-background-meta":{"desktop":{"background-color":"var(--ast-global-color-5)","background-image":"","background-repeat":"repeat","background-position":"center center","background-size":"auto","background-attachment":"scroll","background-type":"","background-media":"","overlay-type":"","overlay-color":"","overlay-opacity":"","overlay-gradient":""},"tablet":{"background-color":"var(--ast-global-color-5)","background-image":"","background-repeat":"repeat","background-position":"center center","background-size":"auto","background-attachment":"scroll","background-type":"","background-media":"","overlay-type":"","overlay-color":"","overlay-opacity":"","overlay-gradient":""},"mobile":{"background-color":"var(--ast-global-color-5)","background-image":"","background-repeat":"repeat","background-position":"center center","background-size":"auto","background-attachment":"scroll","background-type":"","background-media":"","overlay-type":"","overlay-color":"","overlay-opacity":"","overlay-gradient":""}}},"product_brand":[],"product_cat":[38],"product_tag":[],"class_list":{"0":"post-1698","1":"product","2":"type-product","3":"status-publish","4":"has-post-thumbnail","6":"product_cat-shoppingbag","7":"desktop-align-left","8":"tablet-align-left","9":"mobile-align-left","11":"first","12":"instock","13":"shipping-taxable","14":"product-type-simple"},"_links":{"self":[{"href":"https:\/\/precisebag.com\/pt\/wp-json\/wp\/v2\/product\/1698","targetHints":{"allow":["GET"]}}],"collection":[{"href":"https:\/\/precisebag.com\/pt\/wp-json\/wp\/v2\/product"}],"about":[{"href":"https:\/\/precisebag.com\/pt\/wp-json\/wp\/v2\/types\/product"}],"replies":[{"embeddable":true,"href":"https:\/\/precisebag.com\/pt\/wp-json\/wp\/v2\/comments?post=1698"}],"wp:featuredmedia":[{"embeddable":true,"href":"https:\/\/precisebag.com\/pt\/wp-json\/wp\/v2\/media\/1702"}],"wp:attachment":[{"href":"https:\/\/precisebag.com\/pt\/wp-json\/wp\/v2\/media?parent=1698"}],"wp:term":[{"taxonomy":"product_brand","embeddable":true,"href":"https:\/\/precisebag.com\/pt\/wp-json\/wp\/v2\/product_brand?post=1698"},{"taxonomy":"product_cat","embeddable":true,"href":"https:\/\/precisebag.com\/pt\/wp-json\/wp\/v2\/product_cat?post=1698"},{"taxonomy":"product_tag","embeddable":true,"href":"https:\/\/precisebag.com\/pt\/wp-json\/wp\/v2\/product_tag?post=1698"}],"curies":[{"name":"wp","href":"https:\/\/api.w.org\/{rel}","templated":true}]}}