{"id":1704,"date":"2022-04-05T13:07:39","date_gmt":"2022-04-05T13:07:39","guid":{"rendered":"https:\/\/precisebag.com\/?post_type=product&#038;p=1704"},"modified":"2022-04-05T13:07:40","modified_gmt":"2022-04-05T13:07:40","slug":"paper-shopping-bag","status":"publish","type":"product","link":"https:\/\/precisebag.com\/pt\/produto\/paper-shopping-bag\/","title":{"rendered":"Sacola de papel"},"content":{"rendered":"<p>A hist\u00f3ria dos sacos de papel \u00e9 longa e complexa. Por muitos anos, as pessoas usaram pano ou juta para embalar seus produtos em uma sacola \u2013 mas hoje em dia descobrimos que a maioria dos varejistas prefere usar as alternativas mais ecol\u00f3gicas: ou seja, aquelas feitas de materiais reciclados como jornais!<\/p>\n<p><strong>Descri\u00e7\u00e3o do produto<\/strong><br \/>\nA sacola de papel \u00e9 uma sacola ecol\u00f3gica h\u00e1 muitos anos. H\u00e1 muito tempo, as pessoas usavam pano e saco de juta para embalar mercadorias. Para as mercadorias pequenas, os varejistas gostariam de usar o saco de papel para colocar mercadorias, como loja de doces, vendedores, padeiros e assim por diante.<\/p>\n<p>Comparando com saco pl\u00e1stico ou saco n\u00e3o tecido, saco de papel \u00e9 mais ideal para imprimir imagens de alta qualidade, mensagem promocional e logotipo. Ent\u00e3o a bolsa de papel \u00e9 moda e luxo em alguma ocasi\u00e3o. No entanto, a contribui\u00e7\u00e3o das sacolas de papel nos neg\u00f3cios foi gradualmente ignorada devido \u00e0 sacola pl\u00e1stica. Saco de pl\u00e1stico \u00e9 mais dur\u00e1vel e forte. De fato, com o passar do tempo, os efeitos nocivos do pl\u00e1stico v\u00eam \u00e0 tona. O saco pl\u00e1stico n\u00e3o \u00e9 biodegrad\u00e1vel, por isso causar\u00e1 danos ao oceano, \u00e0 terra e ao meio ambiente. As pessoas come\u00e7am a usar saco de papel novamente.<\/p>\n<p>A mat\u00e9ria-prima do saco de papel n\u00e3o \u00e9 apenas feito de \u00e1rvore, mas tamb\u00e9m pode ser o baga\u00e7o e palha, excrementos de elefante e outros ambientais. As fibras de palha podem ser usadas para fazer saco de papel. De certa forma, o saco de papel tamb\u00e9m \u00e9 ecologicamente correto.<\/p>\n<p>Voc\u00ea pode colocar os alimentos, legumes e frutas nele diretamente. A sacola de compras Brown Kraft \u00e9 reutiliz\u00e1vel e compost\u00e1vel, e feita sem qualquer produto qu\u00edmico nocivo ou alvejantes. Essas sacolas de compras Kraft com al\u00e7as de papel s\u00e3o recicladas 100% e atendem aos requisitos para a maioria das \u00e1reas com proibi\u00e7\u00f5es de sacolas pl\u00e1sticas. \u00c9 uma \u00f3tima alternativa \u00e0s sacolas pl\u00e1sticas tradicionais.<\/p>\n<p>Voc\u00ea pode imprimir logotipo e imagem personalizados nele para anunciar sua loja ou fazer um simples. A cor marrom natural desta bolsa \u00e9 vers\u00e1til o suficiente para combinar com a decora\u00e7\u00e3o ou esquema de cores de qualquer loja.<\/p>\n<p>A constru\u00e7\u00e3o e as al\u00e7as verticais torcidas de sacolas de papel as tornam resistentes o suficiente para o seu produto e fortes o suficiente para seus clientes reutilizarem.<\/p>\n<p><strong>Especifica\u00e7\u00e3o<\/strong><\/p>\n<div class=\"table_wrap\">\n<table border=\"1\" cellspacing=\"0\">\n<tbody>\n<tr>\n<td valign=\"top\" width=\"284\">Material<\/td>\n<td valign=\"top\" width=\"284\">Papel<\/td>\n<\/tr>\n<tr>\n<td valign=\"top\" width=\"284\">Logotipo<\/td>\n<td valign=\"top\" width=\"284\">Aceitar<\/td>\n<\/tr>\n<tr>\n<td valign=\"top\" width=\"284\">Tamanho<\/td>\n<td valign=\"top\" width=\"284\">Tamanho padr\u00e3o ou personalizado<\/td>\n<\/tr>\n<tr>\n<td valign=\"top\" width=\"284\">MOQ<\/td>\n<td valign=\"top\" width=\"284\">1000<\/td>\n<\/tr>\n<tr>\n<td valign=\"top\" width=\"284\">Uso<\/td>\n<td valign=\"top\" width=\"284\">Compras<\/td>\n<\/tr>\n<\/tbody>\n<\/table>\n<\/div>\n<div class=\"clear\"><\/div>","protected":false},"excerpt":{"rendered":"<p>A hist\u00f3ria dos sacos de papel \u00e9 longa e complexa. Por muitos anos, as pessoas usaram pano ou juta para embalar seus produtos em uma sacola \u2013 mas hoje em dia descobrimos que a maioria dos varejistas prefere usar as alternativas mais ecol\u00f3gicas: ou seja, aquelas feitas de materiais reciclados como jornais!<\/p>\n<p><strong>Especifica\u00e7\u00e3o<\/strong><\/p>\n<div class=\"table_wrap\">\n<table border=\"1\" cellspacing=\"0\">\n<tbody>\n<tr>\n<td valign=\"top\" width=\"284\">Material<\/td>\n<td valign=\"top\" width=\"284\">Papel<\/td>\n<\/tr>\n<tr>\n<td valign=\"top\" width=\"284\">Logotipo<\/td>\n<td valign=\"top\" width=\"284\">Aceitar<\/td>\n<\/tr>\n<tr>\n<td valign=\"top\" width=\"284\">Tamanho<\/td>\n<td valign=\"top\" width=\"284\">Tamanho padr\u00e3o ou personalizado<\/td>\n<\/tr>\n<tr>\n<td valign=\"top\" width=\"284\">MOQ<\/td>\n<td valign=\"top\" width=\"284\">1000<\/td>\n<\/tr>\n<tr>\n<td valign=\"top\" width=\"284\">Uso<\/td>\n<td valign=\"top\" width=\"284\">Compras<\/td>\n<\/tr>\n<\/tbody>\n<\/table>\n<\/div>","protected":false},"featured_media":1706,"comment_status":"closed","ping_status":"closed","template":"","meta":{"_seopress_robots_primary_cat":"","_seopress_titles_title":"","_seopress_titles_desc":"","_seopress_robots_index":"","site-sidebar-layout":"default","site-content-layout":"default","ast-site-content-layout":"default","site-content-style":"default","site-sidebar-style":"default","ast-global-header-display":"","ast-banner-title-visibility":"","ast-main-header-display":"","ast-hfb-above-header-display":"","ast-hfb-below-header-display":"","ast-hfb-mobile-header-display":"","site-post-title":"","ast-breadcrumbs-content":"","ast-featured-img":"","footer-sml-layout":"","theme-transparent-header-meta":"default","adv-header-id-meta":"","stick-header-meta":"","header-above-stick-meta":"","header-main-stick-meta":"","header-below-stick-meta":"","astra-migrate-meta-layouts":"default","ast-page-background-enabled":"default","ast-page-background-meta":{"desktop":{"background-color":"","background-image":"","background-repeat":"repeat","background-position":"center center","background-size":"auto","background-attachment":"scroll","background-type":"","background-media":"","overlay-type":"","overlay-color":"","overlay-opacity":"","overlay-gradient":""},"tablet":{"background-color":"","background-image":"","background-repeat":"repeat","background-position":"center center","background-size":"auto","background-attachment":"scroll","background-type":"","background-media":"","overlay-type":"","overlay-color":"","overlay-opacity":"","overlay-gradient":""},"mobile":{"background-color":"","background-image":"","background-repeat":"repeat","background-position":"center center","background-size":"auto","background-attachment":"scroll","background-type":"","background-media":"","overlay-type":"","overlay-color":"","overlay-opacity":"","overlay-gradient":""}},"ast-content-background-meta":{"desktop":{"background-color":"var(--ast-global-color-5)","background-image":"","background-repeat":"repeat","background-position":"center center","background-size":"auto","background-attachment":"scroll","background-type":"","background-media":"","overlay-type":"","overlay-color":"","overlay-opacity":"","overlay-gradient":""},"tablet":{"background-color":"var(--ast-global-color-5)","background-image":"","background-repeat":"repeat","background-position":"center center","background-size":"auto","background-attachment":"scroll","background-type":"","background-media":"","overlay-type":"","overlay-color":"","overlay-opacity":"","overlay-gradient":""},"mobile":{"background-color":"var(--ast-global-color-5)","background-image":"","background-repeat":"repeat","background-position":"center center","background-size":"auto","background-attachment":"scroll","background-type":"","background-media":"","overlay-type":"","overlay-color":"","overlay-opacity":"","overlay-gradient":""}}},"product_brand":[],"product_cat":[38],"product_tag":[],"class_list":{"0":"post-1704","1":"product","2":"type-product","3":"status-publish","4":"has-post-thumbnail","6":"product_cat-shoppingbag","7":"desktop-align-left","8":"tablet-align-left","9":"mobile-align-left","11":"first","12":"instock","13":"shipping-taxable","14":"product-type-simple"},"_links":{"self":[{"href":"https:\/\/precisebag.com\/pt\/wp-json\/wp\/v2\/product\/1704","targetHints":{"allow":["GET"]}}],"collection":[{"href":"https:\/\/precisebag.com\/pt\/wp-json\/wp\/v2\/product"}],"about":[{"href":"https:\/\/precisebag.com\/pt\/wp-json\/wp\/v2\/types\/product"}],"replies":[{"embeddable":true,"href":"https:\/\/precisebag.com\/pt\/wp-json\/wp\/v2\/comments?post=1704"}],"wp:featuredmedia":[{"embeddable":true,"href":"https:\/\/precisebag.com\/pt\/wp-json\/wp\/v2\/media\/1706"}],"wp:attachment":[{"href":"https:\/\/precisebag.com\/pt\/wp-json\/wp\/v2\/media?parent=1704"}],"wp:term":[{"taxonomy":"product_brand","embeddable":true,"href":"https:\/\/precisebag.com\/pt\/wp-json\/wp\/v2\/product_brand?post=1704"},{"taxonomy":"product_cat","embeddable":true,"href":"https:\/\/precisebag.com\/pt\/wp-json\/wp\/v2\/product_cat?post=1704"},{"taxonomy":"product_tag","embeddable":true,"href":"https:\/\/precisebag.com\/pt\/wp-json\/wp\/v2\/product_tag?post=1704"}],"curies":[{"name":"wp","href":"https:\/\/api.w.org\/{rel}","templated":true}]}}