{"id":1709,"date":"2022-04-05T13:16:47","date_gmt":"2022-04-05T13:16:47","guid":{"rendered":"https:\/\/precisebag.com\/?post_type=product&#038;p=1709"},"modified":"2022-04-05T13:16:48","modified_gmt":"2022-04-05T13:16:48","slug":"laminated-non-woven-bag","status":"publish","type":"product","link":"https:\/\/precisebag.com\/pt\/produto\/laminated-non-woven-bag\/","title":{"rendered":"Saco laminado n\u00e3o tecido"},"content":{"rendered":"<p>Este saco de compras laminado n\u00e3o tecido \u00e9 a escolha perfeita para qualquer loja que venda artigos de beleza, livros ou artesanato. Ele pode armazenar at\u00e9 quatro cupons de Shopping Places confortavelmente e tem um design atraente para que n\u00e3o se perca em suas malas di\u00e1rias!<\/p>\n<p><strong>Descri\u00e7\u00e3o do produto<\/strong><br \/>\nSe voc\u00ea quer uma sacola de compras, esta sacola n\u00e3o tecida laminada \u00e9 \u00f3tima para voc\u00ea. Pode ser usado em suprimentos de beleza, livros, lojas de artesanato, cart\u00f5es, lojas de presentes, lojas de roupas, lojas de departamento, lojas de fast food, lojas de m\u00f3veis, loja de presentes e flores, mercearias, joalherias, m\u00fasica, lojas de v\u00eddeo, material de escrit\u00f3rio, Farm\u00e1cias e Drogarias, Restaurantes, Sapatarias, Artigos Esportivos, Supermercados e Lojas de Bebidas, Lojas de Brinquedos e outros estabelecimentos comerciais. Esta bolsa \u00e9 super forte e resistente ao desgaste e ao desgaste.<\/p>\n<p>Com a crescente conscientiza\u00e7\u00e3o das pessoas sobre a prote\u00e7\u00e3o ambiental, as pessoas come\u00e7aram a perceber que a sacola pl\u00e1stica \u00e9 perigosa para o meio ambiente. Tem incentivado empresas, lojas e supermercados a buscarem alternativas para a bolsa de transporte. O saco n\u00e3o tecido laminado \u00e9 um \u00f3timo substituto para o saco pl\u00e1stico, pois \u00e9 ecologicamente correto e recicl\u00e1vel. Comparando com o saco de papel, \u00e9 mais ecol\u00f3gico. Saco de papel requer \u00e1rvores para sustentar sua mat\u00e9ria-prima, e n\u00e3o temos motivos para derrubar \u00e1rvores para produzir saco de papel o tempo todo. Na verdade, o saco de papel n\u00e3o \u00e9 forte e dur\u00e1vel para transportar mantimentos pesados. Por esse motivo, muitas pessoas escolhem a sacola n\u00e3o tecida laminada como sacola de compras.<\/p>\n<p>A caracter\u00edstica importante do saco n\u00e3o tecido laminado \u00e9 \u00e0 prova d&#039;\u00e1gua, ent\u00e3o voc\u00ea pode us\u00e1-lo para transportar coisas variadas, incluindo alimentos e bebidas. Al\u00e9m disso, esta sacola de compras \u00e9 de grande capacidade para atender \u00e0s suas necessidades. Se voc\u00ea n\u00e3o estiver satisfeito com nosso tamanho padr\u00e3o, voc\u00ea pode ter um design pr\u00f3prio. Aceitamos seu logotipo personalizado, cores e tamanho.<\/p>\n<p>A bolsa n\u00e3o tecida laminada dur\u00e1vel \u00e9 feita em uma estrutura especial n\u00e3o tecida, e a lamina\u00e7\u00e3o adicional torna esta bolsa uma das mais fortes de sua classe. Ideal para ir ao mercado e ser ecologicamente correto, resistente e resistente, mas leve, para transportar mais com menos esfor\u00e7o e perfeito para fazer compras e mantimentos. Se voc\u00ea quiser saber mais sobre nossos produtos, voc\u00ea pode nos perguntar!<\/p>\n<p><strong>Especifica\u00e7\u00e3o<\/strong><\/p>\n<div class=\"table_wrap\">\n<table border=\"1\" cellspacing=\"0\">\n<tbody>\n<tr>\n<td valign=\"center\" width=\"284\">\n<p align=\"justify\">Material<\/p>\n<\/td>\n<td valign=\"center\" width=\"284\">\n<p align=\"justify\">Laminado n\u00e3o tecido<\/p>\n<\/td>\n<\/tr>\n<tr>\n<td valign=\"center\" width=\"284\">\n<p align=\"justify\">Logotipo<\/p>\n<\/td>\n<td valign=\"center\" width=\"284\">\n<p align=\"justify\">Aceitar<\/p>\n<\/td>\n<\/tr>\n<tr>\n<td valign=\"center\" width=\"284\">\n<p align=\"justify\">Tamanho<\/p>\n<\/td>\n<td valign=\"center\" width=\"284\">\n<p align=\"justify\">Tamanho padr\u00e3o ou personalizado<\/p>\n<\/td>\n<\/tr>\n<tr>\n<td valign=\"center\" width=\"284\">\n<p align=\"justify\">MOQ<\/p>\n<\/td>\n<td valign=\"center\" width=\"284\">\n<p align=\"justify\">1000<\/p>\n<\/td>\n<\/tr>\n<tr>\n<td valign=\"center\" width=\"284\">\n<p align=\"justify\">Uso<\/p>\n<\/td>\n<td valign=\"center\" width=\"284\">\n<p align=\"justify\">Compras<\/p>\n<\/td>\n<\/tr>\n<\/tbody>\n<\/table>\n<\/div>","protected":false},"excerpt":{"rendered":"<p>Este saco de compras laminado n\u00e3o tecido \u00e9 a escolha perfeita para qualquer loja que venda artigos de beleza, livros ou artesanato. Ele pode armazenar at\u00e9 quatro cupons de Shopping Places confortavelmente e tem um design atraente para que n\u00e3o se perca em suas malas di\u00e1rias!<\/p>\n<p><strong>Especifica\u00e7\u00e3o<\/strong><\/p>\n<div class=\"table_wrap\">\n<table border=\"1\" cellspacing=\"0\">\n<tbody>\n<tr>\n<td valign=\"center\" width=\"284\">\n<p align=\"justify\">Material<\/p>\n<\/td>\n<td valign=\"center\" width=\"284\">\n<p align=\"justify\">Laminado n\u00e3o tecido<\/p>\n<\/td>\n<\/tr>\n<tr>\n<td valign=\"center\" width=\"284\">\n<p align=\"justify\">Logotipo<\/p>\n<\/td>\n<td valign=\"center\" width=\"284\">\n<p align=\"justify\">Aceitar<\/p>\n<\/td>\n<\/tr>\n<tr>\n<td valign=\"center\" width=\"284\">\n<p align=\"justify\">Tamanho<\/p>\n<\/td>\n<td valign=\"center\" width=\"284\">\n<p align=\"justify\">Tamanho padr\u00e3o ou personalizado<\/p>\n<\/td>\n<\/tr>\n<tr>\n<td valign=\"center\" width=\"284\">\n<p align=\"justify\">MOQ<\/p>\n<\/td>\n<td valign=\"center\" width=\"284\">\n<p align=\"justify\">1000<\/p>\n<\/td>\n<\/tr>\n<tr>\n<td valign=\"center\" width=\"284\">\n<p align=\"justify\">Uso<\/p>\n<\/td>\n<td valign=\"center\" width=\"284\">\n<p align=\"justify\">Compras<\/p>\n<\/td>\n<\/tr>\n<\/tbody>\n<\/table>\n<\/div>\n<div class=\"clear\"><\/div>","protected":false},"featured_media":1711,"comment_status":"closed","ping_status":"closed","template":"","meta":{"_seopress_robots_primary_cat":"","_seopress_titles_title":"","_seopress_titles_desc":"","_seopress_robots_index":"","site-sidebar-layout":"default","site-content-layout":"default","ast-site-content-layout":"default","site-content-style":"default","site-sidebar-style":"default","ast-global-header-display":"","ast-banner-title-visibility":"","ast-main-header-display":"","ast-hfb-above-header-display":"","ast-hfb-below-header-display":"","ast-hfb-mobile-header-display":"","site-post-title":"","ast-breadcrumbs-content":"","ast-featured-img":"","footer-sml-layout":"","theme-transparent-header-meta":"default","adv-header-id-meta":"","stick-header-meta":"","header-above-stick-meta":"","header-main-stick-meta":"","header-below-stick-meta":"","astra-migrate-meta-layouts":"default","ast-page-background-enabled":"default","ast-page-background-meta":{"desktop":{"background-color":"","background-image":"","background-repeat":"repeat","background-position":"center center","background-size":"auto","background-attachment":"scroll","background-type":"","background-media":"","overlay-type":"","overlay-color":"","overlay-opacity":"","overlay-gradient":""},"tablet":{"background-color":"","background-image":"","background-repeat":"repeat","background-position":"center center","background-size":"auto","background-attachment":"scroll","background-type":"","background-media":"","overlay-type":"","overlay-color":"","overlay-opacity":"","overlay-gradient":""},"mobile":{"background-color":"","background-image":"","background-repeat":"repeat","background-position":"center center","background-size":"auto","background-attachment":"scroll","background-type":"","background-media":"","overlay-type":"","overlay-color":"","overlay-opacity":"","overlay-gradient":""}},"ast-content-background-meta":{"desktop":{"background-color":"var(--ast-global-color-5)","background-image":"","background-repeat":"repeat","background-position":"center center","background-size":"auto","background-attachment":"scroll","background-type":"","background-media":"","overlay-type":"","overlay-color":"","overlay-opacity":"","overlay-gradient":""},"tablet":{"background-color":"var(--ast-global-color-5)","background-image":"","background-repeat":"repeat","background-position":"center center","background-size":"auto","background-attachment":"scroll","background-type":"","background-media":"","overlay-type":"","overlay-color":"","overlay-opacity":"","overlay-gradient":""},"mobile":{"background-color":"var(--ast-global-color-5)","background-image":"","background-repeat":"repeat","background-position":"center center","background-size":"auto","background-attachment":"scroll","background-type":"","background-media":"","overlay-type":"","overlay-color":"","overlay-opacity":"","overlay-gradient":""}}},"product_brand":[],"product_cat":[38],"product_tag":[],"class_list":{"0":"post-1709","1":"product","2":"type-product","3":"status-publish","4":"has-post-thumbnail","6":"product_cat-shoppingbag","7":"desktop-align-left","8":"tablet-align-left","9":"mobile-align-left","11":"first","12":"instock","13":"shipping-taxable","14":"product-type-simple"},"_links":{"self":[{"href":"https:\/\/precisebag.com\/pt\/wp-json\/wp\/v2\/product\/1709","targetHints":{"allow":["GET"]}}],"collection":[{"href":"https:\/\/precisebag.com\/pt\/wp-json\/wp\/v2\/product"}],"about":[{"href":"https:\/\/precisebag.com\/pt\/wp-json\/wp\/v2\/types\/product"}],"replies":[{"embeddable":true,"href":"https:\/\/precisebag.com\/pt\/wp-json\/wp\/v2\/comments?post=1709"}],"wp:featuredmedia":[{"embeddable":true,"href":"https:\/\/precisebag.com\/pt\/wp-json\/wp\/v2\/media\/1711"}],"wp:attachment":[{"href":"https:\/\/precisebag.com\/pt\/wp-json\/wp\/v2\/media?parent=1709"}],"wp:term":[{"taxonomy":"product_brand","embeddable":true,"href":"https:\/\/precisebag.com\/pt\/wp-json\/wp\/v2\/product_brand?post=1709"},{"taxonomy":"product_cat","embeddable":true,"href":"https:\/\/precisebag.com\/pt\/wp-json\/wp\/v2\/product_cat?post=1709"},{"taxonomy":"product_tag","embeddable":true,"href":"https:\/\/precisebag.com\/pt\/wp-json\/wp\/v2\/product_tag?post=1709"}],"curies":[{"name":"wp","href":"https:\/\/api.w.org\/{rel}","templated":true}]}}