{"id":1718,"date":"2022-04-05T14:05:36","date_gmt":"2022-04-05T14:05:36","guid":{"rendered":"https:\/\/precisebag.com\/?post_type=product&#038;p=1718"},"modified":"2022-04-05T14:05:38","modified_gmt":"2022-04-05T14:05:38","slug":"reusable-canvas-tote-bag","status":"publish","type":"product","link":"https:\/\/precisebag.com\/pt\/produto\/reusable-canvas-tote-bag\/","title":{"rendered":"Sacola de lona reutiliz\u00e1vel"},"content":{"rendered":"<p>As sacolas de compras de lona s\u00e3o uma alternativa dur\u00e1vel \u00e0s fr\u00e1geis de pl\u00e1stico e papel. Esses materiais naturais s\u00e3o degrad\u00e1veis, o que significa que eles se decomp\u00f5em com o tempo para que nosso planeta possa continuar nos dando tudo o que tem!<\/p>\n<p><strong>Descri\u00e7\u00e3o do produto<\/strong><\/p>\n<p>A maioria das pessoas sabe que o algod\u00e3o \u00e9 um dos materiais mais antigos em d\u00e9cadas. Portanto, considerando o aspecto de prote\u00e7\u00e3o ambiental do algod\u00e3o, o algod\u00e3o \u00e9 o melhor material para fazer sacolas em compara\u00e7\u00e3o com o pl\u00e1stico. As sacolas de compras de lona s\u00e3o degrad\u00e1veis e s\u00e3o sacolas de compras relativamente ecol\u00f3gicas, reutiliz\u00e1veis e org\u00e2nicas. Ao contr\u00e1rio de outros sacos de pl\u00e1stico e papel fr\u00e1geis, este \u00e9 dur\u00e1vel.<\/p>\n<p>Escolher uma sacola de lona adequada pode tornar nossa vida mais conveniente. O que devemos considerar ao comprar uma sacola de lona?<\/p>\n<p>Em primeiro lugar, devemos considerar o material da bolsa de lona. A lona \u00e9 um tecido relativamente grosso, forte e dur\u00e1vel, que n\u00e3o \u00e9 f\u00e1cil de usar e dura muito tempo. Sua durabilidade e firmeza s\u00e3o maiores do que as sacolas de compras n\u00e3o tecidas. Tem mais tecidos, novos estilos e n\u00e3o \u00e9 f\u00e1cil de deformar quando limpo. Algumas sacolas de compras de lona tamb\u00e9m possuem m\u00faltiplas fun\u00e7\u00f5es, como forro interno e z\u00edper, e podem ser usadas como mochilas.<\/p>\n<p>A espessura da bolsa de lona \u00e9 geralmente lona 12A, que \u00e9 mais adequada em termos de espessura e pre\u00e7o. Se n\u00e3o houver nenhum requisito especial, esta espessura \u00e9 mais adequada para uso di\u00e1rio. Se voc\u00ea tiver necessidades especiais, pode escolher uma tela mais grossa.<\/p>\n<p>Podemos personalizar bolsas de lona, tamanho e estilo, que podem atender \u00e0s necessidades de muitas pessoas. H\u00e1 tamb\u00e9m muitas cores podem ser escolhidas. A sacola de lona pode ser usada n\u00e3o apenas como sacolas, mas tamb\u00e9m como sacolas de compras, sacolas promocionais, etc.<\/p>\n<p>Nossa bolsa de lona foi projetada com uma variedade de estilos simples e elegantes, estilos cl\u00e1ssicos. Tem sido amplamente reconhecido pelo mercado. O chamado cl\u00e1ssico \u00e9 originalmente um teste do tempo. Se uma bolsa \u00e9 chamada de bolsa cl\u00e1ssica, em primeiro lugar, ela deve ser de alta qualidade, resistente ao desgaste e dur\u00e1vel. Esta \u00e9 a verdade mais b\u00e1sica.<\/p>\n<p><strong>Especifica\u00e7\u00e3o<\/strong><\/p>\n<div class=\"table_wrap\">\n<table border=\"1\" cellspacing=\"0\">\n<tbody>\n<tr>\n<td valign=\"center\" width=\"284\">\n<p align=\"justify\">Material<\/p>\n<\/td>\n<td valign=\"center\" width=\"284\">\n<p align=\"justify\">Tela<\/p>\n<\/td>\n<\/tr>\n<tr>\n<td valign=\"center\" width=\"284\">\n<p align=\"justify\">Tamanho<\/p>\n<\/td>\n<td valign=\"center\" width=\"284\">\n<p align=\"justify\">Tamanho grande, tamanho padr\u00e3o ou personalizado<\/p>\n<\/td>\n<\/tr>\n<tr>\n<td valign=\"center\" width=\"284\">\n<p align=\"justify\">Cores<\/p>\n<\/td>\n<td valign=\"center\" width=\"284\">\n<p align=\"justify\">Personalizado<\/p>\n<\/td>\n<\/tr>\n<tr>\n<td valign=\"center\" width=\"284\">\n<p align=\"justify\">Ordem minima<\/p>\n<\/td>\n<td valign=\"center\" width=\"284\">\n<p align=\"justify\">100 pe\u00e7as<\/p>\n<\/td>\n<\/tr>\n<tr>\n<td valign=\"center\" width=\"284\">\n<p align=\"justify\">OEM&amp;ODM<\/p>\n<\/td>\n<td valign=\"center\" width=\"284\">\n<p align=\"justify\">Aceitar<\/p>\n<\/td>\n<\/tr>\n<tr>\n<td valign=\"center\" width=\"284\">\n<p align=\"justify\">Logotipo<\/p>\n<\/td>\n<td valign=\"center\" width=\"284\">\n<p align=\"justify\">Personalizado<\/p>\n<\/td>\n<\/tr>\n<\/tbody>\n<\/table>\n<\/div>","protected":false},"excerpt":{"rendered":"<p>As sacolas de compras de lona s\u00e3o uma alternativa dur\u00e1vel \u00e0s fr\u00e1geis de pl\u00e1stico e papel. Esses materiais naturais s\u00e3o degrad\u00e1veis, o que significa que eles se decomp\u00f5em com o tempo para que nosso planeta possa continuar nos dando tudo o que tem!<\/p>\n<p><strong>Especifica\u00e7\u00e3o<\/strong><\/p>\n<div class=\"table_wrap\">\n<table border=\"1\" cellspacing=\"0\">\n<tbody>\n<tr>\n<td valign=\"center\" width=\"284\">\n<p align=\"justify\">Material<\/p>\n<\/td>\n<td valign=\"center\" width=\"284\">\n<p align=\"justify\">Tela<\/p>\n<\/td>\n<\/tr>\n<tr>\n<td valign=\"center\" width=\"284\">\n<p align=\"justify\">Tamanho<\/p>\n<\/td>\n<td valign=\"center\" width=\"284\">\n<p align=\"justify\">Tamanho grande, tamanho padr\u00e3o ou personalizado<\/p>\n<\/td>\n<\/tr>\n<tr>\n<td valign=\"center\" width=\"284\">\n<p align=\"justify\">Cores<\/p>\n<\/td>\n<td valign=\"center\" width=\"284\">\n<p align=\"justify\">Personalizado<\/p>\n<\/td>\n<\/tr>\n<tr>\n<td valign=\"center\" width=\"284\">\n<p align=\"justify\">Ordem minima<\/p>\n<\/td>\n<td valign=\"center\" width=\"284\">\n<p align=\"justify\">100 pe\u00e7as<\/p>\n<\/td>\n<\/tr>\n<tr>\n<td valign=\"center\" width=\"284\">\n<p align=\"justify\">OEM&amp;ODM<\/p>\n<\/td>\n<td valign=\"center\" width=\"284\">\n<p align=\"justify\">Aceitar<\/p>\n<\/td>\n<\/tr>\n<tr>\n<td valign=\"center\" width=\"284\">\n<p align=\"justify\">Logotipo<\/p>\n<\/td>\n<td valign=\"center\" width=\"284\">\n<p align=\"justify\">Personalizado<\/p>\n<\/td>\n<\/tr>\n<\/tbody>\n<\/table>\n<\/div>","protected":false},"featured_media":1721,"comment_status":"closed","ping_status":"closed","template":"","meta":{"_seopress_robots_primary_cat":"","_seopress_titles_title":"","_seopress_titles_desc":"","_seopress_robots_index":"","site-sidebar-layout":"default","site-content-layout":"default","ast-site-content-layout":"default","site-content-style":"default","site-sidebar-style":"default","ast-global-header-display":"","ast-banner-title-visibility":"","ast-main-header-display":"","ast-hfb-above-header-display":"","ast-hfb-below-header-display":"","ast-hfb-mobile-header-display":"","site-post-title":"","ast-breadcrumbs-content":"","ast-featured-img":"","footer-sml-layout":"","theme-transparent-header-meta":"default","adv-header-id-meta":"","stick-header-meta":"","header-above-stick-meta":"","header-main-stick-meta":"","header-below-stick-meta":"","astra-migrate-meta-layouts":"default","ast-page-background-enabled":"default","ast-page-background-meta":{"desktop":{"background-color":"","background-image":"","background-repeat":"repeat","background-position":"center center","background-size":"auto","background-attachment":"scroll","background-type":"","background-media":"","overlay-type":"","overlay-color":"","overlay-opacity":"","overlay-gradient":""},"tablet":{"background-color":"","background-image":"","background-repeat":"repeat","background-position":"center center","background-size":"auto","background-attachment":"scroll","background-type":"","background-media":"","overlay-type":"","overlay-color":"","overlay-opacity":"","overlay-gradient":""},"mobile":{"background-color":"","background-image":"","background-repeat":"repeat","background-position":"center center","background-size":"auto","background-attachment":"scroll","background-type":"","background-media":"","overlay-type":"","overlay-color":"","overlay-opacity":"","overlay-gradient":""}},"ast-content-background-meta":{"desktop":{"background-color":"var(--ast-global-color-5)","background-image":"","background-repeat":"repeat","background-position":"center center","background-size":"auto","background-attachment":"scroll","background-type":"","background-media":"","overlay-type":"","overlay-color":"","overlay-opacity":"","overlay-gradient":""},"tablet":{"background-color":"var(--ast-global-color-5)","background-image":"","background-repeat":"repeat","background-position":"center center","background-size":"auto","background-attachment":"scroll","background-type":"","background-media":"","overlay-type":"","overlay-color":"","overlay-opacity":"","overlay-gradient":""},"mobile":{"background-color":"var(--ast-global-color-5)","background-image":"","background-repeat":"repeat","background-position":"center center","background-size":"auto","background-attachment":"scroll","background-type":"","background-media":"","overlay-type":"","overlay-color":"","overlay-opacity":"","overlay-gradient":""}}},"product_brand":[],"product_cat":[35],"product_tag":[],"class_list":{"0":"post-1718","1":"product","2":"type-product","3":"status-publish","4":"has-post-thumbnail","6":"product_cat-canvastotebag","7":"desktop-align-left","8":"tablet-align-left","9":"mobile-align-left","11":"first","12":"instock","13":"shipping-taxable","14":"product-type-simple"},"_links":{"self":[{"href":"https:\/\/precisebag.com\/pt\/wp-json\/wp\/v2\/product\/1718","targetHints":{"allow":["GET"]}}],"collection":[{"href":"https:\/\/precisebag.com\/pt\/wp-json\/wp\/v2\/product"}],"about":[{"href":"https:\/\/precisebag.com\/pt\/wp-json\/wp\/v2\/types\/product"}],"replies":[{"embeddable":true,"href":"https:\/\/precisebag.com\/pt\/wp-json\/wp\/v2\/comments?post=1718"}],"wp:featuredmedia":[{"embeddable":true,"href":"https:\/\/precisebag.com\/pt\/wp-json\/wp\/v2\/media\/1721"}],"wp:attachment":[{"href":"https:\/\/precisebag.com\/pt\/wp-json\/wp\/v2\/media?parent=1718"}],"wp:term":[{"taxonomy":"product_brand","embeddable":true,"href":"https:\/\/precisebag.com\/pt\/wp-json\/wp\/v2\/product_brand?post=1718"},{"taxonomy":"product_cat","embeddable":true,"href":"https:\/\/precisebag.com\/pt\/wp-json\/wp\/v2\/product_cat?post=1718"},{"taxonomy":"product_tag","embeddable":true,"href":"https:\/\/precisebag.com\/pt\/wp-json\/wp\/v2\/product_tag?post=1718"}],"curies":[{"name":"wp","href":"https:\/\/api.w.org\/{rel}","templated":true}]}}