{"id":1725,"date":"2022-04-05T14:10:27","date_gmt":"2022-04-05T14:10:27","guid":{"rendered":"https:\/\/precisebag.com\/?post_type=product&#038;p=1725"},"modified":"2022-04-05T14:10:28","modified_gmt":"2022-04-05T14:10:28","slug":"cotton-tote-bag","status":"publish","type":"product","link":"https:\/\/precisebag.com\/pt\/produto\/cotton-tote-bag\/","title":{"rendered":"Bolsa de Algod\u00e3o"},"content":{"rendered":"<p>As sacolas de compras de lona s\u00e3o perfeitas para a pessoa que quer se destacar na multid\u00e3o. Eles est\u00e3o dispon\u00edveis com muitos estilos diferentes, como estilo floresta ou at\u00e9 mesmo moda combinando!<\/p>\n<p><strong>Descri\u00e7\u00e3o do produto<\/strong><br \/>\n<strong>Sacos de compras de lona<\/strong>\u00a0est\u00e3o se tornando cada vez mais populares em nossa vida di\u00e1ria. Existem muitos estilos de bolsas de lona, como estilo floresta, estilo liter\u00e1rio e moda all-match.<\/p>\n<p>A maioria das bolsas de lona s\u00e3o de estilo mais casual. As listras horizontais s\u00e3o um estilo muito popular o tempo todo. Este tipo de bolsa de lona macia e casual \u00e9 boa para vestidos simples. O vermelho tijolo tamb\u00e9m \u00e9 uma boa combina\u00e7\u00e3o, e as listras horizontais da moda s\u00e3o um estilo de primavera muito bom, um estilo liter\u00e1rio t\u00edpico.<\/p>\n<p>O tamanho da bolsa de lona deve ser grande e deve ser capaz de conter um laptop e papel tamanho A4. O estilo da bolsa de lona deve ser simples e n\u00e3o complicado. A sacola de lona deve ser f\u00e1cil de transportar, funcional e f\u00e1cil de manusear, e tamb\u00e9m \u00e9 a principal considera\u00e7\u00e3o para comprar uma sacola de lona. O material da bolsa de lona \u00e9 leve, e a bolsa de lona com ombro e m\u00e3o \u00e9 a mais pr\u00e1tica.<\/p>\n<p>O estilo \u00e9 o principal meio para expressar o estilo de um produto, e tamb\u00e9m pode expressar a compra do cliente<br \/>\nInspira\u00e7\u00e3o. A bolsa de lona listrada tem estilos simples e elegantes, cores limpas e bonitas, e se tornou o primeiro ponto brilhante a atrair clientes. O bom estilo \u00e9 a pedra angular das vendas bem-sucedidas. Quando o estilo est\u00e1 mais alinhado com o cliente, o processo de aten\u00e7\u00e3o e avalia\u00e7\u00e3o para tecidos e m\u00e3o de obra apenas come\u00e7a.<\/p>\n<p>Tecidos de lona foram usados para fazer tendas militares e p\u00e1ra-quedas nos primeiros dias por causa de suas propriedades s\u00f3lidas e dur\u00e1veis. Com o avan\u00e7o da ci\u00eancia e da tecnologia, a tecnologia t\u00eaxtil foi bastante aprimorada, e os tipos de telas aumentaram gradativamente e a aplica\u00e7\u00e3o tornou-se mais extensa. No s\u00e9culo 21, entramos na era da prote\u00e7\u00e3o ambiental, e a lona, um tecido ecologicamente correto, ganhou mais reconhecimento e trouxe novos conceitos de moda e entrou no campo da moda. As bolsas de lona se tornaram um item de moda popular.<\/p>\n<p>No entanto, quando as pessoas est\u00e3o comprando sacolas de lona, os clientes geralmente t\u00eam mal-entendidos. Alguns consumidores pensam que quanto mais grosso o tecido, melhor a qualidade da tela, mas n\u00e3o \u00e9 o caso. A qualidade do tecido n\u00e3o tem nada a ver com a espessura do tecido.<\/p>\n<p>Nosso material de bolsas de lona foi processado por v\u00e1rias tecnologias, por isso n\u00e3o \u00e9 apenas firme e dur\u00e1vel, mas tamb\u00e9m tem uma sensa\u00e7\u00e3o mais delicada, macia e respir\u00e1vel. A leveza do tecido tamb\u00e9m reduz o peso da bolsa de lona pesada original.<\/p>\n<p><strong>Especifica\u00e7\u00e3o<\/strong><\/p>\n<div class=\"table_wrap\">\n<table border=\"1\" cellspacing=\"0\">\n<tbody>\n<tr>\n<td valign=\"center\" width=\"284\">\n<p align=\"justify\">Material<\/p>\n<\/td>\n<td valign=\"center\" width=\"284\">\n<p align=\"justify\">Tela<\/p>\n<\/td>\n<\/tr>\n<tr>\n<td valign=\"center\" width=\"284\">\n<p align=\"justify\">Tamanho<\/p>\n<\/td>\n<td valign=\"center\" width=\"284\">\n<p align=\"justify\">Tamanho grande, tamanho padr\u00e3o ou personalizado<\/p>\n<\/td>\n<\/tr>\n<tr>\n<td valign=\"center\" width=\"284\">\n<p align=\"justify\">Cores<\/p>\n<\/td>\n<td valign=\"center\" width=\"284\">\n<p align=\"justify\">Personalizado<\/p>\n<\/td>\n<\/tr>\n<tr>\n<td valign=\"center\" width=\"284\">\n<p align=\"justify\">Ordem minima<\/p>\n<\/td>\n<td valign=\"center\" width=\"284\">\n<p align=\"justify\">100 pe\u00e7as<\/p>\n<\/td>\n<\/tr>\n<tr>\n<td valign=\"center\" width=\"284\">\n<p align=\"justify\">OEM&amp;ODM<\/p>\n<\/td>\n<td valign=\"center\" width=\"284\">\n<p align=\"justify\">Aceitar<\/p>\n<\/td>\n<\/tr>\n<tr>\n<td valign=\"center\" width=\"284\">\n<p align=\"justify\">Logotipo<\/p>\n<\/td>\n<td valign=\"center\" width=\"284\">\n<p align=\"justify\">Personalizado<\/p>\n<\/td>\n<\/tr>\n<\/tbody>\n<\/table>\n<\/div>","protected":false},"excerpt":{"rendered":"<p>As sacolas de compras de lona s\u00e3o perfeitas para a pessoa que quer se destacar na multid\u00e3o. Eles est\u00e3o dispon\u00edveis com muitos estilos diferentes, como estilo floresta ou at\u00e9 mesmo moda combinando!<\/p>\n<p><strong>Especifica\u00e7\u00e3o<\/strong><\/p>\n<div class=\"table_wrap\">\n<table border=\"1\" cellspacing=\"0\">\n<tbody>\n<tr>\n<td valign=\"center\" width=\"284\">\n<p align=\"justify\">Material<\/p>\n<\/td>\n<td valign=\"center\" width=\"284\">\n<p align=\"justify\">Tela<\/p>\n<\/td>\n<\/tr>\n<tr>\n<td valign=\"center\" width=\"284\">\n<p align=\"justify\">Tamanho<\/p>\n<\/td>\n<td valign=\"center\" width=\"284\">\n<p align=\"justify\">Tamanho grande, tamanho padr\u00e3o ou personalizado<\/p>\n<\/td>\n<\/tr>\n<tr>\n<td valign=\"center\" width=\"284\">\n<p align=\"justify\">Cores<\/p>\n<\/td>\n<td valign=\"center\" width=\"284\">\n<p align=\"justify\">Personalizado<\/p>\n<\/td>\n<\/tr>\n<tr>\n<td valign=\"center\" width=\"284\">\n<p align=\"justify\">Ordem minima<\/p>\n<\/td>\n<td valign=\"center\" width=\"284\">\n<p align=\"justify\">100 pe\u00e7as<\/p>\n<\/td>\n<\/tr>\n<tr>\n<td valign=\"center\" width=\"284\">\n<p align=\"justify\">OEM&amp;ODM<\/p>\n<\/td>\n<td valign=\"center\" width=\"284\">\n<p align=\"justify\">Aceitar<\/p>\n<\/td>\n<\/tr>\n<tr>\n<td valign=\"center\" width=\"284\">\n<p align=\"justify\">Logotipo<\/p>\n<\/td>\n<td valign=\"center\" width=\"284\">\n<p align=\"justify\">Personalizado<\/p>\n<\/td>\n<\/tr>\n<\/tbody>\n<\/table>\n<\/div>","protected":false},"featured_media":1727,"comment_status":"closed","ping_status":"closed","template":"","meta":{"_seopress_robots_primary_cat":"","_seopress_titles_title":"","_seopress_titles_desc":"","_seopress_robots_index":"","site-sidebar-layout":"default","site-content-layout":"default","ast-site-content-layout":"default","site-content-style":"default","site-sidebar-style":"default","ast-global-header-display":"","ast-banner-title-visibility":"","ast-main-header-display":"","ast-hfb-above-header-display":"","ast-hfb-below-header-display":"","ast-hfb-mobile-header-display":"","site-post-title":"","ast-breadcrumbs-content":"","ast-featured-img":"","footer-sml-layout":"","theme-transparent-header-meta":"default","adv-header-id-meta":"","stick-header-meta":"","header-above-stick-meta":"","header-main-stick-meta":"","header-below-stick-meta":"","astra-migrate-meta-layouts":"default","ast-page-background-enabled":"default","ast-page-background-meta":{"desktop":{"background-color":"","background-image":"","background-repeat":"repeat","background-position":"center center","background-size":"auto","background-attachment":"scroll","background-type":"","background-media":"","overlay-type":"","overlay-color":"","overlay-opacity":"","overlay-gradient":""},"tablet":{"background-color":"","background-image":"","background-repeat":"repeat","background-position":"center center","background-size":"auto","background-attachment":"scroll","background-type":"","background-media":"","overlay-type":"","overlay-color":"","overlay-opacity":"","overlay-gradient":""},"mobile":{"background-color":"","background-image":"","background-repeat":"repeat","background-position":"center center","background-size":"auto","background-attachment":"scroll","background-type":"","background-media":"","overlay-type":"","overlay-color":"","overlay-opacity":"","overlay-gradient":""}},"ast-content-background-meta":{"desktop":{"background-color":"var(--ast-global-color-5)","background-image":"","background-repeat":"repeat","background-position":"center center","background-size":"auto","background-attachment":"scroll","background-type":"","background-media":"","overlay-type":"","overlay-color":"","overlay-opacity":"","overlay-gradient":""},"tablet":{"background-color":"var(--ast-global-color-5)","background-image":"","background-repeat":"repeat","background-position":"center center","background-size":"auto","background-attachment":"scroll","background-type":"","background-media":"","overlay-type":"","overlay-color":"","overlay-opacity":"","overlay-gradient":""},"mobile":{"background-color":"var(--ast-global-color-5)","background-image":"","background-repeat":"repeat","background-position":"center center","background-size":"auto","background-attachment":"scroll","background-type":"","background-media":"","overlay-type":"","overlay-color":"","overlay-opacity":"","overlay-gradient":""}}},"product_brand":[],"product_cat":[35],"product_tag":[],"class_list":{"0":"post-1725","1":"product","2":"type-product","3":"status-publish","4":"has-post-thumbnail","6":"product_cat-canvastotebag","7":"desktop-align-left","8":"tablet-align-left","9":"mobile-align-left","11":"first","12":"instock","13":"shipping-taxable","14":"product-type-simple"},"_links":{"self":[{"href":"https:\/\/precisebag.com\/pt\/wp-json\/wp\/v2\/product\/1725","targetHints":{"allow":["GET"]}}],"collection":[{"href":"https:\/\/precisebag.com\/pt\/wp-json\/wp\/v2\/product"}],"about":[{"href":"https:\/\/precisebag.com\/pt\/wp-json\/wp\/v2\/types\/product"}],"replies":[{"embeddable":true,"href":"https:\/\/precisebag.com\/pt\/wp-json\/wp\/v2\/comments?post=1725"}],"wp:featuredmedia":[{"embeddable":true,"href":"https:\/\/precisebag.com\/pt\/wp-json\/wp\/v2\/media\/1727"}],"wp:attachment":[{"href":"https:\/\/precisebag.com\/pt\/wp-json\/wp\/v2\/media?parent=1725"}],"wp:term":[{"taxonomy":"product_brand","embeddable":true,"href":"https:\/\/precisebag.com\/pt\/wp-json\/wp\/v2\/product_brand?post=1725"},{"taxonomy":"product_cat","embeddable":true,"href":"https:\/\/precisebag.com\/pt\/wp-json\/wp\/v2\/product_cat?post=1725"},{"taxonomy":"product_tag","embeddable":true,"href":"https:\/\/precisebag.com\/pt\/wp-json\/wp\/v2\/product_tag?post=1725"}],"curies":[{"name":"wp","href":"https:\/\/api.w.org\/{rel}","templated":true}]}}