{"id":1731,"date":"2022-04-05T14:16:36","date_gmt":"2022-04-05T14:16:36","guid":{"rendered":"https:\/\/precisebag.com\/?post_type=product&#038;p=1731"},"modified":"2022-04-05T14:16:37","modified_gmt":"2022-04-05T14:16:37","slug":"eco-friendly-canvas-tote-bag","status":"publish","type":"product","link":"https:\/\/precisebag.com\/pt\/produto\/eco-friendly-canvas-tote-bag\/","title":{"rendered":"Bolsa de lona ecol\u00f3gica"},"content":{"rendered":"<p>As bolsas de lona v\u00eam em tr\u00eas tipos \u2013 algod\u00e3o poli\u00e9ster, algod\u00e3o puro ou um h\u00edbrido dos dois; estes dividem-se consoante tenham forro interior e revestimentos exteriores. H\u00e1 tamb\u00e9m a vers\u00e3o de bolsa de ombro \u00fanica para aqueles que preferem n\u00e3o carregar itens pesados em um bra\u00e7o, bem como o estilo de ombro duplo (poli) se voc\u00ea precisar de mais espa\u00e7o, mas n\u00e3o quer nada volumoso derramando em suas m\u00e3os ao andar por ruas movimentadas! A \u00faltima op\u00e7\u00e3o dispon\u00edvel seriam as bolsas que podem ter fechamento com z\u00edper, como muitas mulheres fazem hoje em dia, devido \u00e0 sua conveni\u00eancia, mesmo que isso possa parecer antiquado.<\/p>\n<p><strong>Descri\u00e7\u00e3o do produto<\/strong><br \/>\nSacos de lona podem ser divididos em tr\u00eas tipos de acordo com o material, algod\u00e3o poli\u00e9ster, algod\u00e3o puro e poli\u00e9ster puro; As bolsas de lona s\u00e3o divididas em ombro \u00fanico, ombro duplo e bolsa de acordo com o m\u00e9todo das costas. A bolsa de lona \u00e9 uma bolsa popular nos \u00faltimos anos porque \u00e9 dur\u00e1vel e tem uma sensa\u00e7\u00e3o nost\u00e1lgica depois de v\u00ea-la. \u00c9 a tend\u00eancia atual da moda. E existem diferentes tipos de acordo com diferentes grupos de pessoas. Existem estilos de montanhismo, viagens e lazer.<\/p>\n<p>As cores das bolsas de lona tamb\u00e9m s\u00e3o muito diversas. H\u00e1 uma \u00fanica cor ou uma combina\u00e7\u00e3o de cores. S\u00e3o sacos mais livremente combinados. Com cada vez mais elementos de design de bolsas de lona, a bolsa de lona formou uma moda na moda. A bolsa de lona \u00e9 a nova moda atual para as pessoas. Sacolas de lona s\u00e3o basicamente vers\u00e1teis e podem combinar com qualquer roupa. A bolsa de lona mon\u00f3tona \u00e9 o item mais comum, embora seja muito pr\u00e1tica, mas acredito que \u00e0s vezes voc\u00ea se sentir\u00e1 entediado, ent\u00e3o tamb\u00e9m pode escolher uma bolsa de lona com padr\u00e3o de cores brilhantes para fazer compras.<\/p>\n<p>A bolsa de lona \u00e9 resistente e dur\u00e1vel, de acordo com a moda dos entusiastas de viagens. A bolsa de lona \u00e9 feita de lona de serapilheira. A maior caracter\u00edstica \u00e9 que \u00e9 dur\u00e1vel. Sua natureza vers\u00e1til tamb\u00e9m \u00e9 favorecida por muitas pessoas, e pode ser combinada com qualquer roupa. O design casual \u00fanico da bolsa de lona e o embelezamento exterior e qualidade interna mais atuais, tornou-se a moda da moda para os jovens.<\/p>\n<p>A maior vantagem das bolsas de lona \u00e9 que elas s\u00e3o dur\u00e1veis e os padr\u00f5es da bolsa s\u00e3o criativos. As bolsas de lona s\u00e3o f\u00e1ceis de usar e t\u00eam boa apar\u00eancia e o pre\u00e7o \u00e9 relativamente barato. Geralmente, voc\u00ea pode comprar um por mais de dez d\u00f3lares, mas se voc\u00ea for compr\u00e1-los em alguma marca famosa, tamb\u00e9m \u00e9 muito caro. Afinal, suas marcas valem muito dinheiro. A bolsa tamb\u00e9m \u00e9 uma esp\u00e9cie de bolsa econ\u00f4mica e acess\u00edvel. Aceitamos seu pr\u00f3prio design, o que significa que voc\u00ea pode ter suas pr\u00f3prias bolsas de lona com pouco dinheiro. Por favor consulte-nos!<\/p>\n<p><strong>Especifica\u00e7\u00e3o<\/strong><\/p>\n<div class=\"table_wrap\">\n<table border=\"1\" cellspacing=\"0\">\n<tbody>\n<tr>\n<td valign=\"center\" width=\"284\">\n<p align=\"justify\">Material<\/p>\n<\/td>\n<td valign=\"center\" width=\"284\">\n<p align=\"justify\">Tela<\/p>\n<\/td>\n<\/tr>\n<tr>\n<td valign=\"center\" width=\"284\">\n<p align=\"justify\">Tamanho<\/p>\n<\/td>\n<td valign=\"center\" width=\"284\">\n<p align=\"justify\">Tamanho grande, tamanho padr\u00e3o ou personalizado<\/p>\n<\/td>\n<\/tr>\n<tr>\n<td valign=\"center\" width=\"284\">\n<p align=\"justify\">Cores<\/p>\n<\/td>\n<td valign=\"center\" width=\"284\">\n<p align=\"justify\">Personalizado<\/p>\n<\/td>\n<\/tr>\n<tr>\n<td valign=\"center\" width=\"284\">\n<p align=\"justify\">Ordem minima<\/p>\n<\/td>\n<td valign=\"center\" width=\"284\">\n<p align=\"justify\">100 pe\u00e7as<\/p>\n<\/td>\n<\/tr>\n<tr>\n<td valign=\"center\" width=\"284\">\n<p align=\"justify\">OEM&amp;ODM<\/p>\n<\/td>\n<td valign=\"center\" width=\"284\">\n<p align=\"justify\">Aceitar<\/p>\n<\/td>\n<\/tr>\n<tr>\n<td valign=\"center\" width=\"284\">\n<p align=\"justify\">Logotipo<\/p>\n<\/td>\n<td valign=\"center\" width=\"284\">\n<p align=\"justify\">Personalizado<\/p>\n<\/td>\n<\/tr>\n<\/tbody>\n<\/table>\n<\/div>","protected":false},"excerpt":{"rendered":"<p>As bolsas de lona v\u00eam em tr\u00eas tipos \u2013 algod\u00e3o poli\u00e9ster, algod\u00e3o puro ou um h\u00edbrido dos dois; estes dividem-se consoante tenham forro interior e revestimentos exteriores. H\u00e1 tamb\u00e9m a vers\u00e3o de bolsa de ombro \u00fanica para aqueles que preferem n\u00e3o carregar itens pesados em um bra\u00e7o, bem como o estilo de ombro duplo (poli) se voc\u00ea precisar de mais espa\u00e7o, mas n\u00e3o quer nada volumoso derramando em suas m\u00e3os ao andar por ruas movimentadas! A \u00faltima op\u00e7\u00e3o dispon\u00edvel seriam as bolsas que podem ter fechamento com z\u00edper, como muitas mulheres fazem hoje em dia, devido \u00e0 sua conveni\u00eancia, mesmo que isso possa parecer antiquado.<\/p>\n<p><strong>Especifica\u00e7\u00e3o<\/strong><\/p>\n<div class=\"table_wrap\">\n<table border=\"1\" cellspacing=\"0\">\n<tbody>\n<tr>\n<td valign=\"center\" width=\"284\">\n<p align=\"justify\">Material<\/p>\n<\/td>\n<td valign=\"center\" width=\"284\">\n<p align=\"justify\">Tela<\/p>\n<\/td>\n<\/tr>\n<tr>\n<td valign=\"center\" width=\"284\">\n<p align=\"justify\">Tamanho<\/p>\n<\/td>\n<td valign=\"center\" width=\"284\">\n<p align=\"justify\">Tamanho grande, tamanho padr\u00e3o ou personalizado<\/p>\n<\/td>\n<\/tr>\n<tr>\n<td valign=\"center\" width=\"284\">\n<p align=\"justify\">Cores<\/p>\n<\/td>\n<td valign=\"center\" width=\"284\">\n<p align=\"justify\">Personalizado<\/p>\n<\/td>\n<\/tr>\n<tr>\n<td valign=\"center\" width=\"284\">\n<p align=\"justify\">Ordem minima<\/p>\n<\/td>\n<td valign=\"center\" width=\"284\">\n<p align=\"justify\">100 pe\u00e7as<\/p>\n<\/td>\n<\/tr>\n<tr>\n<td valign=\"center\" width=\"284\">\n<p align=\"justify\">OEM&amp;ODM<\/p>\n<\/td>\n<td valign=\"center\" width=\"284\">\n<p align=\"justify\">Aceitar<\/p>\n<\/td>\n<\/tr>\n<tr>\n<td valign=\"center\" width=\"284\">\n<p align=\"justify\">Logotipo<\/p>\n<\/td>\n<td valign=\"center\" width=\"284\">\n<p align=\"justify\">Personalizado<\/p>\n<\/td>\n<\/tr>\n<\/tbody>\n<\/table>\n<\/div>","protected":false},"featured_media":1733,"comment_status":"closed","ping_status":"closed","template":"","meta":{"_seopress_robots_primary_cat":"","_seopress_titles_title":"","_seopress_titles_desc":"","_seopress_robots_index":"","site-sidebar-layout":"default","site-content-layout":"default","ast-site-content-layout":"default","site-content-style":"default","site-sidebar-style":"default","ast-global-header-display":"","ast-banner-title-visibility":"","ast-main-header-display":"","ast-hfb-above-header-display":"","ast-hfb-below-header-display":"","ast-hfb-mobile-header-display":"","site-post-title":"","ast-breadcrumbs-content":"","ast-featured-img":"","footer-sml-layout":"","theme-transparent-header-meta":"default","adv-header-id-meta":"","stick-header-meta":"","header-above-stick-meta":"","header-main-stick-meta":"","header-below-stick-meta":"","astra-migrate-meta-layouts":"default","ast-page-background-enabled":"default","ast-page-background-meta":{"desktop":{"background-color":"","background-image":"","background-repeat":"repeat","background-position":"center center","background-size":"auto","background-attachment":"scroll","background-type":"","background-media":"","overlay-type":"","overlay-color":"","overlay-opacity":"","overlay-gradient":""},"tablet":{"background-color":"","background-image":"","background-repeat":"repeat","background-position":"center center","background-size":"auto","background-attachment":"scroll","background-type":"","background-media":"","overlay-type":"","overlay-color":"","overlay-opacity":"","overlay-gradient":""},"mobile":{"background-color":"","background-image":"","background-repeat":"repeat","background-position":"center center","background-size":"auto","background-attachment":"scroll","background-type":"","background-media":"","overlay-type":"","overlay-color":"","overlay-opacity":"","overlay-gradient":""}},"ast-content-background-meta":{"desktop":{"background-color":"var(--ast-global-color-5)","background-image":"","background-repeat":"repeat","background-position":"center center","background-size":"auto","background-attachment":"scroll","background-type":"","background-media":"","overlay-type":"","overlay-color":"","overlay-opacity":"","overlay-gradient":""},"tablet":{"background-color":"var(--ast-global-color-5)","background-image":"","background-repeat":"repeat","background-position":"center center","background-size":"auto","background-attachment":"scroll","background-type":"","background-media":"","overlay-type":"","overlay-color":"","overlay-opacity":"","overlay-gradient":""},"mobile":{"background-color":"var(--ast-global-color-5)","background-image":"","background-repeat":"repeat","background-position":"center center","background-size":"auto","background-attachment":"scroll","background-type":"","background-media":"","overlay-type":"","overlay-color":"","overlay-opacity":"","overlay-gradient":""}}},"product_brand":[],"product_cat":[35],"product_tag":[],"class_list":{"0":"post-1731","1":"product","2":"type-product","3":"status-publish","4":"has-post-thumbnail","6":"product_cat-canvastotebag","7":"desktop-align-left","8":"tablet-align-left","9":"mobile-align-left","11":"first","12":"instock","13":"shipping-taxable","14":"product-type-simple"},"_links":{"self":[{"href":"https:\/\/precisebag.com\/pt\/wp-json\/wp\/v2\/product\/1731","targetHints":{"allow":["GET"]}}],"collection":[{"href":"https:\/\/precisebag.com\/pt\/wp-json\/wp\/v2\/product"}],"about":[{"href":"https:\/\/precisebag.com\/pt\/wp-json\/wp\/v2\/types\/product"}],"replies":[{"embeddable":true,"href":"https:\/\/precisebag.com\/pt\/wp-json\/wp\/v2\/comments?post=1731"}],"wp:featuredmedia":[{"embeddable":true,"href":"https:\/\/precisebag.com\/pt\/wp-json\/wp\/v2\/media\/1733"}],"wp:attachment":[{"href":"https:\/\/precisebag.com\/pt\/wp-json\/wp\/v2\/media?parent=1731"}],"wp:term":[{"taxonomy":"product_brand","embeddable":true,"href":"https:\/\/precisebag.com\/pt\/wp-json\/wp\/v2\/product_brand?post=1731"},{"taxonomy":"product_cat","embeddable":true,"href":"https:\/\/precisebag.com\/pt\/wp-json\/wp\/v2\/product_cat?post=1731"},{"taxonomy":"product_tag","embeddable":true,"href":"https:\/\/precisebag.com\/pt\/wp-json\/wp\/v2\/product_tag?post=1731"}],"curies":[{"name":"wp","href":"https:\/\/api.w.org\/{rel}","templated":true}]}}