{"id":2859,"date":"2022-09-08T11:14:21","date_gmt":"2022-09-08T11:14:21","guid":{"rendered":"https:\/\/precisebag.com\/?post_type=product&#038;p=2859"},"modified":"2022-09-08T11:16:28","modified_gmt":"2022-09-08T11:16:28","slug":"lightweight-travel-sport-floating-waterproof-dry-bag-with-logo","status":"publish","type":"product","link":"https:\/\/precisebag.com\/pt\/produto\/lightweight-travel-sport-floating-waterproof-dry-bag-with-logo\/","title":{"rendered":"Bolsa leve e imperme\u00e1vel para viagem esportiva flutuante com logotipo"},"content":{"rendered":"<h2><strong><b>Detalhes r\u00e1pidos<\/b><\/strong><\/h2>\n<ul>\n<li>Lugar de Origem: Jiangsu, China<\/li>\n<li>Nome da marca: oem\/odm<\/li>\n<li>Nome do produto: Saco Seco Imperme\u00e1vel<\/li>\n<li>Material: PVC\/TUP\/Nylon<\/li>\n<li>Uso: Acampamento Ao Ar Livre Caminhadas Viajar<\/li>\n<li>Cor: Cor personalizada<\/li>\n<li>Caracter\u00edstica: \u00c0 prova d&#039;\u00e1gua<\/li>\n<li>Logo: Logo do cliente<\/li>\n<li>Quantidade m\u00ednima: 300<\/li>\n<li>Tamanho: 5L\/10L\/15L\/20L\/30L\/40L\/50L ect.<\/li>\n<li>amostra: Dispon\u00edvel<\/li>\n<\/ul>\n<h2>Caracter\u00edsticas<\/h2>\n<ul>\n<li>A mochila de saco seco \u00e9 constru\u00edda com material \u00e0 prova d&#039;\u00e1gua que \u00e9 \u00e0 prova de arranh\u00f5es e de alto desempenho, garantindo que nenhuma \u00e1gua entre no topo do saco seco para manter seu equipamento de acampamento seco durante a aventura. Sua mochila seca \u00e0 prova d&#039;\u00e1gua \u00e9 duplamente refor\u00e7ada em todos os principais pontos de press\u00e3o para que seja dur\u00e1vel o suficiente e resistente ao desgaste. Definitivamente seria sua escolha para qualquer ambiente dif\u00edcil que voc\u00ea possa encontrar.<\/li>\n<li>Conecte a fivela superior e estique a al\u00e7a para evitar que seu equipamento fique molhado. Cada saco seco fornece um aperto de m\u00e3o firme de largura para sua conveni\u00eancia. Design Humanizado: Nossa nova mochila seca especial vem em uma escolha de 4 cores diferentes, cada uma com o sistema de transporte de design de favo de mel. Este \u00e9 um sistema personaliz\u00e1vel e confort\u00e1vel que suporta as costas atrav\u00e9s de um design mec\u00e2nico ergon\u00f4mico para tornar a experi\u00eancia do usu\u00e1rio mais agrad\u00e1vel. Al\u00e9m disso, tamb\u00e9m colocamos a faixa refletiva nesta bolsa seca \u00e0 prova d&#039;\u00e1gua, que \u00e9 altamente vis\u00edvel \u00e0 noite ou em condi\u00e7\u00f5es de pouca luz. Isso significa que sua seguran\u00e7a est\u00e1 garantida.<\/li>\n<li>Bolso externo e bolso interno: sua mochila imperme\u00e1vel vem com uma bolsa externa \u00e0 prova de respingos e uma bolsa interna, permitindo que voc\u00ea mantenha suas coisas organizadas para maior conveni\u00eancia. A bolsa externa frontal desta bolsa seca cont\u00e9m itens essenciais como uma faca, uma lanterna e pertences pessoais para seu acesso r\u00e1pido em caso de emerg\u00eancia. A bolsa interna ajuda a armazenar esses itens de alto valor para evitar que sejam roubados, como telefones, cart\u00f5es, carteira.<\/li>\n<li>Multi-Uso: Nossa bolsa seca imperme\u00e1vel \u00e9 perfeita para uma enorme variedade de atividades ao ar livre, como caminhadas, camping, escalada, ciclismo, at\u00e9 esportes aqu\u00e1ticos como flutua\u00e7\u00e3o, caiaque, nata\u00e7\u00e3o, rafting, passeios de barco, canoagem, pesca, surf, remo\u2026 tudo adequado!<\/li>\n<\/ul>\n<p><img fetchpriority=\"high\" decoding=\"async\" class=\"alignnone size-full wp-image-2870\" src=\"https:\/\/precisebag.com\/wp-content\/uploads\/2022\/09\/\u8be6\u60c5\u98751.webp\" alt=\"bolsa seca imperme\u00e1vel flutuante leve esportiva de viagem com logotipo\" width=\"790\" height=\"975\" srcset=\"https:\/\/precisebag.com\/wp-content\/uploads\/2022\/09\/\u8be6\u60c5\u98751.webp 790w, https:\/\/precisebag.com\/wp-content\/uploads\/2022\/09\/\u8be6\u60c5\u98751-243x300.webp 243w, https:\/\/precisebag.com\/wp-content\/uploads\/2022\/09\/\u8be6\u60c5\u98751-768x948.webp 768w, https:\/\/precisebag.com\/wp-content\/uploads\/2022\/09\/\u8be6\u60c5\u98751-10x12.webp 10w, https:\/\/precisebag.com\/wp-content\/uploads\/2022\/09\/\u8be6\u60c5\u98751-600x741.webp 600w\" sizes=\"(max-width: 790px) 100vw, 790px\" \/> <img decoding=\"async\" class=\"alignnone size-full wp-image-2869\" src=\"https:\/\/precisebag.com\/wp-content\/uploads\/2022\/09\/Lightweight-Travel-Sport-Floating-Waterproof-Dry-Bag-with-Logo-4.webp\" alt=\"bolsa seca imperme\u00e1vel flutuante leve esportiva de viagem com logotipo\" width=\"790\" height=\"958\" srcset=\"https:\/\/precisebag.com\/wp-content\/uploads\/2022\/09\/Lightweight-Travel-Sport-Floating-Waterproof-Dry-Bag-with-Logo-4.webp 790w, https:\/\/precisebag.com\/wp-content\/uploads\/2022\/09\/Lightweight-Travel-Sport-Floating-Waterproof-Dry-Bag-with-Logo-4-247x300.webp 247w, https:\/\/precisebag.com\/wp-content\/uploads\/2022\/09\/Lightweight-Travel-Sport-Floating-Waterproof-Dry-Bag-with-Logo-4-768x931.webp 768w, https:\/\/precisebag.com\/wp-content\/uploads\/2022\/09\/Lightweight-Travel-Sport-Floating-Waterproof-Dry-Bag-with-Logo-4-10x12.webp 10w, https:\/\/precisebag.com\/wp-content\/uploads\/2022\/09\/Lightweight-Travel-Sport-Floating-Waterproof-Dry-Bag-with-Logo-4-600x728.webp 600w\" sizes=\"(max-width: 790px) 100vw, 790px\" \/> <img decoding=\"async\" class=\"alignnone size-full wp-image-2867\" src=\"https:\/\/precisebag.com\/wp-content\/uploads\/2022\/09\/Lightweight-Travel-Sport-Floating-Waterproof-Dry-Bag-with-Logo-3.webp\" alt=\"bolsa seca imperme\u00e1vel flutuante leve esportiva de viagem com logotipo\" width=\"790\" height=\"2261\" srcset=\"https:\/\/precisebag.com\/wp-content\/uploads\/2022\/09\/Lightweight-Travel-Sport-Floating-Waterproof-Dry-Bag-with-Logo-3.webp 790w, https:\/\/precisebag.com\/wp-content\/uploads\/2022\/09\/Lightweight-Travel-Sport-Floating-Waterproof-Dry-Bag-with-Logo-3-105x300.webp 105w, https:\/\/precisebag.com\/wp-content\/uploads\/2022\/09\/Lightweight-Travel-Sport-Floating-Waterproof-Dry-Bag-with-Logo-3-358x1024.webp 358w, https:\/\/precisebag.com\/wp-content\/uploads\/2022\/09\/Lightweight-Travel-Sport-Floating-Waterproof-Dry-Bag-with-Logo-3-768x2198.webp 768w, https:\/\/precisebag.com\/wp-content\/uploads\/2022\/09\/Lightweight-Travel-Sport-Floating-Waterproof-Dry-Bag-with-Logo-3-537x1536.webp 537w, https:\/\/precisebag.com\/wp-content\/uploads\/2022\/09\/Lightweight-Travel-Sport-Floating-Waterproof-Dry-Bag-with-Logo-3-716x2048.webp 716w, https:\/\/precisebag.com\/wp-content\/uploads\/2022\/09\/Lightweight-Travel-Sport-Floating-Waterproof-Dry-Bag-with-Logo-3-4x12.webp 4w, https:\/\/precisebag.com\/wp-content\/uploads\/2022\/09\/Lightweight-Travel-Sport-Floating-Waterproof-Dry-Bag-with-Logo-3-600x1717.webp 600w\" sizes=\"(max-width: 790px) 100vw, 790px\" \/> <img loading=\"lazy\" decoding=\"async\" class=\"alignnone size-full wp-image-2865\" src=\"https:\/\/precisebag.com\/wp-content\/uploads\/2022\/09\/Lightweight-Travel-Sport-Floating-Waterproof-Dry-Bag-with-Logo-2.webp\" alt=\"bolsa seca imperme\u00e1vel flutuante leve esportiva de viagem com logotipo\" width=\"790\" height=\"1728\" srcset=\"https:\/\/precisebag.com\/wp-content\/uploads\/2022\/09\/Lightweight-Travel-Sport-Floating-Waterproof-Dry-Bag-with-Logo-2.webp 790w, https:\/\/precisebag.com\/wp-content\/uploads\/2022\/09\/Lightweight-Travel-Sport-Floating-Waterproof-Dry-Bag-with-Logo-2-137x300.webp 137w, https:\/\/precisebag.com\/wp-content\/uploads\/2022\/09\/Lightweight-Travel-Sport-Floating-Waterproof-Dry-Bag-with-Logo-2-468x1024.webp 468w, https:\/\/precisebag.com\/wp-content\/uploads\/2022\/09\/Lightweight-Travel-Sport-Floating-Waterproof-Dry-Bag-with-Logo-2-768x1680.webp 768w, https:\/\/precisebag.com\/wp-content\/uploads\/2022\/09\/Lightweight-Travel-Sport-Floating-Waterproof-Dry-Bag-with-Logo-2-702x1536.webp 702w, https:\/\/precisebag.com\/wp-content\/uploads\/2022\/09\/Lightweight-Travel-Sport-Floating-Waterproof-Dry-Bag-with-Logo-2-5x12.webp 5w, https:\/\/precisebag.com\/wp-content\/uploads\/2022\/09\/Lightweight-Travel-Sport-Floating-Waterproof-Dry-Bag-with-Logo-2-600x1312.webp 600w\" sizes=\"(max-width: 790px) 100vw, 790px\" \/> <img loading=\"lazy\" decoding=\"async\" class=\"alignnone size-full wp-image-2863\" src=\"https:\/\/precisebag.com\/wp-content\/uploads\/2022\/09\/Lightweight-Travel-Sport-Floating-Waterproof-Dry-Bag-with-Logo-1.webp\" alt=\"bolsa seca imperme\u00e1vel flutuante leve esportiva de viagem com logotipo\" width=\"790\" height=\"1479\" srcset=\"https:\/\/precisebag.com\/wp-content\/uploads\/2022\/09\/Lightweight-Travel-Sport-Floating-Waterproof-Dry-Bag-with-Logo-1.webp 790w, https:\/\/precisebag.com\/wp-content\/uploads\/2022\/09\/Lightweight-Travel-Sport-Floating-Waterproof-Dry-Bag-with-Logo-1-160x300.webp 160w, https:\/\/precisebag.com\/wp-content\/uploads\/2022\/09\/Lightweight-Travel-Sport-Floating-Waterproof-Dry-Bag-with-Logo-1-547x1024.webp 547w, https:\/\/precisebag.com\/wp-content\/uploads\/2022\/09\/Lightweight-Travel-Sport-Floating-Waterproof-Dry-Bag-with-Logo-1-768x1438.webp 768w, https:\/\/precisebag.com\/wp-content\/uploads\/2022\/09\/Lightweight-Travel-Sport-Floating-Waterproof-Dry-Bag-with-Logo-1-6x12.webp 6w, https:\/\/precisebag.com\/wp-content\/uploads\/2022\/09\/Lightweight-Travel-Sport-Floating-Waterproof-Dry-Bag-with-Logo-1-600x1123.webp 600w\" sizes=\"(max-width: 790px) 100vw, 790px\" \/><\/p>","protected":false},"excerpt":{"rendered":"<p>A Bolsa Seca Flutuante \u00e0 Prova D&#039;\u00e1gua Leve para Viagem Sport com Logo \u00e9 uma bolsa seca perfeita para qualquer atividade aqu\u00e1tica. \u00c9 feito de um material leve que n\u00e3o pesa quando molhado e tem um fechamento forte para manter seus pertences secos. A bolsa tamb\u00e9m flutua, por isso \u00e9 perfeita para nadar ou passear de barco. A Bolsa Seca Flutuante \u00e0 Prova D&#039; \u00c1gua Leve para Viagem com Logo tamb\u00e9m \u00e9 \u00f3tima para caminhadas ou camping, pois \u00e9 leve e f\u00e1cil de transportar. Esta bolsa \u00e9 um must-have para quem gosta de passar o tempo ao ar livre.<\/p>","protected":false},"featured_media":2866,"comment_status":"closed","ping_status":"closed","template":"","meta":{"_seopress_robots_primary_cat":"none","_seopress_titles_title":"","_seopress_titles_desc":"","_seopress_robots_index":"","site-sidebar-layout":"default","site-content-layout":"default","ast-site-content-layout":"default","site-content-style":"default","site-sidebar-style":"default","ast-global-header-display":"","ast-banner-title-visibility":"","ast-main-header-display":"","ast-hfb-above-header-display":"","ast-hfb-below-header-display":"","ast-hfb-mobile-header-display":"","site-post-title":"","ast-breadcrumbs-content":"","ast-featured-img":"","footer-sml-layout":"","theme-transparent-header-meta":"default","adv-header-id-meta":"","stick-header-meta":"","header-above-stick-meta":"","header-main-stick-meta":"","header-below-stick-meta":"","astra-migrate-meta-layouts":"default","ast-page-background-enabled":"default","ast-page-background-meta":{"desktop":{"background-color":"","background-image":"","background-repeat":"repeat","background-position":"center center","background-size":"auto","background-attachment":"scroll","background-type":"","background-media":"","overlay-type":"","overlay-color":"","overlay-opacity":"","overlay-gradient":""},"tablet":{"background-color":"","background-image":"","background-repeat":"repeat","background-position":"center center","background-size":"auto","background-attachment":"scroll","background-type":"","background-media":"","overlay-type":"","overlay-color":"","overlay-opacity":"","overlay-gradient":""},"mobile":{"background-color":"","background-image":"","background-repeat":"repeat","background-position":"center center","background-size":"auto","background-attachment":"scroll","background-type":"","background-media":"","overlay-type":"","overlay-color":"","overlay-opacity":"","overlay-gradient":""}},"ast-content-background-meta":{"desktop":{"background-color":"var(--ast-global-color-5)","background-image":"","background-repeat":"repeat","background-position":"center center","background-size":"auto","background-attachment":"scroll","background-type":"","background-media":"","overlay-type":"","overlay-color":"","overlay-opacity":"","overlay-gradient":""},"tablet":{"background-color":"var(--ast-global-color-5)","background-image":"","background-repeat":"repeat","background-position":"center center","background-size":"auto","background-attachment":"scroll","background-type":"","background-media":"","overlay-type":"","overlay-color":"","overlay-opacity":"","overlay-gradient":""},"mobile":{"background-color":"var(--ast-global-color-5)","background-image":"","background-repeat":"repeat","background-position":"center center","background-size":"auto","background-attachment":"scroll","background-type":"","background-media":"","overlay-type":"","overlay-color":"","overlay-opacity":"","overlay-gradient":""}}},"product_brand":[],"product_cat":[40],"product_tag":[],"class_list":{"0":"post-2859","1":"product","2":"type-product","3":"status-publish","4":"has-post-thumbnail","6":"product_cat-drybag","7":"desktop-align-left","8":"tablet-align-left","9":"mobile-align-left","11":"first","12":"instock","13":"shipping-taxable","14":"product-type-simple"},"_links":{"self":[{"href":"https:\/\/precisebag.com\/pt\/wp-json\/wp\/v2\/product\/2859","targetHints":{"allow":["GET"]}}],"collection":[{"href":"https:\/\/precisebag.com\/pt\/wp-json\/wp\/v2\/product"}],"about":[{"href":"https:\/\/precisebag.com\/pt\/wp-json\/wp\/v2\/types\/product"}],"replies":[{"embeddable":true,"href":"https:\/\/precisebag.com\/pt\/wp-json\/wp\/v2\/comments?post=2859"}],"wp:featuredmedia":[{"embeddable":true,"href":"https:\/\/precisebag.com\/pt\/wp-json\/wp\/v2\/media\/2866"}],"wp:attachment":[{"href":"https:\/\/precisebag.com\/pt\/wp-json\/wp\/v2\/media?parent=2859"}],"wp:term":[{"taxonomy":"product_brand","embeddable":true,"href":"https:\/\/precisebag.com\/pt\/wp-json\/wp\/v2\/product_brand?post=2859"},{"taxonomy":"product_cat","embeddable":true,"href":"https:\/\/precisebag.com\/pt\/wp-json\/wp\/v2\/product_cat?post=2859"},{"taxonomy":"product_tag","embeddable":true,"href":"https:\/\/precisebag.com\/pt\/wp-json\/wp\/v2\/product_tag?post=2859"}],"curies":[{"name":"wp","href":"https:\/\/api.w.org\/{rel}","templated":true}]}}