{"id":2874,"date":"2022-09-08T11:25:32","date_gmt":"2022-09-08T11:25:32","guid":{"rendered":"https:\/\/precisebag.com\/?post_type=product&#038;p=2874"},"modified":"2022-09-08T11:27:01","modified_gmt":"2022-09-08T11:27:01","slug":"swimming-kayaking-boating-camping-floating-waterproof-dry-bag-backpack","status":"publish","type":"product","link":"https:\/\/precisebag.com\/pt\/produto\/swimming-kayaking-boating-camping-floating-waterproof-dry-bag-backpack\/","title":{"rendered":"Nata\u00e7\u00e3o Caiaque Canoagem Acampamento Mochila Seca Imperme\u00e1vel Flutuante Mochila"},"content":{"rendered":"<h2><strong><b>Detalhes r\u00e1pidos<\/b><\/strong><\/h2>\n<ul>\n<li>Lugar de Origem: Jiangsu, China<\/li>\n<li>Nome da marca: oem\/odm<\/li>\n<li>Nome do produto: Saco Seco Imperme\u00e1vel<\/li>\n<li>Material: PVC\/TUP\/Nylon<\/li>\n<li>Uso: Acampamento Ao Ar Livre Caminhadas Viajar<\/li>\n<li>Cor: Cor personalizada<\/li>\n<li>Caracter\u00edstica: \u00c0 prova d&#039;\u00e1gua<\/li>\n<li>Logo: Logo do cliente<\/li>\n<li>Quantidade m\u00ednima: 300<\/li>\n<li>Tamanho: 5L\/10L\/15L\/20L\/30L\/40L\/50L ect.<\/li>\n<li>amostra: Dispon\u00edvel<\/li>\n<li>ENVIO: DHL\\EMS\\UPS\\FEDEX\\pelo mar\\pelo ar<\/li>\n<\/ul>\n<h2>Caracter\u00edsticas<\/h2>\n<ol>\n<li>As costuras estanques e soldadas e a parte superior retr\u00e1til fornecem prote\u00e7\u00e3o IPX-6 para seu equipamento em uma variedade de esportes e atividades ao ar livre.<\/li>\n<li>ACESSO R\u00c1PIDO A DINHEIRO E ID: O bolso externo guarda com seguran\u00e7a pequenos itens essenciais. Voc\u00ea alcan\u00e7ar\u00e1 facilmente seus itens obrigat\u00f3rios sem ter que vasculhar sua bolsa, seja andando de caiaque, caminhando ou relaxando na praia.<\/li>\n<li>MANTEM VOC\u00ca VIS\u00cdVEL COM SEGURAN\u00c7A \u00c0 NOITE: O acabamento refletivo ao redor do z\u00edper do bolso ajuda a garantir que voc\u00ea seja visto. Al\u00e9m disso, ajuda voc\u00ea a localizar e recuperar sua bolsa se ela cair no mar.<\/li>\n<li>AL\u00c7A DE OMBRO AJUST\u00c1VEL REMOV\u00cdVEL: Coloque a al\u00e7a sobre o ombro para carregar facilmente seu equipamento em qualquer lugar. Ou prenda a al\u00e7a ao seu barco ou caiaque para manter sua bolsa convenientemente \u00e0 m\u00e3o.<\/li>\n<\/ol>","protected":false},"excerpt":{"rendered":"<p>Nata\u00e7\u00e3o, caiaque, canoagem, camping e flutua\u00e7\u00e3o s\u00e3o todas as atividades que podem ser desfrutadas com uma mochila flutuante imperme\u00e1vel e imperme\u00e1vel. Este tipo de bolsa foi projetada para manter seus pertences secos enquanto voc\u00ea aproveita a \u00e1gua. A bolsa \u00e9 feita de um material imperme\u00e1vel e possui uma veda\u00e7\u00e3o herm\u00e9tica que impede a entrada de \u00e1gua. A bolsa tamb\u00e9m possui uma al\u00e7a confort\u00e1vel que ajuda a distribuir o peso uniformemente. Nata\u00e7\u00e3o Kayaking Boating Camping Mochila flutuante imperme\u00e1vel Dry Bag \u00e9 uma pe\u00e7a essencial de equipamento para quem gosta de passar o tempo na \u00e1gua.<\/p>","protected":false},"featured_media":2881,"comment_status":"closed","ping_status":"closed","template":"","meta":{"_seopress_robots_primary_cat":"none","_seopress_titles_title":"","_seopress_titles_desc":"","_seopress_robots_index":"","site-sidebar-layout":"default","site-content-layout":"default","ast-site-content-layout":"default","site-content-style":"default","site-sidebar-style":"default","ast-global-header-display":"","ast-banner-title-visibility":"","ast-main-header-display":"","ast-hfb-above-header-display":"","ast-hfb-below-header-display":"","ast-hfb-mobile-header-display":"","site-post-title":"","ast-breadcrumbs-content":"","ast-featured-img":"","footer-sml-layout":"","theme-transparent-header-meta":"default","adv-header-id-meta":"","stick-header-meta":"","header-above-stick-meta":"","header-main-stick-meta":"","header-below-stick-meta":"","astra-migrate-meta-layouts":"default","ast-page-background-enabled":"default","ast-page-background-meta":{"desktop":{"background-color":"","background-image":"","background-repeat":"repeat","background-position":"center center","background-size":"auto","background-attachment":"scroll","background-type":"","background-media":"","overlay-type":"","overlay-color":"","overlay-opacity":"","overlay-gradient":""},"tablet":{"background-color":"","background-image":"","background-repeat":"repeat","background-position":"center center","background-size":"auto","background-attachment":"scroll","background-type":"","background-media":"","overlay-type":"","overlay-color":"","overlay-opacity":"","overlay-gradient":""},"mobile":{"background-color":"","background-image":"","background-repeat":"repeat","background-position":"center center","background-size":"auto","background-attachment":"scroll","background-type":"","background-media":"","overlay-type":"","overlay-color":"","overlay-opacity":"","overlay-gradient":""}},"ast-content-background-meta":{"desktop":{"background-color":"var(--ast-global-color-5)","background-image":"","background-repeat":"repeat","background-position":"center center","background-size":"auto","background-attachment":"scroll","background-type":"","background-media":"","overlay-type":"","overlay-color":"","overlay-opacity":"","overlay-gradient":""},"tablet":{"background-color":"var(--ast-global-color-5)","background-image":"","background-repeat":"repeat","background-position":"center center","background-size":"auto","background-attachment":"scroll","background-type":"","background-media":"","overlay-type":"","overlay-color":"","overlay-opacity":"","overlay-gradient":""},"mobile":{"background-color":"var(--ast-global-color-5)","background-image":"","background-repeat":"repeat","background-position":"center center","background-size":"auto","background-attachment":"scroll","background-type":"","background-media":"","overlay-type":"","overlay-color":"","overlay-opacity":"","overlay-gradient":""}}},"product_brand":[],"product_cat":[40],"product_tag":[],"class_list":{"0":"post-2874","1":"product","2":"type-product","3":"status-publish","4":"has-post-thumbnail","6":"product_cat-drybag","7":"desktop-align-left","8":"tablet-align-left","9":"mobile-align-left","11":"first","12":"instock","13":"shipping-taxable","14":"product-type-simple"},"_links":{"self":[{"href":"https:\/\/precisebag.com\/pt\/wp-json\/wp\/v2\/product\/2874","targetHints":{"allow":["GET"]}}],"collection":[{"href":"https:\/\/precisebag.com\/pt\/wp-json\/wp\/v2\/product"}],"about":[{"href":"https:\/\/precisebag.com\/pt\/wp-json\/wp\/v2\/types\/product"}],"replies":[{"embeddable":true,"href":"https:\/\/precisebag.com\/pt\/wp-json\/wp\/v2\/comments?post=2874"}],"wp:featuredmedia":[{"embeddable":true,"href":"https:\/\/precisebag.com\/pt\/wp-json\/wp\/v2\/media\/2881"}],"wp:attachment":[{"href":"https:\/\/precisebag.com\/pt\/wp-json\/wp\/v2\/media?parent=2874"}],"wp:term":[{"taxonomy":"product_brand","embeddable":true,"href":"https:\/\/precisebag.com\/pt\/wp-json\/wp\/v2\/product_brand?post=2874"},{"taxonomy":"product_cat","embeddable":true,"href":"https:\/\/precisebag.com\/pt\/wp-json\/wp\/v2\/product_cat?post=2874"},{"taxonomy":"product_tag","embeddable":true,"href":"https:\/\/precisebag.com\/pt\/wp-json\/wp\/v2\/product_tag?post=2874"}],"curies":[{"name":"wp","href":"https:\/\/api.w.org\/{rel}","templated":true}]}}