{"id":2904,"date":"2023-11-14T12:39:05","date_gmt":"2023-11-14T12:39:05","guid":{"rendered":"https:\/\/precisebag.com\/?post_type=product&#038;p=2904"},"modified":"2023-11-14T12:39:08","modified_gmt":"2023-11-14T12:39:08","slug":"laundry-bag","status":"publish","type":"product","link":"https:\/\/precisebag.com\/pt\/produto\/laundry-bag\/","title":{"rendered":"Saco de roupa suja"},"content":{"rendered":"<p>Os sacos pesados para lavanderia comercial e industrial s\u00e3o projetados para suportar os rigores das opera\u00e7\u00f5es de lavanderia de alto volume, como aquelas encontradas em hot\u00e9is, hospitais, restaurantes e outros neg\u00f3cios. Essas sacolas s\u00e3o normalmente feitas de materiais dur\u00e1veis e apresentam costuras e al\u00e7as refor\u00e7adas para garantir que possam lidar com cargas pesadas de roupa sem rasgar ou quebrar. Em ambientes comerciais como hot\u00e9is, lavanderias, hospitais e academias, o manuseio de grandes volumes de roupa exige solu\u00e7\u00f5es dur\u00e1veis e confi\u00e1veis.<\/p>\n<h2><strong><b>Saco de lavanderia industrial comercial resistente<\/b><\/strong><strong><b>\u00a0<\/b><\/strong><\/h2>\n<h2><strong><b>Descri\u00e7\u00e3o<\/b><\/strong><\/h2>\n<p>Os sacos pesados para lavanderia comercial e industrial s\u00e3o projetados para suportar os rigores das opera\u00e7\u00f5es de lavanderia de alto volume, como aquelas encontradas em hot\u00e9is, hospitais, restaurantes e outros neg\u00f3cios. Essas sacolas s\u00e3o normalmente feitas de materiais dur\u00e1veis e apresentam costuras e al\u00e7as refor\u00e7adas para garantir que possam lidar com cargas pesadas de roupa sem rasgar ou quebrar. Em ambientes comerciais como hot\u00e9is, lavanderias, hospitais e academias, o manuseio de grandes volumes de roupa exige solu\u00e7\u00f5es dur\u00e1veis e confi\u00e1veis.<\/p>\n<h2><strong><b>Informa\u00e7\u00f5es adicionais<\/b><\/strong><\/h2>\n<table>\n<tbody>\n<tr>\n<td width=\"426\">Tamanho<\/td>\n<td width=\"426\">Aceitar personalizado<\/td>\n<\/tr>\n<tr>\n<td width=\"426\">Prazo de entrega<\/td>\n<td width=\"426\">Cerca de 30 dias<\/td>\n<\/tr>\n<tr>\n<td width=\"426\">Material<\/td>\n<td width=\"426\">Nylon, Poli\u00e9ster, Algod\u00e3o, PEVA, N\u00e3o Tecido\u2026<\/td>\n<\/tr>\n<tr>\n<td width=\"426\">MOQ<\/td>\n<td width=\"426\">1000 unidades<\/td>\n<\/tr>\n<tr>\n<td width=\"426\">Origem<\/td>\n<td width=\"426\">Feito na china<\/td>\n<\/tr>\n<tr>\n<td width=\"426\">Termo de pagamento<\/td>\n<td width=\"426\">T\/T, L\/C, Paypal, etc.<\/td>\n<\/tr>\n<\/tbody>\n<\/table>\n<h2><strong><b>Porque escolher-nos?<\/b><\/strong><\/h2>\n<ul>\n<li><b><\/b><strong><b>alta qualidade e confiabilidade<\/b><\/strong><\/li>\n<li><b><\/b><strong><b>Atendimento ao cliente excepcional<\/b><\/strong><\/li>\n<li><b><\/b><strong><b>Pre\u00e7os competitivos<\/b><\/strong><\/li>\n<li><b><\/b><strong><b>Costumiza\u00e7\u00e3o<\/b><\/strong><\/li>\n<li><b><\/b><strong><b>Fornecimento direto da f\u00e1brica<\/b><\/strong><\/li>\n<\/ul>\n<h2><strong><b>Saco de lavanderia industrial comercial resistente<\/b><\/strong><strong><b>\u00a0<\/b><\/strong><\/h2>\n<ol>\n<li>Alta capacidade e suporte de carga:Os sacos para lavanderia industrial comercial resistente possuem uma capacidade generosa, permitindo o manuseio eficiente de grandes volumes de roupa. Quer se trate de len\u00e7\u00f3is, toalhas ou uniformes, essas sacolas podem acomodar quantidades substanciais de roupa de uma s\u00f3 vez. O design espa\u00e7oso minimiza a necessidade de trocas frequentes de bolsa, economizando tempo e esfor\u00e7o. Al\u00e9m disso, as capacidades de suporte de carga destes sacos s\u00e3o impressionantes, permitindo-lhes suportar o peso de itens volumosos ou pesados sem for\u00e7ar ou rasgar.<\/li>\n<li>Versatilidade e funcionalidade multifuncional:<\/li>\n<\/ol>\n<p>Embora sejam usadas principalmente para lavanderias comerciais, as sacolas industriais comerciais resistentes oferecem versatilidade e podem servir a v\u00e1rios prop\u00f3sitos em v\u00e1rios setores. Essas sacolas s\u00e3o ideais para armazenar e transportar uma ampla variedade de itens, incluindo len\u00e7\u00f3is, toalhas, roupas de cama, uniformes e muito mais. Eles tamb\u00e9m podem ser usados para descarte de res\u00edduos ou como sacos de armazenamento de uso geral, tornando-os um recurso vers\u00e1til em ambientes comerciais.<\/p>\n<ol start=\"3\">\n<li>Costuras Refor\u00e7adas: Os sacos para lavanderia industrial possuem costuras e costuras refor\u00e7adas para evitar que rasguem ou se quebrem, mesmo no transporte de cargas pesadas.<\/li>\n<li>Material: Esses sacos para roupa suja geralmente s\u00e3o feitos de materiais resistentes, como n\u00e1ilon, poli\u00e9ster, lona ou oxford. A escolha do material depende dos requisitos espec\u00edficos da lavanderia e dos tipos de itens a serem lavados.<\/li>\n<\/ol>\n<p><img fetchpriority=\"high\" decoding=\"async\" class=\"size-full wp-image-2903 aligncenter\" src=\"https:\/\/precisebag.com\/wp-content\/uploads\/2023\/11\/certificate1.png\" alt=\"saco de vinho mais frio, saco de vinho\" width=\"1200\" height=\"450\" srcset=\"https:\/\/precisebag.com\/wp-content\/uploads\/2023\/11\/certificate1.png 1200w, https:\/\/precisebag.com\/wp-content\/uploads\/2023\/11\/certificate1-300x113.png 300w, https:\/\/precisebag.com\/wp-content\/uploads\/2023\/11\/certificate1-1024x384.png 1024w, https:\/\/precisebag.com\/wp-content\/uploads\/2023\/11\/certificate1-768x288.png 768w, https:\/\/precisebag.com\/wp-content\/uploads\/2023\/11\/certificate1-18x7.png 18w, https:\/\/precisebag.com\/wp-content\/uploads\/2023\/11\/certificate1-600x225.png 600w\" sizes=\"(max-width: 1200px) 100vw, 1200px\" \/><\/p>","protected":false},"excerpt":{"rendered":"<p>Os sacos pesados para lavanderia comercial e industrial s\u00e3o projetados para suportar os rigores das opera\u00e7\u00f5es de lavanderia de alto volume, como aquelas encontradas em hot\u00e9is, hospitais, restaurantes e outros neg\u00f3cios. Essas sacolas s\u00e3o normalmente feitas de materiais dur\u00e1veis e apresentam costuras e al\u00e7as refor\u00e7adas para garantir que possam lidar com cargas pesadas de roupa sem rasgar ou quebrar. Em ambientes comerciais como hot\u00e9is, lavanderias, hospitais e academias, o manuseio de grandes volumes de roupa exige solu\u00e7\u00f5es dur\u00e1veis e confi\u00e1veis.<\/p>","protected":false},"featured_media":2909,"comment_status":"closed","ping_status":"closed","template":"","meta":{"_seopress_robots_primary_cat":"","_seopress_titles_title":"","_seopress_titles_desc":"","_seopress_robots_index":"","site-sidebar-layout":"default","site-content-layout":"default","ast-site-content-layout":"default","site-content-style":"default","site-sidebar-style":"default","ast-global-header-display":"","ast-banner-title-visibility":"","ast-main-header-display":"","ast-hfb-above-header-display":"","ast-hfb-below-header-display":"","ast-hfb-mobile-header-display":"","site-post-title":"","ast-breadcrumbs-content":"","ast-featured-img":"","footer-sml-layout":"","theme-transparent-header-meta":"default","adv-header-id-meta":"","stick-header-meta":"","header-above-stick-meta":"","header-main-stick-meta":"","header-below-stick-meta":"","astra-migrate-meta-layouts":"default","ast-page-background-enabled":"default","ast-page-background-meta":{"desktop":{"background-color":"","background-image":"","background-repeat":"repeat","background-position":"center center","background-size":"auto","background-attachment":"scroll","background-type":"","background-media":"","overlay-type":"","overlay-color":"","overlay-opacity":"","overlay-gradient":""},"tablet":{"background-color":"","background-image":"","background-repeat":"repeat","background-position":"center center","background-size":"auto","background-attachment":"scroll","background-type":"","background-media":"","overlay-type":"","overlay-color":"","overlay-opacity":"","overlay-gradient":""},"mobile":{"background-color":"","background-image":"","background-repeat":"repeat","background-position":"center center","background-size":"auto","background-attachment":"scroll","background-type":"","background-media":"","overlay-type":"","overlay-color":"","overlay-opacity":"","overlay-gradient":""}},"ast-content-background-meta":{"desktop":{"background-color":"var(--ast-global-color-5)","background-image":"","background-repeat":"repeat","background-position":"center center","background-size":"auto","background-attachment":"scroll","background-type":"","background-media":"","overlay-type":"","overlay-color":"","overlay-opacity":"","overlay-gradient":""},"tablet":{"background-color":"var(--ast-global-color-5)","background-image":"","background-repeat":"repeat","background-position":"center center","background-size":"auto","background-attachment":"scroll","background-type":"","background-media":"","overlay-type":"","overlay-color":"","overlay-opacity":"","overlay-gradient":""},"mobile":{"background-color":"var(--ast-global-color-5)","background-image":"","background-repeat":"repeat","background-position":"center center","background-size":"auto","background-attachment":"scroll","background-type":"","background-media":"","overlay-type":"","overlay-color":"","overlay-opacity":"","overlay-gradient":""}}},"product_brand":[],"product_cat":[16],"product_tag":[],"class_list":{"0":"post-2904","1":"product","2":"type-product","3":"status-publish","4":"has-post-thumbnail","6":"product_cat-uncategorized","7":"desktop-align-left","8":"tablet-align-left","9":"mobile-align-left","11":"first","12":"instock","13":"shipping-taxable","14":"product-type-simple"},"_links":{"self":[{"href":"https:\/\/precisebag.com\/pt\/wp-json\/wp\/v2\/product\/2904","targetHints":{"allow":["GET"]}}],"collection":[{"href":"https:\/\/precisebag.com\/pt\/wp-json\/wp\/v2\/product"}],"about":[{"href":"https:\/\/precisebag.com\/pt\/wp-json\/wp\/v2\/types\/product"}],"replies":[{"embeddable":true,"href":"https:\/\/precisebag.com\/pt\/wp-json\/wp\/v2\/comments?post=2904"}],"wp:featuredmedia":[{"embeddable":true,"href":"https:\/\/precisebag.com\/pt\/wp-json\/wp\/v2\/media\/2909"}],"wp:attachment":[{"href":"https:\/\/precisebag.com\/pt\/wp-json\/wp\/v2\/media?parent=2904"}],"wp:term":[{"taxonomy":"product_brand","embeddable":true,"href":"https:\/\/precisebag.com\/pt\/wp-json\/wp\/v2\/product_brand?post=2904"},{"taxonomy":"product_cat","embeddable":true,"href":"https:\/\/precisebag.com\/pt\/wp-json\/wp\/v2\/product_cat?post=2904"},{"taxonomy":"product_tag","embeddable":true,"href":"https:\/\/precisebag.com\/pt\/wp-json\/wp\/v2\/product_tag?post=2904"}],"curies":[{"name":"wp","href":"https:\/\/api.w.org\/{rel}","templated":true}]}}