{"id":2913,"date":"2023-11-14T13:16:04","date_gmt":"2023-11-14T13:16:04","guid":{"rendered":"https:\/\/precisebag.com\/?post_type=product&#038;p=2913"},"modified":"2023-11-14T13:16:06","modified_gmt":"2023-11-14T13:16:06","slug":"canvas-tote-bag","status":"publish","type":"product","link":"https:\/\/precisebag.com\/pt\/produto\/canvas-tote-bag\/","title":{"rendered":"Bolsa de lona"},"content":{"rendered":"<p>A sacola de lona de algod\u00e3o \u00e9 mais do que apenas um acess\u00f3rio moderno; \u00e9 um s\u00edmbolo do consumismo consciente e da moda sustent\u00e1vel. Sua sustentabilidade, durabilidade, versatilidade e facilidade de manuten\u00e7\u00e3o a tornaram uma das favoritas entre os indiv\u00edduos ecologicamente conscientes e aqueles que procuram uma bolsa elegante e confi\u00e1vel para o uso di\u00e1rio. As sacolas de lona de algod\u00e3o macias e dur\u00e1veis s\u00e3o uma op\u00e7\u00e3o pr\u00e1tica, elegante e ecol\u00f3gica para o uso di\u00e1rio. Eles s\u00e3o feitos de lona de algod\u00e3o de alta qualidade, macio e dur\u00e1vel, o que os torna um \u00f3timo investimento que durar\u00e1 por muitos anos.<\/p>\n<h2><strong><b>Informa\u00e7\u00f5es adicionais<\/b><\/strong><\/h2>\n<table>\n<tbody>\n<tr>\n<td width=\"426\">Tamanho<\/td>\n<td width=\"426\">Personalizado<\/td>\n<\/tr>\n<tr>\n<td width=\"426\">Prazo de entrega<\/td>\n<td width=\"426\">30 dias<\/td>\n<\/tr>\n<tr>\n<td width=\"426\">Cor<\/td>\n<td width=\"426\">Branco, preto, cinza ou personalizado<\/td>\n<\/tr>\n<tr>\n<td width=\"426\">MOQ<\/td>\n<td width=\"426\">1000 unidades<\/td>\n<\/tr>\n<tr>\n<td width=\"426\">Material<\/td>\n<td width=\"426\">Tela<\/td>\n<\/tr>\n<tr>\n<td width=\"426\">Termo de pagamento<\/td>\n<td width=\"426\">T\/T, L\/C, Paypal, etc.<\/td>\n<\/tr>\n<\/tbody>\n<\/table>\n<h2><strong><b>Porque escolher-nos?<\/b><\/strong><\/h2>\n<ul>\n<li><b><\/b><strong><b>Reutiliz\u00e1vel <\/b><\/strong><\/li>\n<li><b><\/b><strong><b>Amigo do ambiente<\/b><\/strong><\/li>\n<li><b><\/b><strong><b>Pre\u00e7os competitivos<\/b><\/strong><\/li>\n<li><b><\/b><strong><b>Costumiza\u00e7\u00e3o<\/b><\/strong><\/li>\n<li><b><\/b><strong><b>Fornecimento direto da f\u00e1brica<\/b><\/strong><\/li>\n<\/ul>\n<h2><strong><b>Sacola de lona de algod\u00e3o<\/b><\/strong><strong><b>\u00a0<\/b><\/strong><\/h2>\n<ol>\n<li>Sustent\u00e1vel: As sacolas de lona de algod\u00e3o s\u00e3o um s\u00edmbolo de sustentabilidade. Feitos de materiais naturais e renov\u00e1veis, est\u00e3o muito longe dos sacos pl\u00e1sticos nocivos que poluem o nosso ambiente. Escolher lona de algod\u00e3o em vez de sacolas pl\u00e1sticas descart\u00e1veis \u00e9 um passo simples, mas impactante, para reduzir sua pegada de carbono e apoiar pr\u00e1ticas de moda sustent\u00e1veis.<\/li>\n<li>Durabilidade: Estas bolsas s\u00e3o feitas para durar. Ao contr\u00e1rio dos sacos pl\u00e1sticos fr\u00e1geis que muitas vezes rasgam sob esfor\u00e7o m\u00ednimo, as sacolas de lona de algod\u00e3o s\u00e3o feitas de materiais resistentes que podem suportar o uso pesado.<\/li>\n<li>Vers\u00e1til e elegante: as sacolas de lona de algod\u00e3o v\u00eam em uma variedade de designs e tamanhos elegantes para atender a v\u00e1rios gostos e necessidades. De designs simples e cl\u00e1ssicos a estampas vibrantes e art\u00edsticas, h\u00e1 uma bolsa de lona de algod\u00e3o para todos. Esteja voc\u00ea indo ao supermercado, \u00e0 praia, a um piquenique ou a uma maratona de compras, h\u00e1 uma bolsa de lona que complementa seu estilo e se adapta \u00e0 ocasi\u00e3o.<\/li>\n<li>F\u00e1cil de limpar: Limpar e manter sacolas de lona de algod\u00e3o \u00e9 muito f\u00e1cil. Muitos deles s\u00e3o lav\u00e1veis na m\u00e1quina ou podem ser facilmente limpos, garantindo que permane\u00e7am em perfeitas condi\u00e7\u00f5es ao longo do tempo. A capacidade de mant\u00ea-los limpos ajuda a evitar odores ou contamina\u00e7\u00e3o de seus mantimentos, tornando-os uma escolha confi\u00e1vel para o uso di\u00e1rio.<\/li>\n<\/ol>\n<p>&nbsp;<\/p>","protected":false},"excerpt":{"rendered":"<p>A sacola de lona de algod\u00e3o \u00e9 mais do que apenas um acess\u00f3rio moderno; \u00e9 um s\u00edmbolo do consumismo consciente e da moda sustent\u00e1vel. Sua sustentabilidade, durabilidade, versatilidade e facilidade de manuten\u00e7\u00e3o a tornaram uma das favoritas entre os indiv\u00edduos ecologicamente conscientes e aqueles que procuram uma bolsa elegante e confi\u00e1vel para o uso di\u00e1rio. As sacolas de lona de algod\u00e3o macias e dur\u00e1veis s\u00e3o uma op\u00e7\u00e3o pr\u00e1tica, elegante e ecol\u00f3gica para o uso di\u00e1rio. Eles s\u00e3o feitos de lona de algod\u00e3o de alta qualidade, macio e dur\u00e1vel, o que os torna um \u00f3timo investimento que durar\u00e1 por muitos anos.<\/p>","protected":false},"featured_media":2918,"comment_status":"closed","ping_status":"closed","template":"","meta":{"_seopress_robots_primary_cat":"","_seopress_titles_title":"","_seopress_titles_desc":"","_seopress_robots_index":"","site-sidebar-layout":"default","site-content-layout":"default","ast-site-content-layout":"default","site-content-style":"default","site-sidebar-style":"default","ast-global-header-display":"","ast-banner-title-visibility":"","ast-main-header-display":"","ast-hfb-above-header-display":"","ast-hfb-below-header-display":"","ast-hfb-mobile-header-display":"","site-post-title":"","ast-breadcrumbs-content":"","ast-featured-img":"","footer-sml-layout":"","theme-transparent-header-meta":"default","adv-header-id-meta":"","stick-header-meta":"","header-above-stick-meta":"","header-main-stick-meta":"","header-below-stick-meta":"","astra-migrate-meta-layouts":"default","ast-page-background-enabled":"default","ast-page-background-meta":{"desktop":{"background-color":"","background-image":"","background-repeat":"repeat","background-position":"center center","background-size":"auto","background-attachment":"scroll","background-type":"","background-media":"","overlay-type":"","overlay-color":"","overlay-opacity":"","overlay-gradient":""},"tablet":{"background-color":"","background-image":"","background-repeat":"repeat","background-position":"center center","background-size":"auto","background-attachment":"scroll","background-type":"","background-media":"","overlay-type":"","overlay-color":"","overlay-opacity":"","overlay-gradient":""},"mobile":{"background-color":"","background-image":"","background-repeat":"repeat","background-position":"center center","background-size":"auto","background-attachment":"scroll","background-type":"","background-media":"","overlay-type":"","overlay-color":"","overlay-opacity":"","overlay-gradient":""}},"ast-content-background-meta":{"desktop":{"background-color":"var(--ast-global-color-5)","background-image":"","background-repeat":"repeat","background-position":"center center","background-size":"auto","background-attachment":"scroll","background-type":"","background-media":"","overlay-type":"","overlay-color":"","overlay-opacity":"","overlay-gradient":""},"tablet":{"background-color":"var(--ast-global-color-5)","background-image":"","background-repeat":"repeat","background-position":"center center","background-size":"auto","background-attachment":"scroll","background-type":"","background-media":"","overlay-type":"","overlay-color":"","overlay-opacity":"","overlay-gradient":""},"mobile":{"background-color":"var(--ast-global-color-5)","background-image":"","background-repeat":"repeat","background-position":"center center","background-size":"auto","background-attachment":"scroll","background-type":"","background-media":"","overlay-type":"","overlay-color":"","overlay-opacity":"","overlay-gradient":""}}},"product_brand":[],"product_cat":[16],"product_tag":[],"class_list":{"0":"post-2913","1":"product","2":"type-product","3":"status-publish","4":"has-post-thumbnail","6":"product_cat-uncategorized","7":"desktop-align-left","8":"tablet-align-left","9":"mobile-align-left","11":"first","12":"instock","13":"shipping-taxable","14":"product-type-simple"},"_links":{"self":[{"href":"https:\/\/precisebag.com\/pt\/wp-json\/wp\/v2\/product\/2913","targetHints":{"allow":["GET"]}}],"collection":[{"href":"https:\/\/precisebag.com\/pt\/wp-json\/wp\/v2\/product"}],"about":[{"href":"https:\/\/precisebag.com\/pt\/wp-json\/wp\/v2\/types\/product"}],"replies":[{"embeddable":true,"href":"https:\/\/precisebag.com\/pt\/wp-json\/wp\/v2\/comments?post=2913"}],"wp:featuredmedia":[{"embeddable":true,"href":"https:\/\/precisebag.com\/pt\/wp-json\/wp\/v2\/media\/2918"}],"wp:attachment":[{"href":"https:\/\/precisebag.com\/pt\/wp-json\/wp\/v2\/media?parent=2913"}],"wp:term":[{"taxonomy":"product_brand","embeddable":true,"href":"https:\/\/precisebag.com\/pt\/wp-json\/wp\/v2\/product_brand?post=2913"},{"taxonomy":"product_cat","embeddable":true,"href":"https:\/\/precisebag.com\/pt\/wp-json\/wp\/v2\/product_cat?post=2913"},{"taxonomy":"product_tag","embeddable":true,"href":"https:\/\/precisebag.com\/pt\/wp-json\/wp\/v2\/product_tag?post=2913"}],"curies":[{"name":"wp","href":"https:\/\/api.w.org\/{rel}","templated":true}]}}